{"id":2981,"date":"2024-10-19T17:39:29","date_gmt":"2024-10-19T17:39:29","guid":{"rendered":"https:\/\/bioparadis.com\/?post_type=product&#038;p=2981"},"modified":"2026-03-02T02:12:06","modified_gmt":"2026-03-02T02:12:06","slug":"serum-revitalisant-pour-cils-et-sourcils","status":"publish","type":"product","link":"https:\/\/bioparadis.com\/ar\/serum-revitalisant-pour-cils-et-sourcils\/","title":{"rendered":"S\u00e9rum Revitalisant pour Cils et Sourcils"},"content":{"rendered":"<h1>S\u00e9rum Revitalisant pour Cils et Sourcils \u2013 Repousse et Renforcement<\/h1>\n<p><strong>Offrez \u00e0 vos cils et sourcils un soin revitalisant complet<\/strong> avec notre s\u00e9rum sp\u00e9cialement formul\u00e9 pour stimuler la repousse des cils et renforcer les sourcils. Gr\u00e2ce \u00e0 une combinaison unique d&rsquo;ingr\u00e9dients actifs naturels, ce s\u00e9rum aide \u00e0 restaurer la densit\u00e9 et l\u2019\u00e9paisseur des cils et sourcils, pour un regard plus intense et expressif.<\/p>\n<h2>Un soin avanc\u00e9 pour cils et sourcils<\/h2>\n<p>Notre <strong>S\u00e9rum revitalisant<\/strong> est con\u00e7u pour nourrir et fortifier vos cils et sourcils, en stimulant leur croissance naturelle. Il p\u00e9n\u00e8tre en profondeur pour hydrater, renforcer et redonner de l&rsquo;\u00e9paisseur aux poils fragilis\u00e9s.<\/p>\n<h3>Les bienfaits de notre s\u00e9rum revitalisant<\/h3>\n<ul>\n<li><strong>Repousse des cils<\/strong> : Favorise la croissance des cils en leur apportant des nutriments essentiels.<\/li>\n<li><strong>Renforcement des sourcils<\/strong> : Renforce la structure des sourcils, les rendant plus \u00e9pais et r\u00e9sistants.<\/li>\n<li><strong>Nourrit en profondeur<\/strong> : Gr\u00e2ce \u00e0 des actifs hydratants, il r\u00e9pare et prot\u00e8ge les follicules.<\/li>\n<li><strong>Formule naturelle et douce<\/strong> : Adapt\u00e9e \u00e0 tous les types de peaux et de poils, y compris les plus sensibles.<\/li>\n<\/ul>\n<h2>Pourquoi choisir notre S\u00e9rum revitalisant ?<\/h2>\n<p>Ce s\u00e9rum est formul\u00e9 \u00e0 base d\u2019ingr\u00e9dients naturels et respectueux de la peau, sans produits chimiques agressifs. En quelques semaines d\u2019utilisation r\u00e9guli\u00e8re, vous remarquerez une am\u00e9lioration visible de la densit\u00e9 et de la longueur de vos cils et sourcils.<\/p>\n<h3>Mode d&#8217;emploi<\/h3>\n<p>Appliquez une petite quantit\u00e9 du s\u00e9rum directement \u00e0 la racine des cils et des sourcils, matin et soir. Laissez le produit agir et observez progressivement la transformation de vos cils et sourcils.<\/p>\n<p><a href=\"http:\/\/bioparadis.com\/ar\/\">Bioparadis<\/a> vous propose une deuxi\u00e8me pr\u00e9paration naturelle qui aide \u00e0 repousser les cheveux et aussi anti chute dans la cat\u00e9gorie nos pr\u00e9parations naturelles , comme vous pouvez nous suivre sur les r\u00e9seaux sociaux notamment sur <a href=\"http:\/\/www.instagram.com\/bioparadisma\" target=\"_blank\" rel=\"noopener\">Instagram<\/a> afin de profiter de nos offres sur site et jeu concours.<\/p>","protected":false},"excerpt":{"rendered":"<p>S\u00e9rum Revitalisant pour Cils et Sourcils \u2013 Repousse et Renforcement Offrez \u00e0 vos cils et sourcils un soin revitalisant complet avec notre s\u00e9rum sp\u00e9cialement formul\u00e9 pour stimuler la repousse des cils et renforcer les sourcils. Gr\u00e2ce \u00e0 une combinaison unique d&rsquo;ingr\u00e9dients actifs naturels, ce s\u00e9rum aide \u00e0 restaurer la densit\u00e9 et&hellip;<\/p>","protected":false},"featured_media":3013,"comment_status":"open","ping_status":"closed","template":"","meta":[],"product_brand":[],"product_cat":[69],"product_tag":[],"class_list":{"0":"post-2981","1":"product","2":"type-product","3":"status-publish","4":"has-post-thumbnail","6":"product_cat-nos-preparations-naturelles","8":"first","9":"instock","10":"taxable","11":"shipping-taxable","12":"purchasable","13":"product-type-simple"},"_links":{"self":[{"href":"https:\/\/bioparadis.com\/ar\/wp-json\/wp\/v2\/product\/2981","targetHints":{"allow":["GET"]}}],"collection":[{"href":"https:\/\/bioparadis.com\/ar\/wp-json\/wp\/v2\/product"}],"about":[{"href":"https:\/\/bioparadis.com\/ar\/wp-json\/wp\/v2\/types\/product"}],"replies":[{"embeddable":true,"href":"https:\/\/bioparadis.com\/ar\/wp-json\/wp\/v2\/comments?post=2981"}],"wp:featuredmedia":[{"embeddable":true,"href":"https:\/\/bioparadis.com\/ar\/wp-json\/wp\/v2\/media\/3013"}],"wp:attachment":[{"href":"https:\/\/bioparadis.com\/ar\/wp-json\/wp\/v2\/media?parent=2981"}],"wp:term":[{"taxonomy":"product_brand","embeddable":true,"href":"https:\/\/bioparadis.com\/ar\/wp-json\/wp\/v2\/product_brand?post=2981"},{"taxonomy":"product_cat","embeddable":true,"href":"https:\/\/bioparadis.com\/ar\/wp-json\/wp\/v2\/product_cat?post=2981"},{"taxonomy":"product_tag","embeddable":true,"href":"https:\/\/bioparadis.com\/ar\/wp-json\/wp\/v2\/product_tag?post=2981"}],"curies":[{"name":"wp","href":"https:\/\/api.w.org\/{rel}","templated":true}]}}