{"id":2980,"date":"2024-10-19T17:36:57","date_gmt":"2024-10-19T17:36:57","guid":{"rendered":"https:\/\/bioparadis.com\/?post_type=product&#038;p=2980"},"modified":"2026-02-01T17:39:22","modified_gmt":"2026-02-01T17:39:22","slug":"huile-capillaire-naturelle-repousse-et-anti-chute","status":"publish","type":"product","link":"https:\/\/bioparadis.com\/ar\/huile-capillaire-naturelle-repousse-et-anti-chute\/","title":{"rendered":"Huile Capillaire Naturelle Repousse et Anti-Chute"},"content":{"rendered":"<h1>Huile Capillaire Naturelle Bio Paradis \u2013 Repousse et Anti-Chute<\/h1>\n<p><strong>D\u00e9couvrez notre solution naturelle pour lutter contre la chute des cheveux et stimuler leur repousse.<\/strong> Depuis plus de 10 ans, Bio Paradis propose une <strong>huile capillaire<\/strong> exclusive, issue d\u2019un m\u00e9lange d\u2019huiles v\u00e9g\u00e9tales, sp\u00e9cialement formul\u00e9e pour revitaliser et fortifier les cheveux, tout en respectant votre cuir chevelu.<\/p>\n<h2>Une pr\u00e9paration sp\u00e9ciale d&rsquo;huiles naturelles<\/h2>\n<p>Cette huile capillaire est compos\u00e9e d\u2019un m\u00e9lange riche et \u00e9quilibr\u00e9 d\u2019ingr\u00e9dients 100% naturels, soigneusement s\u00e9lectionn\u00e9s pour leurs propri\u00e9t\u00e9s nourrissantes et r\u00e9g\u00e9n\u00e9rantes. Ces huiles p\u00e9n\u00e8trent profond\u00e9ment dans les follicules pileux, stimulant ainsi la croissance des cheveux et renfor\u00e7ant les racines affaiblies.<\/p>\n<h3>Bienfaits cl\u00e9s de notre huile capillaire<\/h3>\n<ul>\n<li><strong>Lutte contre la chute des cheveux<\/strong> : Freine efficacement la chute des cheveux gr\u00e2ce \u00e0 des huiles riches en nutriments.<\/li>\n<li><strong>Stimule la repousse<\/strong> : Am\u00e9liore la circulation sanguine du cuir chevelu, favorisant la pousse de nouveaux cheveux.<\/li>\n<li><strong>Hydratation en profondeur<\/strong> : Hydrate et nourrit le cuir chevelu, pr\u00e9venant la casse et le dess\u00e8chement des cheveux.<\/li>\n<li><strong>Convient \u00e0 tous les types de cheveux<\/strong> : Une formule naturelle, sans produits chimiques agressifs, adapt\u00e9e \u00e0 tous les cuirs chevelus.<\/li>\n<\/ul>\n<h2>Pourquoi choisir l&rsquo;huile capillaire Bio Paradis ?<\/h2>\n<p>Avec plus d&rsquo;une d\u00e9cennie d&rsquo;expertise, Bio Paradis vous propose une solution naturelle et \u00e9prouv\u00e9e. Sans additifs chimiques, notre huile capillaire naturelle respecte la sant\u00e9 de vos cheveux et de votre cuir chevelu, tout en offrant des r\u00e9sultats visibles apr\u00e8s quelques utilisations.<\/p>\n<h3>Mode d&#8217;emploi<\/h3>\n<p>Appliquez quelques gouttes sur le cuir chevelu et les longueurs, massez doucement pour bien faire p\u00e9n\u00e9trer. Laissez agir pendant quelques heures ou toute la nuit avant de rincer.<\/p>\n<p>&nbsp;<\/p>\n<p><a href=\"http:\/\/bioparadis.com\/ar\/\">Bioparadis<\/a> vous propose une deuxi\u00e8me pr\u00e9paration naturelle qui aide \u00e0 repousser les cils et renforcer les sourcils dans la cat\u00e9gorie nos pr\u00e9parations naturelles , comme vous pouvez nous suivre sur les r\u00e9seaux sociaux notamment sur <a href=\"http:\/\/www.instagram.com\/bioparadisma\" target=\"_blank\" rel=\"noopener\">Instagram<\/a> afin de profiter de nos offres sur site et jeu concours.<\/p>","protected":false},"excerpt":{"rendered":"<p>Huile Capillaire Naturelle Bio Paradis \u2013 Repousse et Anti-Chute D\u00e9couvrez notre solution naturelle pour lutter contre la chute des cheveux et stimuler leur repousse. Depuis plus de 10 ans, Bio Paradis propose une huile capillaire exclusive, issue d\u2019un m\u00e9lange d\u2019huiles v\u00e9g\u00e9tales, sp\u00e9cialement formul\u00e9e pour revitaliser et fortifier les cheveux, tout en&hellip;<\/p>","protected":false},"featured_media":3012,"comment_status":"open","ping_status":"closed","template":"","meta":[],"product_brand":[],"product_cat":[69],"product_tag":[],"class_list":{"0":"post-2980","1":"product","2":"type-product","3":"status-publish","4":"has-post-thumbnail","6":"product_cat-nos-preparations-naturelles","8":"first","9":"instock","10":"taxable","11":"shipping-taxable","12":"purchasable","13":"product-type-simple"},"_links":{"self":[{"href":"https:\/\/bioparadis.com\/ar\/wp-json\/wp\/v2\/product\/2980","targetHints":{"allow":["GET"]}}],"collection":[{"href":"https:\/\/bioparadis.com\/ar\/wp-json\/wp\/v2\/product"}],"about":[{"href":"https:\/\/bioparadis.com\/ar\/wp-json\/wp\/v2\/types\/product"}],"replies":[{"embeddable":true,"href":"https:\/\/bioparadis.com\/ar\/wp-json\/wp\/v2\/comments?post=2980"}],"wp:featuredmedia":[{"embeddable":true,"href":"https:\/\/bioparadis.com\/ar\/wp-json\/wp\/v2\/media\/3012"}],"wp:attachment":[{"href":"https:\/\/bioparadis.com\/ar\/wp-json\/wp\/v2\/media?parent=2980"}],"wp:term":[{"taxonomy":"product_brand","embeddable":true,"href":"https:\/\/bioparadis.com\/ar\/wp-json\/wp\/v2\/product_brand?post=2980"},{"taxonomy":"product_cat","embeddable":true,"href":"https:\/\/bioparadis.com\/ar\/wp-json\/wp\/v2\/product_cat?post=2980"},{"taxonomy":"product_tag","embeddable":true,"href":"https:\/\/bioparadis.com\/ar\/wp-json\/wp\/v2\/product_tag?post=2980"}],"curies":[{"name":"wp","href":"https:\/\/api.w.org\/{rel}","templated":true}]}}