{"id":2653,"date":"2024-10-01T10:46:05","date_gmt":"2024-10-01T10:46:05","guid":{"rendered":"http:\/\/bioparadis.com\/?post_type=product&#038;p=2653"},"modified":"2024-12-09T13:47:08","modified_gmt":"2024-12-09T13:47:08","slug":"huile-vegetale-davocat","status":"publish","type":"product","link":"https:\/\/bioparadis.com\/ar\/huile-vegetale-davocat\/","title":{"rendered":"Huile V\u00e9g\u00e9tale d\u2019avocat"},"content":{"rendered":"<p>D\u00e9couvrez l&rsquo;Huile V\u00e9g\u00e9tale d&rsquo;Avocat Bio Paradis, extraite par pression \u00e0 froid de la pulpe d&rsquo;avocat. 100% pure et sans additifs, elle offre une qualit\u00e9 exceptionnelle pour la peau et les cheveux .<\/p>\n<h4><strong>Bienfaits et Propri\u00e9t\u00e9s :<\/strong><\/h4>\n<p>L\u2019<strong>Huile V\u00e9g\u00e9tale d\u2019Avocat<\/strong> est reconnue pour ses nombreuses vertus :<\/p>\n<ul>\n<li><strong>Hydratation intense<\/strong> : Gr\u00e2ce \u00e0 sa richesse en acides gras essentiels, cette huile p\u00e9n\u00e8tre en profondeur, offrant une <strong>hydratation<\/strong> durable et rendant la peau souple et douce.<\/li>\n<li><strong>Nourrissante<\/strong> : Elle regorge de vitamines A, D et E, qui aident \u00e0 <strong>nourrir<\/strong> et \u00e0 revitaliser les peaux s\u00e8ches ou matures, contribuant \u00e0 un teint \u00e9clatant.<\/li>\n<li><strong>R\u00e9g\u00e9n\u00e9ration cutan\u00e9e<\/strong> : Favorise la <strong>r\u00e9paration<\/strong> des tissus cutan\u00e9s et aide \u00e0 att\u00e9nuer les cicatrices et les imperfections, laissant la peau visiblement plus saine.<\/li>\n<li><strong>Soin capillaire<\/strong> : L\u2019huile d\u2019avocat renforce et hydrate les cheveux, apportant <strong>brillance<\/strong> et <strong>souplesse<\/strong>, tout en pr\u00e9venant la casse.<\/li>\n<\/ul>\n<h4><strong>Conseils d\u2019utilisation :<\/strong><\/h4>\n<ul>\n<li><strong>Soin hydratant pour le visage<\/strong> :Appliquez quelques gouttes sur le visage et le cou pour hydrater les peaux s\u00e8ches ou sensibles.<\/li>\n<li><strong>Masque capillaire<\/strong> : Appliquez sur les longueurs et pointes avant le shampooing pour nourrir et revitaliser.<\/li>\n<li><strong>Soin des zones s\u00e8ches<\/strong> : Utilisez sur coudes, genoux, ou autres zones s\u00e8ches pour une r\u00e9paration rapide.<\/li>\n<li><strong>Aromath\u00e9rapie<\/strong> : M\u00e9langez avec d\u2019autres huiles essentielles pour cr\u00e9er des synergies apaisantes et nourrissantes lors de vos s\u00e9ances de massage.<\/li>\n<\/ul>\n<h4><strong>Pr\u00e9cautions<\/strong> :<\/h4>\n<div class=\"flex max-w-full flex-col flex-grow\">\n<div class=\"min-h-8 text-message flex w-full flex-col items-end gap-2 whitespace-normal break-words [.text-message+&amp;]:mt-5\" dir=\"auto\" data-message-author-role=\"assistant\" data-message-id=\"dd8ea2c7-4e1f-4f19-af39-b3d55392d6c5\">\n<div class=\"flex w-full flex-col gap-1 empty:hidden first:pt-[3px]\">\n<div class=\"markdown prose w-full break-words dark:prose-invert light\">\n<p>L&rsquo;Huile V\u00e9g\u00e9tale d&rsquo;Avocat ne doit pas \u00eatre utilis\u00e9e pure sur la peau. Tenir hors de port\u00e9e des enfants. D\u00e9conseill\u00e9e aux femmes enceintes et aux jeunes enfants. Faites confiance \u00e0 <strong>Bio Paradis<\/strong> pour une huile v\u00e9g\u00e9tale de haute qualit\u00e9, respectueuse de votre bien-\u00eatre et de l\u2019environnement.<\/p>\n<\/div>\n<\/div>\n<\/div>\n<\/div>\n<p>D\u00e9couvrez notre gamme de produits bio. Des <a href=\"http:\/\/bioparadis-com.preview-domain.com\/?product_cat=huile-vegetale\" target=\"_blank\" rel=\"noopener\">huiles v\u00e9g\u00e9tales<\/a>, huiles essentielles, miel et ses d\u00e9riv\u00e9s alliant respect de la nature et bien-\u00eatre.<\/p>\n<p>Pour suivre notre actualit\u00e9, Rejoignez la communaut\u00e9 BioParadis sur <a href=\"http:\/\/www.instagram.com\/bioparadisma\" target=\"_blank\" rel=\"noopener\">Instagram<\/a> et suivre nos conseils au quotidien.<\/p>","protected":false},"excerpt":{"rendered":"<p><strong>Huile V\u00e9g\u00e9tale Pure :<\/strong> Extraite par pression \u00e0 froid de la chair d&rsquo;avocat, 100% naturelle, sans conservateurs ni produits chimiques.<br \/>\n<strong>Hydratation Profonde<\/strong> : Riche en acides gras essentiels et en vitamines, elle nourrit intens\u00e9ment les peaux s\u00e8ches et ab\u00eem\u00e9es.<br \/>\n<strong>Soin R\u00e9parateur des Cheveux :<\/strong> Renforce et hydrate les cheveux secs et cassants, leur apportant souplesse et brillance.<br \/>\n<strong>Protection Contre le Vieillissement :<\/strong> Ses antioxydants naturels aident \u00e0 prot\u00e9ger la peau des radicaux libres et \u00e0 ralentir les signes de l&rsquo;\u00e2ge.<\/p>","protected":false},"featured_media":2277,"comment_status":"closed","ping_status":"closed","template":"","meta":[],"product_brand":[],"product_cat":[56],"product_tag":[],"class_list":{"0":"post-2653","1":"product","2":"type-product","3":"status-publish","4":"has-post-thumbnail","6":"product_cat-huiles-vegetales","8":"first","9":"instock","10":"taxable","11":"shipping-taxable","12":"purchasable","13":"product-type-simple"},"_links":{"self":[{"href":"https:\/\/bioparadis.com\/ar\/wp-json\/wp\/v2\/product\/2653","targetHints":{"allow":["GET"]}}],"collection":[{"href":"https:\/\/bioparadis.com\/ar\/wp-json\/wp\/v2\/product"}],"about":[{"href":"https:\/\/bioparadis.com\/ar\/wp-json\/wp\/v2\/types\/product"}],"replies":[{"embeddable":true,"href":"https:\/\/bioparadis.com\/ar\/wp-json\/wp\/v2\/comments?post=2653"}],"wp:featuredmedia":[{"embeddable":true,"href":"https:\/\/bioparadis.com\/ar\/wp-json\/wp\/v2\/media\/2277"}],"wp:attachment":[{"href":"https:\/\/bioparadis.com\/ar\/wp-json\/wp\/v2\/media?parent=2653"}],"wp:term":[{"taxonomy":"product_brand","embeddable":true,"href":"https:\/\/bioparadis.com\/ar\/wp-json\/wp\/v2\/product_brand?post=2653"},{"taxonomy":"product_cat","embeddable":true,"href":"https:\/\/bioparadis.com\/ar\/wp-json\/wp\/v2\/product_cat?post=2653"},{"taxonomy":"product_tag","embeddable":true,"href":"https:\/\/bioparadis.com\/ar\/wp-json\/wp\/v2\/product_tag?post=2653"}],"curies":[{"name":"wp","href":"https:\/\/api.w.org\/{rel}","templated":true}]}}