{"id":2644,"date":"2024-10-01T10:17:33","date_gmt":"2024-10-01T10:17:33","guid":{"rendered":"http:\/\/bioparadis.com\/?post_type=product&#038;p=2644"},"modified":"2024-12-09T13:47:28","modified_gmt":"2024-12-09T13:47:28","slug":"huile-vegetale-dorange","status":"publish","type":"product","link":"https:\/\/bioparadis.com\/ar\/huile-vegetale-dorange\/","title":{"rendered":"Huile V\u00e9g\u00e9tale d\u2019Orange"},"content":{"rendered":"<div class=\"flex-1 overflow-hidden\">\n<div class=\"h-full\">\n<div class=\"react-scroll-to-bottom--css-kefau-79elbk h-full\">\n<div class=\"react-scroll-to-bottom--css-kefau-1n7m0yu\">\n<div class=\"flex flex-col text-sm md:pb-9\">\n<article class=\"w-full text-token-text-primary focus-visible:outline-2 focus-visible:outline-offset-[-4px]\" dir=\"auto\" data-testid=\"conversation-turn-3\" data-scroll-anchor=\"true\">\n<div class=\"text-base py-[18px] px-3 md:px-4 m-auto w-full md:px-5 lg:px-4 xl:px-5\">\n<div class=\"mx-auto flex flex-1 gap-4 text-base md:gap-5 lg:gap-6 md:max-w-3xl lg:max-w-[40rem] xl:max-w-[48rem]\">\n<div class=\"group\/conversation-turn relative flex w-full min-w-0 flex-col agent-turn\">\n<div class=\"flex-col gap-1 md:gap-3\">\n<div class=\"flex max-w-full flex-col flex-grow\">\n<div class=\"min-h-8 text-message flex w-full flex-col items-end gap-2 whitespace-normal break-words [.text-message+&amp;]:mt-5\" dir=\"auto\" data-message-author-role=\"assistant\" data-message-id=\"ebd5782f-f766-4cdb-87c1-e38ac9cdad26\">\n<div class=\"flex w-full flex-col gap-1 empty:hidden first:pt-[3px]\">\n<div class=\"result-streaming markdown prose w-full break-words dark:prose-invert light\">\n<p>D\u00e9couvrez notre<strong> Huile V\u00e9g\u00e9tale d\u2019Orange<\/strong> Bio Paradis, extraite des zestes d\u2019oranges douces. 100% pure et biologique, elle revitalise la peau tout en apportant une touche de fra\u00eecheur fruit\u00e9e \u00e0 votre quotidien.<\/p>\n<p>&nbsp;<\/p>\n<\/div>\n<\/div>\n<\/div>\n<\/div>\n<\/div>\n<\/div>\n<\/div>\n<\/div>\n<\/article>\n<\/div>\n<\/div>\n<\/div>\n<\/div>\n<\/div>\n<h4><strong>Bienfaits et Propri\u00e9t\u00e9s :<\/strong><\/h4>\n<p>L&rsquo;huile v\u00e9g\u00e9tale d&rsquo;orange est un v\u00e9ritable concentr\u00e9 de bienfaits pour la peau et le corps :<\/p>\n<ul>\n<li><strong>Revitalisation de la peau<\/strong> : elle stimule la production de collag\u00e8ne, offrant ainsi un teint lumineux et uniforme.<\/li>\n<li><strong>Propri\u00e9t\u00e9s antioxydantes<\/strong> : L\u2019huile prot\u00e8ge la peau des radicaux libres et aide \u00e0 pr\u00e9venir les signes du vieillissement, comme les rides et la perte d&rsquo;\u00e9lasticit\u00e9.<\/li>\n<li><strong>Effet relaxant<\/strong> : Son ar\u00f4me doux et apaisant aide \u00e0 r\u00e9duire le stress et l&rsquo;anxi\u00e9t\u00e9, favorisant une ambiance de d\u00e9tente.<\/li>\n<li><strong>Soin capillaire<\/strong> : Appliqu\u00e9e sur les cheveux, l&rsquo;huile d\u2019orange redonne de la brillance, fortifie les cheveux et apaise les cuirs chevelus irrit\u00e9s.<\/li>\n<\/ul>\n<h4><strong>Conseils d\u2019utilisation :<\/strong><\/h4>\n<ul>\n<li><strong>Soin pour la peau<\/strong> : Appliquez quelques gouttes d\u2019huile d\u2019orange sur le visage ou le corps apr\u00e8s le bain pour une hydratation optimale et une peau \u00e9clatante.<\/li>\n<li><strong>Soin anti-\u00e2ge<\/strong> : M\u00e9langez avec votre cr\u00e8me de jour pour pr\u00e9venir le vieillissement cutan\u00e9 et revitaliser votre teint.<\/li>\n<li><strong>Soin capillaire<\/strong> : Ajoutez \u00e0 votre shampooing ou appliquez directement sur les cheveux pour apporter de la brillance et renforcer les racines.<\/li>\n<li><strong>Aromath\u00e9rapie<\/strong> : Utilisez l&rsquo;huile dans un diffuseur pour cr\u00e9er une ambiance apaisante et fra\u00eeche, id\u00e9ale pour la relaxation.<\/li>\n<\/ul>\n<h4><strong>Pr\u00e9cautions<\/strong> :<\/h4>\n<p>Ne pas utiliser pure sur la peau. Tenir hors de port\u00e9e des enfants. D\u00e9conseill\u00e9 aux femmes enceintes et aux jeunes enfants.Faites confiance \u00e0 <strong>Bio Paradis<\/strong> pour une huile essentielle de haute qualit\u00e9, respectueuse de votre bien-\u00eatre et de l\u2019environnement.<\/p>\n<p>D\u00e9couvrez notre gamme de produits bio. Des <a href=\"https:\/\/bioparadis.com\/ar\/?product_cat=huile-vegetale\">huiles v\u00e9g\u00e9tales<\/a>, huiles essentielles, miel et ses d\u00e9riv\u00e9s alliant respect de la nature et bien-\u00eatre.<\/p>\n<p>Pour suivre notre actualit\u00e9, Rejoignez la communaut\u00e9 BioParadis sur <a href=\"http:\/\/www.instagram.com\/bioparadisma\" target=\"_blank\" rel=\"noopener\">Instagram<\/a> et suivre nos conseils au quotidien.<\/p>","protected":false},"excerpt":{"rendered":"<p><strong>100% Pure et Biologique<\/strong> : Press\u00e9e \u00e0 froid \u00e0 partir de noisettes biologiques s\u00e9lectionn\u00e9es avec soin.<br \/>\n<strong>Propri\u00e9t\u00e9s nourrissantes et \u00e9quilibrantes<\/strong> : R\u00e9gule la production de s\u00e9bum et hydrate en profondeur.<br \/>\n<strong>Texture L\u00e9g\u00e8re et Non Grasse :<\/strong> P\u00e9n\u00e8tre rapidement, id\u00e9ale pour tous types de peaux.<br \/>\n<strong>Riche en Vitamine E<\/strong> : Prot\u00e8ge la peau contre le vieillissement pr\u00e9matur\u00e9 et les agressions ext\u00e9rieures.<br \/>\n<strong>Polyvalente<\/strong> : Parfaite pour les soins du visage, du corps et des cheveux.<\/p>","protected":false},"featured_media":2251,"comment_status":"closed","ping_status":"closed","template":"","meta":[],"product_brand":[],"product_cat":[56],"product_tag":[],"class_list":{"0":"post-2644","1":"product","2":"type-product","3":"status-publish","4":"has-post-thumbnail","6":"product_cat-huiles-vegetales","8":"first","9":"instock","10":"taxable","11":"shipping-taxable","12":"purchasable","13":"product-type-simple"},"_links":{"self":[{"href":"https:\/\/bioparadis.com\/ar\/wp-json\/wp\/v2\/product\/2644","targetHints":{"allow":["GET"]}}],"collection":[{"href":"https:\/\/bioparadis.com\/ar\/wp-json\/wp\/v2\/product"}],"about":[{"href":"https:\/\/bioparadis.com\/ar\/wp-json\/wp\/v2\/types\/product"}],"replies":[{"embeddable":true,"href":"https:\/\/bioparadis.com\/ar\/wp-json\/wp\/v2\/comments?post=2644"}],"wp:featuredmedia":[{"embeddable":true,"href":"https:\/\/bioparadis.com\/ar\/wp-json\/wp\/v2\/media\/2251"}],"wp:attachment":[{"href":"https:\/\/bioparadis.com\/ar\/wp-json\/wp\/v2\/media?parent=2644"}],"wp:term":[{"taxonomy":"product_brand","embeddable":true,"href":"https:\/\/bioparadis.com\/ar\/wp-json\/wp\/v2\/product_brand?post=2644"},{"taxonomy":"product_cat","embeddable":true,"href":"https:\/\/bioparadis.com\/ar\/wp-json\/wp\/v2\/product_cat?post=2644"},{"taxonomy":"product_tag","embeddable":true,"href":"https:\/\/bioparadis.com\/ar\/wp-json\/wp\/v2\/product_tag?post=2644"}],"curies":[{"name":"wp","href":"https:\/\/api.w.org\/{rel}","templated":true}]}}