{"id":2300,"date":"2024-09-27T14:24:41","date_gmt":"2024-09-27T14:24:41","guid":{"rendered":"http:\/\/bioparadis.com\/?post_type=product&#038;p=2300"},"modified":"2025-11-22T09:30:40","modified_gmt":"2025-11-22T09:30:40","slug":"huile-essentielle-de-romarin","status":"publish","type":"product","link":"https:\/\/bioparadis.com\/ar\/huile-essentielle-de-romarin\/","title":{"rendered":"Huile Essentielle de Romarin"},"content":{"rendered":"<p>L&rsquo;huile essentielle de romarin Bio Paradis, 100% pure et biologique, est obtenue par distillation \u00e0 la vapeur des parties a\u00e9riennes du Rosmarinus officinalis. Cette huile, r\u00e9put\u00e9e pour ses propri\u00e9t\u00e9s stimulantes et purifiantes, devient un v\u00e9ritable alli\u00e9 naturel pour soutenir votre bien-\u00eatre au quotidien. Elle s&rsquo;utilise aussi bien en diffusion qu&rsquo;en application cutan\u00e9e, apportant une sensation de fra\u00eecheur, d\u2019\u00e9quilibre, et de vitalit\u00e9. Id\u00e9ale pour accompagner des moments de relaxation .<\/p>\n<h4><strong>Bienfaits et Propri\u00e9t\u00e9s :<\/strong><\/h4>\n<div class=\"flex max-w-full flex-col flex-grow\">\n<div class=\"min-h-8 text-message flex w-full flex-col items-end gap-2 whitespace-normal break-words [.text-message+&amp;]:mt-5\" dir=\"auto\" data-message-author-role=\"assistant\" data-message-id=\"be899f0b-1daf-4cc1-8d0b-53b8ed067722\">\n<div class=\"flex w-full flex-col gap-1 empty:hidden first:pt-[3px]\">\n<div class=\"markdown prose w-full break-words dark:prose-invert light\">\n<p>L&rsquo;huile essentielle de romarin est reconnue pour ses multiples atouts , elle offre de nombreux bienfaits :<\/p>\n<\/div>\n<\/div>\n<\/div>\n<\/div>\n<ul>\n<li><strong>Stimulation de l\u2019esprit :<\/strong> am\u00e9liore la concentration et favorise<strong> la clart\u00e9 mentale<\/strong>.<\/li>\n<li><strong>Purification :<\/strong> <strong>d\u00e9toxifie<\/strong> naturellement l\u2019organisme en soutenant les fonctions h\u00e9patiques.<\/li>\n<li><strong>Soin capillaire :<\/strong> renforce et<strong> revitalise<\/strong> les cheveux tout en apaisant le cuir chevelu.<\/li>\n<\/ul>\n<h4><strong>Conseils d\u2019utilisation :<\/strong><\/h4>\n<ul>\n<li><strong>Diffusion atmosph\u00e9rique :<\/strong> Ajoutez\u00a0 de 5 \u00e0 10 gouttes dans un diffuseur pour <strong>purifier l\u2019air<\/strong> et stimuler l\u2019esprit. Id\u00e9al dans une pi\u00e8ce de travail afin d&rsquo;am\u00e9liorer la concentration.<\/li>\n<li><strong>Application capillaire :<\/strong> Diluez quelques gouttes d\u2019huile essentielle de romarin dans une huile v\u00e9g\u00e9tale (comme l\u2019huile d\u2019argan ou de jojoba) et appliquez sur le cuir chevelu pour fortifier les cheveux et r\u00e9duire les d\u00e9mangeaisons.<\/li>\n<li><strong>Bain revitalisant :<\/strong> M\u00e9langez 5 gouttes une base neutre et ajoutez \u00e0 l\u2019eau du bain pour un effet tonifiant sur le corps et l\u2019esprit.<\/li>\n<li><strong>Massage d\u00e9toxifiant :<\/strong> Diluez 3 gouttes dans une huile de massage pour favoriser <strong>la d\u00e9toxification du corps<\/strong> et <strong>soutenir les fonctions h\u00e9patiques.<\/strong><\/li>\n<\/ul>\n<h4><strong>Pr\u00e9cautions<\/strong> :<\/h4>\n<p>Ne pas utiliser pure sur la peau.<\/p>\n<p>Tenir hors de port\u00e9e des enfants.<\/p>\n<p>D\u00e9conseill\u00e9 aux femmes enceintes et aussi aux jeunes enfants.<\/p>\n<p>Faites confiance \u00e0 Bio Paradis pour une huile essentielle de romarin de haute qualit\u00e9, respectueuse de votre bien-\u00eatre et de l\u2019environnement.<\/p>\n<p>D\u00e9couvrez notre gamme de produits bio. Des <a href=\"https:\/\/bioparadis.com\/ar\/?product_cat=huile-vegetale\">huiles v\u00e9g\u00e9tales<\/a>, <a href=\"https:\/\/bioparadis.com\/ar\/?product_cat=huile-essentielle\">huiles essentielles<\/a>, miel et ses d\u00e9riv\u00e9s alliant respect de la nature et bien-\u00eatre.<\/p>\n<p>Pour suivre notre actualit\u00e9, Rejoignez la communaut\u00e9 BioParadis sur <a href=\"http:\/\/www.instagram.com\/bioparadisma\" target=\"_blank\" rel=\"noopener\">Instagram<\/a> et suivre nos conseils au quotidien.<\/p>","protected":false},"excerpt":{"rendered":"<p><strong>100% pure et biologique<\/strong> : Huile essentielle de romarin biologique et extraite par distillation \u00e0 la vapeur des parties a\u00e9riennes, assurant une puret\u00e9 et une concentration \u00e9lev\u00e9es en principes actifs. <strong>Propri\u00e9t\u00e9s stimulantes et revitalisantes :<\/strong> Connue pour ses effets tonifiants sur le syst\u00e8me nerveux et sa capacit\u00e9 \u00e0 am\u00e9liorer la concentration et la m\u00e9moire.<br \/>\n<strong>Effet purifiant et d\u00e9toxifiant :<\/strong> Id\u00e9ale pour assainir l\u2019air ambiant et soutenir les fonctions h\u00e9patiques, tout en apportant un effet purifiant et clarifiant.<br \/>\n<strong>Multi-usages<\/strong> : Parfaite pour l\u2019aromath\u00e9rapie, les massages, et dans les soins capillaires pour ses propri\u00e9t\u00e9s fortifiantes et revitalisantes<\/p>","protected":false},"featured_media":7699,"comment_status":"closed","ping_status":"closed","template":"","meta":[],"product_brand":[],"product_cat":[52],"product_tag":[],"class_list":{"0":"post-2300","1":"product","2":"type-product","3":"status-publish","4":"has-post-thumbnail","6":"product_cat-huile-essentielle","8":"first","9":"instock","10":"taxable","11":"shipping-taxable","12":"purchasable","13":"product-type-simple"},"_links":{"self":[{"href":"https:\/\/bioparadis.com\/ar\/wp-json\/wp\/v2\/product\/2300","targetHints":{"allow":["GET"]}}],"collection":[{"href":"https:\/\/bioparadis.com\/ar\/wp-json\/wp\/v2\/product"}],"about":[{"href":"https:\/\/bioparadis.com\/ar\/wp-json\/wp\/v2\/types\/product"}],"replies":[{"embeddable":true,"href":"https:\/\/bioparadis.com\/ar\/wp-json\/wp\/v2\/comments?post=2300"}],"wp:featuredmedia":[{"embeddable":true,"href":"https:\/\/bioparadis.com\/ar\/wp-json\/wp\/v2\/media\/7699"}],"wp:attachment":[{"href":"https:\/\/bioparadis.com\/ar\/wp-json\/wp\/v2\/media?parent=2300"}],"wp:term":[{"taxonomy":"product_brand","embeddable":true,"href":"https:\/\/bioparadis.com\/ar\/wp-json\/wp\/v2\/product_brand?post=2300"},{"taxonomy":"product_cat","embeddable":true,"href":"https:\/\/bioparadis.com\/ar\/wp-json\/wp\/v2\/product_cat?post=2300"},{"taxonomy":"product_tag","embeddable":true,"href":"https:\/\/bioparadis.com\/ar\/wp-json\/wp\/v2\/product_tag?post=2300"}],"curies":[{"name":"wp","href":"https:\/\/api.w.org\/{rel}","templated":true}]}}