{"id":2211,"date":"2024-09-27T08:59:48","date_gmt":"2024-09-27T08:59:48","guid":{"rendered":"http:\/\/bioparadis.com\/?post_type=product&#038;p=2211"},"modified":"2024-12-09T13:49:01","modified_gmt":"2024-12-09T13:49:01","slug":"huile-vegetale-de-jasmin","status":"publish","type":"product","link":"https:\/\/bioparadis.com\/ar\/huile-vegetale-de-jasmin\/","title":{"rendered":"Huile V\u00e9g\u00e9tale de Jasmin"},"content":{"rendered":"<div class=\"flex-shrink-0 flex flex-col relative items-end\">\n<div>\n<div class=\"pt-0\">\n<div class=\"gizmo-bot-avatar flex h-8 w-8 items-center justify-center overflow-hidden rounded-full\">\n<div class=\"relative p-1 rounded-sm flex items-center justify-center bg-token-main-surface-primary text-token-text-primary h-8 w-8\">D\u00e9couvrez l\u2019huile v\u00e9g\u00e9tale de <strong>jasmin Bio Paradis<\/strong>, 100% pure et biologique, extraite des fleurs du <strong>Jasminum officinale<\/strong>.<\/div>\n<\/div>\n<\/div>\n<\/div>\n<\/div>\n<div class=\"group\/conversation-turn relative flex w-full min-w-0 flex-col agent-turn\">\n<div class=\"flex-col gap-1 md:gap-3\">\n<div class=\"flex max-w-full flex-col flex-grow\">\n<div class=\"min-h-8 text-message flex w-full flex-col items-end gap-2 whitespace-normal break-words [.text-message+&amp;]:mt-5\" dir=\"auto\" data-message-author-role=\"assistant\" data-message-id=\"32ab6594-90cb-4e6f-b1bf-a0a157b83efe\">\n<div class=\"flex w-full flex-col gap-1 empty:hidden first:pt-[3px]\">\n<div class=\"markdown prose w-full break-words dark:prose-invert light\">\n<p>Cependant, Cette huile pr\u00e9cieuse est reconnue pour ses propri\u00e9t\u00e9s <strong>nourrissantes<\/strong> et <strong>apaisantes<\/strong>, faisant d\u2019elle un soin id\u00e9al pour la peau et les cheveux, tout en apportant un parfum floral d\u00e9licat et relaxant.<\/p>\n<h4><strong>Bienfaits et Propri\u00e9t\u00e9s :<\/strong><\/h4>\n<ul>\n<li><strong>Hydratation intense<\/strong> : L\u2019huile de jasmin p\u00e9n\u00e8tre profond\u00e9ment pour nourrir et <strong>hydrater<\/strong> les peaux s\u00e8ches et sensibles, laissant une sensation de douceur.<\/li>\n<li><strong>R\u00e9g\u00e9n\u00e9ration cutan\u00e9e<\/strong> : Gr\u00e2ce \u00e0 ses propri\u00e9t\u00e9s <strong>r\u00e9g\u00e9n\u00e9rantes<\/strong>, elle aide \u00e0 am\u00e9liorer l\u2019\u00e9lasticit\u00e9 de la peau, id\u00e9ale pour les peaux matures.<\/li>\n<li><strong>Soin capillaire<\/strong> : Renforce et adoucit les cheveux secs ou ab\u00eem\u00e9s, tout en apportant une touche de <strong>brillance<\/strong> naturelle.<\/li>\n<\/ul>\n<h4><strong>Conseils d\u2019utilisation :<\/strong><\/h4>\n<ul>\n<li><strong>Soin de la peau<\/strong> : Appliquez quelques gouttes d\u2019huile v\u00e9g\u00e9tale de jasmin sur le visage ou le corps pour nourrir en profondeur et apporter souplesse et \u00e9clat \u00e0 la peau.<\/li>\n<li><strong>Soin capillaire<\/strong> : R\u00e9chauffez une petite quantit\u00e9 dans vos mains et appliquez sur les longueurs et pointes pour <strong>hydrater<\/strong> et <strong>fortifier<\/strong> les cheveux. Laissez poser quelques heures ou toute la nuit avant de laver vos cheveux.<\/li>\n<li><strong>Massage relaxant<\/strong> : Utilisez l\u2019huile de jasmin pour un <strong>massage apaisant. <\/strong>Elle permet de soulager les tensions et de profiter de ses propri\u00e9t\u00e9s calmantes et de son parfum envo\u00fbtant.<\/li>\n<li><strong>Bain nourrissant<\/strong> : Ajoutez quelques gouttes \u00e0 votre bain pour une <strong>exp\u00e9rience hydratante<\/strong> et relaxante, id\u00e9ale pour r\u00e9g\u00e9n\u00e9rer la peau.<\/li>\n<\/ul>\n<h4><strong>Pr\u00e9cautions<\/strong> :<\/h4>\n<p>Usage externe uniquement.<br \/>\nTenir hors de port\u00e9e des enfants.<br \/>\nConserver \u00e0 l\u2019abri de la lumi\u00e8re et de la chaleur.<\/p>\n<p><strong>Bio Paradis<\/strong> vous garantit une huile v\u00e9g\u00e9tale de jasmin de qualit\u00e9 sup\u00e9rieure, extraite avec soin pour pr\u00e9server toutes ses propri\u00e9t\u00e9s naturelles.<\/p>\n<p>D\u00e9couvrez notre gamme de produits bio. Des <a href=\"https:\/\/bioparadis.com\/ar\/?product_cat=huile-vegetale\">huiles v\u00e9g\u00e9tales<\/a>, huiles essentielles, miel et ses d\u00e9riv\u00e9s alliant respect de la nature et bien-\u00eatre.<\/p>\n<p>Pour suivre notre actualit\u00e9, Rejoignez la communaut\u00e9 BioParadis sur <a href=\"http:\/\/www.instagram.com\/bioparadisma\" target=\"_blank\" rel=\"noopener\">Instagram<\/a> et suivre nos conseils au quotidien.<\/p>\n<\/div>\n<\/div>\n<\/div>\n<\/div>\n<\/div>\n<\/div>","protected":false},"excerpt":{"rendered":"<p><strong>100% Bio et Pure :<\/strong> Extraite des fleurs de jasmin, sans aucun additif.<br \/>\n<strong>Effet Apaisant :<\/strong> Nourrit et calme les peaux sensibles et irrit\u00e9es.<br \/>\n<strong>Brillance \u00c9clatante :<\/strong> Redonne vitalit\u00e9 et douceur aux cheveux ternes.<br \/>\n<strong>Parfum Envo\u00fbtant<\/strong> : Une fragrance florale qui d\u00e9tend et revitalise l&rsquo;esprit.<br \/>\nP<strong>ropri\u00e9t\u00e9s Antioxydantes<\/strong> : Prot\u00e8ge la peau des agressions ext\u00e9rieures et du vieillissement.<\/p>","protected":false},"featured_media":2261,"comment_status":"closed","ping_status":"closed","template":"","meta":[],"product_brand":[],"product_cat":[56],"product_tag":[],"class_list":{"0":"post-2211","1":"product","2":"type-product","3":"status-publish","4":"has-post-thumbnail","6":"product_cat-huiles-vegetales","8":"first","9":"instock","10":"taxable","11":"shipping-taxable","12":"purchasable","13":"product-type-simple"},"_links":{"self":[{"href":"https:\/\/bioparadis.com\/ar\/wp-json\/wp\/v2\/product\/2211","targetHints":{"allow":["GET"]}}],"collection":[{"href":"https:\/\/bioparadis.com\/ar\/wp-json\/wp\/v2\/product"}],"about":[{"href":"https:\/\/bioparadis.com\/ar\/wp-json\/wp\/v2\/types\/product"}],"replies":[{"embeddable":true,"href":"https:\/\/bioparadis.com\/ar\/wp-json\/wp\/v2\/comments?post=2211"}],"wp:featuredmedia":[{"embeddable":true,"href":"https:\/\/bioparadis.com\/ar\/wp-json\/wp\/v2\/media\/2261"}],"wp:attachment":[{"href":"https:\/\/bioparadis.com\/ar\/wp-json\/wp\/v2\/media?parent=2211"}],"wp:term":[{"taxonomy":"product_brand","embeddable":true,"href":"https:\/\/bioparadis.com\/ar\/wp-json\/wp\/v2\/product_brand?post=2211"},{"taxonomy":"product_cat","embeddable":true,"href":"https:\/\/bioparadis.com\/ar\/wp-json\/wp\/v2\/product_cat?post=2211"},{"taxonomy":"product_tag","embeddable":true,"href":"https:\/\/bioparadis.com\/ar\/wp-json\/wp\/v2\/product_tag?post=2211"}],"curies":[{"name":"wp","href":"https:\/\/api.w.org\/{rel}","templated":true}]}}