{"id":2210,"date":"2024-09-27T08:59:47","date_gmt":"2024-09-27T08:59:47","guid":{"rendered":"http:\/\/bioparadis.com\/?post_type=product&#038;p=2210"},"modified":"2024-12-09T13:53:32","modified_gmt":"2024-12-09T13:53:32","slug":"huile-vegetale-dorigan","status":"publish","type":"product","link":"https:\/\/bioparadis.com\/ar\/huile-vegetale-dorigan\/","title":{"rendered":"Huile V\u00e9g\u00e9tale d&rsquo;Origan"},"content":{"rendered":"<p>L\u2019<strong>huile v\u00e9g\u00e9tale d\u2019Origan<\/strong> Bio Paradis, 100% pure et biologique, extraite par distillation \u00e0 la vapeur d\u2019eau des feuilles. Chaque \u00e9tape de sa production, depuis la culture jusqu\u2019\u00e0 la r\u00e9colte manuelle, respecte l\u2019essence pure de la plante. Cette huile v\u00e9g\u00e9tale d\u2019Origan pr\u00e9cieuse, d\u2019un vert profond et au parfum intense, est un v\u00e9ritable concentr\u00e9 des <strong>bienfaits de la nature <\/strong>.Chaque \u00e9tape de la production de cette huile , de la culture respectueuse de l&rsquo;environnement \u00e0 la r\u00e9colte manuelle, vise \u00e0 garantir la meilleure qualit\u00e9 possible, tout en respectant l&rsquo;essence pure de l\u2019origan .<\/p>\n<h4><strong>Bienfaits et Propri\u00e9t\u00e9s :<\/strong><\/h4>\n<ul>\n<li><strong>Antioxydant naturel : L&rsquo;huile v\u00e9g\u00e9tale d\u2019Origan<\/strong> prot\u00e8ge la peau des <strong>radicaux libres<\/strong> et pr\u00e9vient les <strong>signes de vieillissement<\/strong> cutan\u00e9.<\/li>\n<li><strong>Soin purifiant :<\/strong> Combat les <strong>impuret\u00e9s<\/strong> et apaise les peaux \u00e0 <strong>tendance acn\u00e9ique<\/strong> ou sujettes aux rougeurs.<\/li>\n<li><strong>Stimule le syst\u00e8me immunitaire :<\/strong> Gr\u00e2ce \u00e0 ses propri\u00e9t\u00e9s <strong>antimicrobiennes<\/strong>, elle aide \u00e0 renforcer les <strong>d\u00e9fenses naturelles<\/strong> du corps.<\/li>\n<\/ul>\n<h4><strong>Conseils d\u2019utilisation :<\/strong><\/h4>\n<ul>\n<li><strong>Application cutan\u00e9e :<\/strong> Diluez quelques gouttes dans une huile porteuse (comme l\u2019huile d\u2019olive ou de jojoba) et appliquez sur la peau pour <strong>purifier<\/strong> et <strong>revitaliser<\/strong> les zones \u00e0 probl\u00e8mes.<\/li>\n<li><strong>Soin tonifiant :<\/strong> M\u00e9langez l&rsquo;huile v\u00e9g\u00e9tale d&rsquo;origan avec votre cr\u00e8me hydratante pour <strong>tonifier la peau<\/strong> et r\u00e9duire les <strong>imperfections<\/strong>.<\/li>\n<li><strong>Massage r\u00e9confortant :<\/strong> Ajoutez 3 gouttes d\u2019huile d\u2019Origan \u00e0 une huile de massage pour <strong>soulager les muscles fatigu\u00e9s<\/strong> et <strong>apaiser les tensions<\/strong>.<\/li>\n<li><strong>Soin capillaire :<\/strong> Diluez dans une huile v\u00e9g\u00e9tale et appliquez sur le cuir chevelu pour <strong>fortifier<\/strong> et <strong>purifier<\/strong> les racines, tout en apaisant les <strong>d\u00e9mangeaisons<\/strong>.<\/li>\n<\/ul>\n<h4><strong>Pr\u00e9cautions<\/strong> :<\/h4>\n<p>Ne pas utiliser pure sur la peau.<\/p>\n<p>Tenir hors de port\u00e9e des enfants.<\/p>\n<p>D\u00e9conseill\u00e9 aux femmes enceintes et aux enfants de moins de 6 ans.<\/p>\n<p>Faites confiance \u00e0 Bio Paradis pour une huile v\u00e9g\u00e9tale d\u2019Origan d\u2019exception, \u00e9labor\u00e9e avec <strong>soin<\/strong> et <strong>respect<\/strong>, pour sublimer votre <strong>bien-\u00eatre<\/strong> et votre <strong>beaut\u00e9<\/strong> au quotidien.<\/p>\n<p>D\u00e9couvrez notre gamme de produits bio. Des <a href=\"https:\/\/bioparadis.com\/ar\/?product_cat=huile-vegetale\">huiles v\u00e9g\u00e9tales<\/a>, huiles essentielles, miel et ses d\u00e9riv\u00e9s alliant respect de la nature et bien-\u00eatre.<\/p>\n<p>Pour suivre notre actualit\u00e9, Rejoignez la communaut\u00e9 BioParadis sur <a href=\"http:\/\/www.instagram.com\/bioparadisma\" target=\"_blank\" rel=\"noopener\">Instagram<\/a> et suivre nos conseils au quotidien.<\/p>","protected":false},"excerpt":{"rendered":"<p><strong>100% Bio et Pure<\/strong> : Extraite des feuilles d&rsquo;origan sauvage, sans aucun additif.<br \/>\n<strong>Puissance Antibact\u00e9rienne<\/strong> : Un v\u00e9ritable \u00ab\u00a0antibiotique naturel\u00a0\u00bb aux multiples vertus.<br \/>\n<strong>Polyvalente<\/strong> : Pour la sant\u00e9, le bien-\u00eatre et m\u00eame la cuisine !<br \/>\n<strong>Parfum Intense<\/strong> : Une odeur aromatique qui tonifie corps et esprit.<br \/>\n<strong>Peau Assainie<\/strong> : Combat efficacement les probl\u00e8mes cutan\u00e9s comme les mycoses.<\/p>","protected":false},"featured_media":2276,"comment_status":"closed","ping_status":"closed","template":"","meta":[],"product_brand":[],"product_cat":[56],"product_tag":[],"class_list":{"0":"post-2210","1":"product","2":"type-product","3":"status-publish","4":"has-post-thumbnail","6":"product_cat-huiles-vegetales","8":"first","9":"instock","10":"taxable","11":"shipping-taxable","12":"purchasable","13":"product-type-simple"},"_links":{"self":[{"href":"https:\/\/bioparadis.com\/ar\/wp-json\/wp\/v2\/product\/2210","targetHints":{"allow":["GET"]}}],"collection":[{"href":"https:\/\/bioparadis.com\/ar\/wp-json\/wp\/v2\/product"}],"about":[{"href":"https:\/\/bioparadis.com\/ar\/wp-json\/wp\/v2\/types\/product"}],"replies":[{"embeddable":true,"href":"https:\/\/bioparadis.com\/ar\/wp-json\/wp\/v2\/comments?post=2210"}],"wp:featuredmedia":[{"embeddable":true,"href":"https:\/\/bioparadis.com\/ar\/wp-json\/wp\/v2\/media\/2276"}],"wp:attachment":[{"href":"https:\/\/bioparadis.com\/ar\/wp-json\/wp\/v2\/media?parent=2210"}],"wp:term":[{"taxonomy":"product_brand","embeddable":true,"href":"https:\/\/bioparadis.com\/ar\/wp-json\/wp\/v2\/product_brand?post=2210"},{"taxonomy":"product_cat","embeddable":true,"href":"https:\/\/bioparadis.com\/ar\/wp-json\/wp\/v2\/product_cat?post=2210"},{"taxonomy":"product_tag","embeddable":true,"href":"https:\/\/bioparadis.com\/ar\/wp-json\/wp\/v2\/product_tag?post=2210"}],"curies":[{"name":"wp","href":"https:\/\/api.w.org\/{rel}","templated":true}]}}