{"id":2208,"date":"2024-09-27T08:59:46","date_gmt":"2024-09-27T08:59:46","guid":{"rendered":"http:\/\/bioparadis.com\/?post_type=product&#038;p=2208"},"modified":"2024-12-09T14:03:34","modified_gmt":"2024-12-09T14:03:34","slug":"huile-vegetale-dencens","status":"publish","type":"product","link":"https:\/\/bioparadis.com\/ar\/huile-vegetale-dencens\/","title":{"rendered":"Huile V\u00e9g\u00e9tale d&rsquo;Encens"},"content":{"rendered":"<p>L\u2019<strong>huile v\u00e9g\u00e9tale d\u2019encens<\/strong> Bio Paradis, obtenue par distillation \u00e0 la vapeur d\u2019eau de la r\u00e9sine pr\u00e9cieuse du Boswellia serrata\u00a0 , elle est un v\u00e9ritable tr\u00e9sor pour le bien-\u00eatre. Cette huile rare et d\u00e9licate, au parfum bois\u00e9 et envo\u00fbtant, est r\u00e9put\u00e9e pour ses nombreuses vertus bienfaisantes sur la peau et l\u2019esprit, tout en favorisant \u00e0 la fois la relaxation et la r\u00e9g\u00e9n\u00e9ration. En plus chaque \u00e9tape de l&rsquo;\u00e9laboration de cette huile v\u00e9g\u00e9tale d\u2019encens, de la r\u00e9colte de la r\u00e9sine jusqu\u2019\u00e0 la production, est r\u00e9alis\u00e9e avec un soin minutieux , garantissant une qualit\u00e9 exceptionnelle et une efficacit\u00e9 optimale.<\/p>\n<h4><strong>Bienfaits et Propri\u00e9t\u00e9s :<\/strong><\/h4>\n<ul>\n<li><strong>R\u00e9g\u00e9n\u00e9ration cellulaire<\/strong> : l&rsquo;huile v\u00e9g\u00e9tale d\u2019encens favorise la <strong>r\u00e9paration des tissus<\/strong> et aide \u00e0 pr\u00e9venir les signes visibles de l&rsquo;\u00e2ge.<\/li>\n<li><strong>Soin apaisant<\/strong> : Calme les irritations cutan\u00e9es et aide \u00e0 <strong>r\u00e9duire les rougeurs<\/strong> et inflammations.<\/li>\n<li><strong>Renforcement de l\u2019immunit\u00e9<\/strong> : Stimule les <strong>d\u00e9fenses naturelles<\/strong> gr\u00e2ce \u00e0 ses propri\u00e9t\u00e9s antibact\u00e9riennes et antifongiques.<\/li>\n<\/ul>\n<h4><strong>Conseils d\u2019utilisation :<\/strong><\/h4>\n<ul>\n<li><strong>Application locale<\/strong> : M\u00e9langez quelques gouttes d\u2019huile d\u2019encens \u00e0 une huile v\u00e9g\u00e9tale (comme l&rsquo;huile de jojoba) et appliquez sur le visage pour un effet <strong>r\u00e9g\u00e9n\u00e9rant<\/strong> et <strong>anti-\u00e2ge<\/strong>.<\/li>\n<li><strong>Soin apaisant<\/strong> : Ajoutez l&rsquo;huile \u00e0 votre routine pour calmer la peau sensible et redonner de l&rsquo;\u00e9clat.<\/li>\n<li><strong>Massage relaxant<\/strong> : Diluez dans une huile de massage pour d\u00e9tendre les muscles et apaiser l\u2019esprit.<\/li>\n<li><strong>Bain revitalisant<\/strong> : Ajoutez quelques gouttes \u00e0 l&rsquo;eau du bain pour un effet <strong>apaisant<\/strong> sur le corps et un <strong>\u00e9quilibre \u00e9motionnel<\/strong>.<\/li>\n<\/ul>\n<h4><strong>Pr\u00e9cautions :<\/strong><\/h4>\n<p>Ne pas appliquer pure sur la peau.<\/p>\n<p>Tenir hors de port\u00e9e des enfants.<\/p>\n<p>Non recommand\u00e9 aux femmes enceintes ou allaitantes.<\/p>\n<p><strong>Bio Paradis<\/strong> vous garantit une huile v\u00e9g\u00e9tale d&rsquo;encens de qualit\u00e9 sup\u00e9rieure, extraite avec soin pour pr\u00e9server toutes ses propri\u00e9t\u00e9s naturelles.<\/p>\n<p>D\u00e9couvrez notre gamme de produits bio. Des <a href=\"https:\/\/bioparadis.com\/ar\/?product_cat=huile-vegetale\">huiles v\u00e9g\u00e9tales<\/a>, huiles essentielles, miel et ses d\u00e9riv\u00e9s alliant respect de la nature et bien-\u00eatre.<\/p>\n<p>Pour suivre notre actualit\u00e9, Rejoignez la communaut\u00e9 BioParadis sur <a href=\"http:\/\/www.instagram.com\/bioparadisma\" target=\"_blank\" rel=\"noopener\">Instagram<\/a> et suivre nos conseils au quotidien.<\/p>","protected":false},"excerpt":{"rendered":"<p><strong>Huile V\u00e9g\u00e9tale Pure<\/strong> : Extraite par distillation des r\u00e9sines d&rsquo;encens de la plus haute qualit\u00e9, 100% naturelle, sans produits chimiques ni conservateurs.<br \/>\nOffre une sensation de calme et de s\u00e9r\u00e9nit\u00e9, id\u00e9ale pour la m\u00e9ditation et la relaxation.<br \/>\nAide \u00e0 r\u00e9duire l&rsquo;apparence des rides et des ridules gr\u00e2ce \u00e0 ses propri\u00e9t\u00e9s r\u00e9g\u00e9n\u00e9ratrices et anti-inflammatoires.<br \/>\nPurifie, tonifie et revitalise la peau, id\u00e9ale pour les peaux matures ou sujettes aux imperfections.<\/p>","protected":false},"featured_media":2275,"comment_status":"closed","ping_status":"closed","template":"","meta":[],"product_brand":[],"product_cat":[56],"product_tag":[],"class_list":{"0":"post-2208","1":"product","2":"type-product","3":"status-publish","4":"has-post-thumbnail","6":"product_cat-huiles-vegetales","8":"first","9":"instock","10":"taxable","11":"shipping-taxable","12":"purchasable","13":"product-type-simple"},"_links":{"self":[{"href":"https:\/\/bioparadis.com\/ar\/wp-json\/wp\/v2\/product\/2208","targetHints":{"allow":["GET"]}}],"collection":[{"href":"https:\/\/bioparadis.com\/ar\/wp-json\/wp\/v2\/product"}],"about":[{"href":"https:\/\/bioparadis.com\/ar\/wp-json\/wp\/v2\/types\/product"}],"replies":[{"embeddable":true,"href":"https:\/\/bioparadis.com\/ar\/wp-json\/wp\/v2\/comments?post=2208"}],"wp:featuredmedia":[{"embeddable":true,"href":"https:\/\/bioparadis.com\/ar\/wp-json\/wp\/v2\/media\/2275"}],"wp:attachment":[{"href":"https:\/\/bioparadis.com\/ar\/wp-json\/wp\/v2\/media?parent=2208"}],"wp:term":[{"taxonomy":"product_brand","embeddable":true,"href":"https:\/\/bioparadis.com\/ar\/wp-json\/wp\/v2\/product_brand?post=2208"},{"taxonomy":"product_cat","embeddable":true,"href":"https:\/\/bioparadis.com\/ar\/wp-json\/wp\/v2\/product_cat?post=2208"},{"taxonomy":"product_tag","embeddable":true,"href":"https:\/\/bioparadis.com\/ar\/wp-json\/wp\/v2\/product_tag?post=2208"}],"curies":[{"name":"wp","href":"https:\/\/api.w.org\/{rel}","templated":true}]}}