{"id":2207,"date":"2024-09-27T08:59:45","date_gmt":"2024-09-27T08:59:45","guid":{"rendered":"http:\/\/bioparadis.com\/?post_type=product&#038;p=2207"},"modified":"2024-12-09T13:50:48","modified_gmt":"2024-12-09T13:50:48","slug":"huile-vegetale-de-verveine","status":"publish","type":"product","link":"https:\/\/bioparadis.com\/ar\/huile-vegetale-de-verveine\/","title":{"rendered":"Huile V\u00e9g\u00e9tale de Verveine"},"content":{"rendered":"<p>D\u00e9couvrez l\u2019<strong>huile v\u00e9g\u00e9tale de verveine<\/strong> Bio Paradis, extraite par pression \u00e0 froid des feuilles fra\u00eeches de Verbena officinalis. Cette huile au parfum citronn\u00e9 subtil est un v\u00e9ritable tr\u00e9sor botanique, appr\u00e9ci\u00e9 pour ses propri\u00e9t\u00e9s apaisantes et revitalisantes. Cultiv\u00e9e dans le respect de la nature et elle est obtenue selon un proc\u00e9d\u00e9 artisanal qui en garantit <strong>la puret\u00e9 et l&rsquo;efficacit\u00e9 . <\/strong>Cultiv\u00e9e dans le respect de la nature, l\u2019huile de verveine est obtenue par un proc\u00e9d\u00e9 artisanal. Gr\u00e2ce \u00e0 ce savoir-faire, vous b\u00e9n\u00e9ficiez d\u2019une huile de haute qualit\u00e9, id\u00e9ale pour votre bien-\u00eatre.<\/p>\n<h4><strong>Bienfaits et Propri\u00e9t\u00e9s :<\/strong><\/h4>\n<ul>\n<li><strong>Effet apaisant<\/strong> : l\u2019huile v\u00e9g\u00e9tale de verveine soulage le stress et l\u2019anxi\u00e9t\u00e9, offrant une <strong>sensation de bien-\u00eatre<\/strong> et de relaxation.<\/li>\n<li><strong>Revitalisation cutan\u00e9e<\/strong> : Aide \u00e0 <strong>raffermir<\/strong> et <strong>tonifier<\/strong> la peau, tout en lui redonnant son \u00e9clat naturel.<\/li>\n<li><strong>Action anti-inflammatoire<\/strong> : Apaise les irritations et les rougeurs, favorisant un <strong>confort durable<\/strong> pour les peaux sensibles.<\/li>\n<\/ul>\n<h4><strong>Conseils d\u2019utilisation :<\/strong><\/h4>\n<ul>\n<li><strong>Soin relaxant<\/strong> : M\u00e9langez l\u2019huile v\u00e9g\u00e9tale de verveine avec une huile porteuse et appliquez-la en massage pour <strong>d\u00e9tendre<\/strong> les muscles fatigu\u00e9s et r\u00e9duire les tensions.<\/li>\n<li><strong>Soin pour le visage<\/strong> : Ajoutez quelques gouttes \u00e0 votre cr\u00e8me hydratante pour un <strong>teint \u00e9clatant<\/strong> et une peau <strong>visiblement rafra\u00eechie<\/strong>.<\/li>\n<li><strong>Bain aromatique<\/strong> : Diluez 5 gouttes d\u2019huile dans une base neutre et ajoutez \u00e0 l\u2019eau du bain pour une <strong>exp\u00e9rience relaxante<\/strong> et revitalisante.<\/li>\n<li><strong>Soin des cheveux<\/strong> : Appliquez sur le cuir chevelu pour <strong>nourrir<\/strong> et <strong>renforcer<\/strong> les racines, tout en laissant un parfum l\u00e9ger et agr\u00e9able.<\/li>\n<\/ul>\n<h4><strong>Pr\u00e9cautions :\u00a0<\/strong><\/h4>\n<p>Ne pas utiliser pure sur la peau.<\/p>\n<p>Tenir hors de port\u00e9e des enfants.<\/p>\n<p>D\u00e9conseill\u00e9 aux femmes enceintes et aux jeunes enfants.<\/p>\n<p><strong>Bio Paradis<\/strong> vous garantit une Huile V\u00e9g\u00e9tale de Verveine de qualit\u00e9 sup\u00e9rieure, extraite avec soin pour pr\u00e9server toutes ses propri\u00e9t\u00e9s naturelles.<\/p>\n<p>D\u00e9couvrez notre gamme de produits bio. Des <a href=\"https:\/\/bioparadis.com\/ar\/?product_cat=huile-vegetale\">huiles v\u00e9g\u00e9tales<\/a>, huiles essentielles, miel et ses d\u00e9riv\u00e9s alliant respect de la nature et bien-\u00eatre.<\/p>\n<p>Pour suivre notre actualit\u00e9, Rejoignez la communaut\u00e9 BioParadis sur <a href=\"http:\/\/www.instagram.com\/bioparadisma\" target=\"_blank\" rel=\"noopener\">Instagram<\/a> et suivre nos conseils au quotidien.<\/p>","protected":false},"excerpt":{"rendered":"<p><strong>Huile V\u00e9g\u00e9tale Pure :<\/strong> Extraite par distillation des feuilles de verveine, 100% naturelle, sans produits chimiques ni conservateurs.<br \/>\n<strong>Propri\u00e9t\u00e9s Revigorantes<\/strong> : Apporte une sensation de fra\u00eecheur et de vivacit\u00e9, id\u00e9ale pour revitaliser le corps et l\u2019esprit.<br \/>\n<strong>Soin de la Peau&lt;\/str<\/strong>ong&gt; : Raffermit et tonifie la peau, tout en offrant une hydratation l\u00e9g\u00e8re et rafra\u00eechissante.<br \/>\n<strong>Soin des Cheveux :<\/strong> Renforce et revitalise les cheveux, leur apportant brillance et douceur.<\/p>","protected":false},"featured_media":2309,"comment_status":"closed","ping_status":"closed","template":"","meta":[],"product_brand":[],"product_cat":[56],"product_tag":[],"class_list":{"0":"post-2207","1":"product","2":"type-product","3":"status-publish","4":"has-post-thumbnail","6":"product_cat-huiles-vegetales","8":"first","9":"instock","10":"taxable","11":"shipping-taxable","12":"purchasable","13":"product-type-simple"},"_links":{"self":[{"href":"https:\/\/bioparadis.com\/ar\/wp-json\/wp\/v2\/product\/2207","targetHints":{"allow":["GET"]}}],"collection":[{"href":"https:\/\/bioparadis.com\/ar\/wp-json\/wp\/v2\/product"}],"about":[{"href":"https:\/\/bioparadis.com\/ar\/wp-json\/wp\/v2\/types\/product"}],"replies":[{"embeddable":true,"href":"https:\/\/bioparadis.com\/ar\/wp-json\/wp\/v2\/comments?post=2207"}],"wp:featuredmedia":[{"embeddable":true,"href":"https:\/\/bioparadis.com\/ar\/wp-json\/wp\/v2\/media\/2309"}],"wp:attachment":[{"href":"https:\/\/bioparadis.com\/ar\/wp-json\/wp\/v2\/media?parent=2207"}],"wp:term":[{"taxonomy":"product_brand","embeddable":true,"href":"https:\/\/bioparadis.com\/ar\/wp-json\/wp\/v2\/product_brand?post=2207"},{"taxonomy":"product_cat","embeddable":true,"href":"https:\/\/bioparadis.com\/ar\/wp-json\/wp\/v2\/product_cat?post=2207"},{"taxonomy":"product_tag","embeddable":true,"href":"https:\/\/bioparadis.com\/ar\/wp-json\/wp\/v2\/product_tag?post=2207"}],"curies":[{"name":"wp","href":"https:\/\/api.w.org\/{rel}","templated":true}]}}