{"id":2204,"date":"2024-09-27T08:59:43","date_gmt":"2024-09-27T08:59:43","guid":{"rendered":"http:\/\/bioparadis.com\/?post_type=product&#038;p=2204"},"modified":"2024-10-04T12:03:55","modified_gmt":"2024-10-04T12:03:55","slug":"huile-vegetale-de-rose","status":"publish","type":"product","link":"https:\/\/bioparadis.com\/ar\/huile-vegetale-de-rose\/","title":{"rendered":"Huile V\u00e9g\u00e9tale de Rose"},"content":{"rendered":"<p>L\u2019<strong>huile V\u00e9g\u00e9tale de Rose<\/strong> Bio Paradis, extraite avec le plus grand soin des p\u00e9tales de roses les plus d\u00e9licates. Cette huile luxueuse est renomm\u00e9e pour ses bienfaits r\u00e9g\u00e9n\u00e9rants et hydratants, ce qui la rend id\u00e9ale pour raviver l\u2019\u00e9clat et la jeunesse de votre peau. Riche en antioxydants et en vitamines essentielles, elle\u00a0 aide \u00e0 prot\u00e9ger la peau des signes visibles du vieillissement tout en renfor\u00e7ant sa barri\u00e8re naturelle. En int\u00e9grant cette huile dans votre routine de soins, vous offrez \u00e0 votre peau un v\u00e9ritable cadeau de douceur et de vitalit\u00e9, pour un teint radieux au quotidien.<\/p>\n<h4><strong>Bienfaits et Propri\u00e9t\u00e9s :<\/strong><\/h4>\n<ul>\n<li><strong>Anti-\u00e2ge puissant<\/strong> : L&rsquo;huile V\u00e9g\u00e9tale de Rose lutte contre les rides et ridules gr\u00e2ce \u00e0 ses <strong>vertus r\u00e9g\u00e9n\u00e9rantes<\/strong>.<\/li>\n<li><strong>Hydratation intense<\/strong> : Nourrit en profondeur, particuli\u00e8rement b\u00e9n\u00e9fique pour les <strong>peaux s\u00e8ches<\/strong> et <strong>d\u00e9shydrat\u00e9es<\/strong>.<\/li>\n<li><strong>R\u00e9paration cutan\u00e9e<\/strong> : Apaise et r\u00e9pare les peaux ab\u00eem\u00e9es, tout en am\u00e9liorant leur <strong>\u00e9lasticit\u00e9<\/strong> et <strong>douceur<\/strong>.<\/li>\n<\/ul>\n<h4><strong>Conseils d\u2019utilisation :<\/strong><\/h4>\n<ul>\n<li><strong>Soin quotidien<\/strong> : Appliquez quelques gouttes d\u2019huile V\u00e9g\u00e9tale de Rose sur une peau propre matin et soir pour une hydratation optimale.<\/li>\n<li><strong>S\u00e9rum anti-\u00e2ge<\/strong> : Ajoutez \u00e0 votre cr\u00e8me de nuit pour stimuler la <strong>r\u00e9g\u00e9n\u00e9ration cellulaire<\/strong> et raffermir la peau.<\/li>\n<li><strong>Soin apr\u00e8s-soleil<\/strong> : Appliquez l&rsquo;huile de rose apr\u00e8s une exposition au soleil pour apaiser et hydrater la peau en profondeur.<\/li>\n<li><strong>Soin capillaire<\/strong> : Utilisez cette huile en masque sur les cheveux pour renforcer et nourrir les <strong>pointes s\u00e8ches<\/strong>, tout en leur apportant <strong>brillance<\/strong> et <strong>douceur<\/strong>.<\/li>\n<\/ul>\n<h4><strong>Pr\u00e9cautions<\/strong> :<\/h4>\n<p>Utiliser dilu\u00e9e pour les peaux sensibles.<\/p>\n<p>Garder hors de port\u00e9e des enfants.<\/p>\n<p>Non recommand\u00e9 pour les femmes enceintes.<\/p>\n<p><strong>Bio Paradis<\/strong> vous garantit une huile v\u00e9g\u00e9tale de Rose de qualit\u00e9 sup\u00e9rieure, extraite avec soin pour pr\u00e9server toutes ses propri\u00e9t\u00e9s naturelles.<\/p>\n<p>D\u00e9couvrez notre gamme de produits bio. Des <a href=\"https:\/\/bioparadis.com\/ar\/?product_cat=huile-vegetale\">huiles v\u00e9g\u00e9tales<\/a>, huiles essentielles, miel et ses d\u00e9riv\u00e9s alliant respect de la nature et bien-\u00eatre.<\/p>\n<p>Pour suivre notre actualit\u00e9, Rejoignez la communaut\u00e9 BioParadis sur <a href=\"http:\/\/www.instagram.com\/bioparadisma\" target=\"_blank\" rel=\"noopener\">Instagram<\/a> et suivre nos conseils au quotidien.<\/p>","protected":false},"excerpt":{"rendered":"<p><strong>Huile V\u00e9g\u00e9tale Pure :&amp;lt;\/strong&gt; Extraite des p\u00e9tales de rose de qualit\u00e9 sup\u00e9rieure, 100% naturelle, sans aucun additif chimique.<br \/>\n<strong>R\u00e9g\u00e9n\u00e9ration Cutan\u00e9e :<\/strong> Stimule la r\u00e9g\u00e9n\u00e9ration des tissus, id\u00e9ale pour r\u00e9parer les peaux ab\u00eem\u00e9es et matures.<br \/>\n<strong>Hydratation Intense :<\/strong> Nourrit profond\u00e9ment, apportant \u00e9clat et douceur \u00e0 la peau.<br class=\"yoast-text-mark\" \/>&gt;<strong>Anti-\u00e2ge Naturel :<\/strong> Riche en antioxydants, elle aide \u00e0 pr\u00e9venir les rides et \u00e0 estomper les taches.<br \/>\nLes produits de Bioparadis sont des produits de qualit\u00e9. Nous proposons une large gamme de produits naturels et bio, des huiles essentielles, des huiles v\u00e9g\u00e9tales, miel et ses d\u00e9riv\u00e9s. Un d\u00e9licat parfum floral qui apaise et relaxe<\/strong><\/p>","protected":false},"featured_media":2805,"comment_status":"closed","ping_status":"closed","template":"","meta":[],"product_brand":[],"product_cat":[56],"product_tag":[],"class_list":{"0":"post-2204","1":"product","2":"type-product","3":"status-publish","4":"has-post-thumbnail","6":"product_cat-huiles-vegetales","8":"first","9":"instock","10":"taxable","11":"shipping-taxable","12":"purchasable","13":"product-type-simple"},"_links":{"self":[{"href":"https:\/\/bioparadis.com\/ar\/wp-json\/wp\/v2\/product\/2204","targetHints":{"allow":["GET"]}}],"collection":[{"href":"https:\/\/bioparadis.com\/ar\/wp-json\/wp\/v2\/product"}],"about":[{"href":"https:\/\/bioparadis.com\/ar\/wp-json\/wp\/v2\/types\/product"}],"replies":[{"embeddable":true,"href":"https:\/\/bioparadis.com\/ar\/wp-json\/wp\/v2\/comments?post=2204"}],"wp:featuredmedia":[{"embeddable":true,"href":"https:\/\/bioparadis.com\/ar\/wp-json\/wp\/v2\/media\/2805"}],"wp:attachment":[{"href":"https:\/\/bioparadis.com\/ar\/wp-json\/wp\/v2\/media?parent=2204"}],"wp:term":[{"taxonomy":"product_brand","embeddable":true,"href":"https:\/\/bioparadis.com\/ar\/wp-json\/wp\/v2\/product_brand?post=2204"},{"taxonomy":"product_cat","embeddable":true,"href":"https:\/\/bioparadis.com\/ar\/wp-json\/wp\/v2\/product_cat?post=2204"},{"taxonomy":"product_tag","embeddable":true,"href":"https:\/\/bioparadis.com\/ar\/wp-json\/wp\/v2\/product_tag?post=2204"}],"curies":[{"name":"wp","href":"https:\/\/api.w.org\/{rel}","templated":true}]}}