{"id":2203,"date":"2024-09-27T08:59:43","date_gmt":"2024-09-27T08:59:43","guid":{"rendered":"http:\/\/bioparadis.com\/?post_type=product&#038;p=2203"},"modified":"2024-10-04T09:38:14","modified_gmt":"2024-10-04T09:38:14","slug":"huile-vegetale-de-romarin","status":"publish","type":"product","link":"https:\/\/bioparadis.com\/ar\/huile-vegetale-de-romarin\/","title":{"rendered":"Huile V\u00e9g\u00e9tale de Romarin"},"content":{"rendered":"<p>L\u2019<strong>huile V\u00e9g\u00e9tale de Romarin<\/strong> Bio Paradis, soigneusement extraite par distillation \u00e0 la vapeur des feuilles et des sommit\u00e9s fleuries de cette plante aromatique. Appr\u00e9ci\u00e9e pour ses propri\u00e9t\u00e9s revitalisantes et tonifiantes, cette huile V\u00e9g\u00e9tale de Romarin offre une sensation de fra\u00eecheur et de dynamisme. Elle enrichit votre routine de beaut\u00e9 tout en apportant des bienfaits exceptionnels \u00e0 votre peau et \u00e0 vos cheveux. Int\u00e9grez-la dans vos soins quotidiens pour profiter pleinement de ses vertus naturelles et revitalisantes.<\/p>\n<h4><strong>Bienfaits et Propri\u00e9t\u00e9s :<\/strong><\/h4>\n<ul>\n<li><strong>Protection antioxydante<\/strong> : L&rsquo;huile de romarin est riche en acides caf\u00e9ique, elle prot\u00e8ge la peau des <strong>agressions ext\u00e9rieures<\/strong> et des <strong>radicaux libres<\/strong>.<\/li>\n<li><strong>Effet lissant<\/strong> : Aide \u00e0 att\u00e9nuer les <strong>rides<\/strong> et les <strong>ridules<\/strong>, tout en favorisant un teint plus <strong>\u00e9clatant<\/strong> et <strong>homog\u00e8ne<\/strong>.<\/li>\n<li><strong>Stimulateur capillaire<\/strong> : Am\u00e9liore la circulation sanguine du cuir chevelu, renfor\u00e7ant les follicules pileux et favorisant ainsi la croissance des cheveux.<\/li>\n<\/ul>\n<h4><strong>Conseils d\u2019utilisation :<\/strong><\/h4>\n<ul>\n<li><strong>Soin pour la peau<\/strong> :\n<div class=\"flex max-w-full flex-col flex-grow\">\n<div class=\"min-h-8 text-message flex w-full flex-col items-end gap-2 whitespace-normal break-words [.text-message+&amp;]:mt-5\" dir=\"auto\" data-message-author-role=\"assistant\" data-message-id=\"d22a052c-0b92-4ded-b690-2806d0871680\">\n<div class=\"flex w-full flex-col gap-1 empty:hidden first:pt-[3px]\">\n<div class=\"markdown prose w-full break-words dark:prose-invert light\">\n<p>Appliquez quelques gouttes d&rsquo;huile v\u00e9g\u00e9tale de romarin sur le visage pour un effet tonifiant et revitalisant, id\u00e9al pour les peaux fatigu\u00e9es .<\/p>\n<\/div>\n<\/div>\n<\/div>\n<\/div>\n<\/li>\n<li><strong>S\u00e9rum anti-\u00e2ge<\/strong> : Int\u00e9grez \u00e0 votre routine nocturne pour am\u00e9liorer l\u2019<strong>\u00e9lasticit\u00e9<\/strong> et la <strong>luminosit\u00e9<\/strong> de la peau.<\/li>\n<li><strong>Traitement capillaire<\/strong> : Massez l&rsquo;huile de romarin sur le cuir chevelu pour stimuler la croissance des cheveux, r\u00e9duire la chute et apaiser les irritations.<\/li>\n<li><strong>Soin antipelliculaire<\/strong> : Ajoutez cette huile \u00e0 votre shampooing pour lutter efficacement contre les <strong>pellicules<\/strong> et les <strong>d\u00e9mangeaisons<\/strong>.<\/li>\n<\/ul>\n<h4><strong>Pr\u00e9cautions<\/strong> :<\/h4>\n<p>\u00c0 utiliser dilu\u00e9e pour les peaux sensibles.<\/p>\n<p>Tenir hors de port\u00e9e des enfants.<\/p>\n<p>\u00c9viter pendant la grossesse.<\/p>\n<p><strong>Bio Paradis<\/strong> vous garantit une huile V\u00e9g\u00e9tale de Romarin de qualit\u00e9 sup\u00e9rieure, extraite avec soin pour pr\u00e9server toutes ses propri\u00e9t\u00e9s naturelles.<\/p>\n<p>D\u00e9couvrez notre gamme de produits bio. Des <a href=\"https:\/\/bioparadis.com\/ar\/?product_cat=huile-vegetale\">huiles v\u00e9g\u00e9tales<\/a>, huiles essentielles, miel et ses d\u00e9riv\u00e9s alliant respect de la nature et bien-\u00eatre.<\/p>\n<p>Pour suivre notre actualit\u00e9, Rejoignez la communaut\u00e9 BioParadis sur <a href=\"http:\/\/www.instagram.com\/bioparadisma\" target=\"_blank\" rel=\"noopener\">Instagram<\/a> et suivre nos conseils au quotidien.<\/p>","protected":false},"excerpt":{"rendered":"<p><strong>Huile V\u00e9g\u00e9tale Pure<\/strong> : Extraite des feuilles et des sommit\u00e9s fleuries de romarin, 100% naturelle, sans produits chimiques ni conservateurs.<br \/>\n<strong>Propri\u00e9t\u00e9s Stimulantes :<\/strong> Revitalise et dynamise la peau et les cheveux, apportant un effet vivifiant et tonifiant.<br \/>\n<strong>Propri\u00e9t\u00e9s Antioxydantes :<\/strong> Aide \u00e0 combattre les radicaux libres, pr\u00e9vient le vieillissement pr\u00e9matur\u00e9 de la peau.<br \/>\n<strong>Soin Capillaire :<\/strong> Favorise la croissance des cheveux, renforce les follicules et aide \u00e0 lutter contre la chute des cheveux.<\/p>","protected":false},"featured_media":2302,"comment_status":"closed","ping_status":"closed","template":"","meta":[],"product_brand":[],"product_cat":[56],"product_tag":[],"class_list":{"0":"post-2203","1":"product","2":"type-product","3":"status-publish","4":"has-post-thumbnail","6":"product_cat-huiles-vegetales","8":"first","9":"instock","10":"taxable","11":"shipping-taxable","12":"purchasable","13":"product-type-simple"},"_links":{"self":[{"href":"https:\/\/bioparadis.com\/ar\/wp-json\/wp\/v2\/product\/2203","targetHints":{"allow":["GET"]}}],"collection":[{"href":"https:\/\/bioparadis.com\/ar\/wp-json\/wp\/v2\/product"}],"about":[{"href":"https:\/\/bioparadis.com\/ar\/wp-json\/wp\/v2\/types\/product"}],"replies":[{"embeddable":true,"href":"https:\/\/bioparadis.com\/ar\/wp-json\/wp\/v2\/comments?post=2203"}],"wp:featuredmedia":[{"embeddable":true,"href":"https:\/\/bioparadis.com\/ar\/wp-json\/wp\/v2\/media\/2302"}],"wp:attachment":[{"href":"https:\/\/bioparadis.com\/ar\/wp-json\/wp\/v2\/media?parent=2203"}],"wp:term":[{"taxonomy":"product_brand","embeddable":true,"href":"https:\/\/bioparadis.com\/ar\/wp-json\/wp\/v2\/product_brand?post=2203"},{"taxonomy":"product_cat","embeddable":true,"href":"https:\/\/bioparadis.com\/ar\/wp-json\/wp\/v2\/product_cat?post=2203"},{"taxonomy":"product_tag","embeddable":true,"href":"https:\/\/bioparadis.com\/ar\/wp-json\/wp\/v2\/product_tag?post=2203"}],"curies":[{"name":"wp","href":"https:\/\/api.w.org\/{rel}","templated":true}]}}