{"id":2195,"date":"2024-09-27T08:59:38","date_gmt":"2024-09-27T08:59:38","guid":{"rendered":"http:\/\/bioparadis.com\/?post_type=product&#038;p=2195"},"modified":"2024-10-05T21:41:52","modified_gmt":"2024-10-05T21:41:52","slug":"huile-vegetale-de-girofle","status":"publish","type":"product","link":"https:\/\/bioparadis.com\/ar\/huile-vegetale-de-girofle\/","title":{"rendered":"Huile V\u00e9g\u00e9tale de Girofle"},"content":{"rendered":"<div class=\"flex-1 overflow-hidden\">\n<div class=\"h-full\">\n<div class=\"react-scroll-to-bottom--css-bffng-79elbk h-full\">\n<div class=\"react-scroll-to-bottom--css-bffng-1n7m0yu\">\n<div class=\"flex flex-col text-sm md:pb-9\">\n<article class=\"w-full text-token-text-primary focus-visible:outline-2 focus-visible:outline-offset-[-4px]\" dir=\"auto\" data-testid=\"conversation-turn-283\" data-scroll-anchor=\"true\">\n<div class=\"text-base py-[18px] px-3 md:px-4 m-auto w-full md:px-5 lg:px-4 xl:px-5\">\n<div class=\"mx-auto flex flex-1 gap-4 text-base md:gap-5 lg:gap-6 md:max-w-3xl lg:max-w-[40rem] xl:max-w-[48rem]\">\n<div class=\"group\/conversation-turn relative flex w-full min-w-0 flex-col agent-turn\">\n<div class=\"flex-col gap-1 md:gap-3\">\n<div class=\"flex max-w-full flex-col flex-grow\">\n<div class=\"min-h-8 text-message flex w-full flex-col items-end gap-2 whitespace-normal break-words [.text-message+&amp;]:mt-5\" dir=\"auto\" data-message-author-role=\"assistant\" data-message-id=\"93eb98a5-802c-4466-8ed2-78cdedc4b09e\">\n<div class=\"flex w-full flex-col gap-1 empty:hidden first:pt-[3px]\">\n<div class=\"markdown prose w-full break-words dark:prose-invert light\">\n<p>D\u00e9couvrez notre Huile V\u00e9g\u00e9tale de Girofle Bio Paradis, un v\u00e9ritable tr\u00e9sor de la nature. Cette huile est obtenue par distillation \u00e0 la vapeur des boutons floraux de girofle, alliant tradition et savoir-faire artisanal. Chaque goutte renferme l\u2019essence de cette \u00e9pice embl\u00e9matique, offrant ainsi une puret\u00e9 et une qualit\u00e9 exceptionnelles. Reconnue pour ses propri\u00e9t\u00e9s b\u00e9n\u00e9fiques, l&rsquo;huile de girofle est un alli\u00e9 pr\u00e9cieux pour le corps et l&rsquo;esprit. Sa fragrance chaleureuse et \u00e9pic\u00e9e apporte une touche apaisante \u00e0 vos rituels de bien-\u00eatre. Utilisez-la pour nourrir votre peau ou revitaliser vos cheveux et profitez de ses bienfaits uniques.<\/p>\n<\/div>\n<\/div>\n<\/div>\n<\/div>\n<\/div>\n<\/div>\n<\/div>\n<\/div>\n<\/article>\n<\/div>\n<\/div>\n<\/div>\n<\/div>\n<\/div>\n<h4><strong>Bienfaits et Propri\u00e9t\u00e9s :<\/strong><\/h4>\n<ul>\n<li><strong>Propri\u00e9t\u00e9s apaisantes :<\/strong> Reconnu pour ses effets relaxants, le girofle aide \u00e0 r\u00e9duire le stress et l&rsquo;anxi\u00e9t\u00e9, favorisant une sensation de s\u00e9r\u00e9nit\u00e9.<\/li>\n<li><strong>Action antioxydante :<\/strong> Riche en compos\u00e9s b\u00e9n\u00e9fiques, cette huile contribue \u00e0 neutraliser les radicaux libres, prot\u00e9geant ainsi la peau des dommages environnementaux.<\/li>\n<li><strong>Soutien immunitaire :<\/strong> Gr\u00e2ce \u00e0 ses propri\u00e9t\u00e9s purifiantes, elle aide \u00e0 renforcer les d\u00e9fenses naturelles de l&rsquo;organisme, parfait pour les p\u00e9riodes de fatigue.<\/li>\n<\/ul>\n<h4><strong>Conseils d\u2019utilisation :<\/strong><\/h4>\n<ul>\n<li><strong>Aromath\u00e9rapie :<\/strong> Ajoutez quelques gouttes dans un diffuseur pour cr\u00e9er une atmosph\u00e8re apaisante et revitalisante, id\u00e9ale pour les moments de d\u00e9tente.<\/li>\n<li><strong>Soin de la peau :<\/strong> Diluez l\u2019huile avec une huile porteuse et appliquez sur les zones concern\u00e9es pour b\u00e9n\u00e9ficier de ses propri\u00e9t\u00e9s r\u00e9paratrices et apaisantes.<\/li>\n<li><strong>Bain relaxant :<\/strong> Incorporez quelques gouttes \u00e0 votre bain pour un moment de relaxation intense et une sensation de bien-\u00eatre.<\/li>\n<\/ul>\n<h4><strong>Pr\u00e9cautions<\/strong> :<\/h4>\n<p>D\u00e9conseill\u00e9 aux femmes enceintes et aux jeunes enfants.<br \/>\nUsage externe uniquement.<br \/>\nTenir hors de port\u00e9e des enfants.<br \/>\nConserver \u00e0 l\u2019abri de la lumi\u00e8re et de la chaleur.<\/p>\n<p><strong>Bio Paradis<\/strong> vous garantit une Huile V\u00e9g\u00e9tale de Girofle de qualit\u00e9 sup\u00e9rieure, extraite avec soin pour pr\u00e9server toutes ses propri\u00e9t\u00e9s naturelles.<\/p>\n<p>D\u00e9couvrez notre gamme de produits bio. Des <a href=\"https:\/\/bioparadis.com\/ar\/?product_cat=huile-vegetale\">huiles v\u00e9g\u00e9tales<\/a>, huiles essentielles, miel et ses d\u00e9riv\u00e9s alliant respect de la nature et bien-\u00eatre.<\/p>\n<p>Pour suivre notre actualit\u00e9, Rejoignez la communaut\u00e9 BioParadis sur <a href=\"http:\/\/www.instagram.com\/bioparadisma\" target=\"_blank\" rel=\"noopener\">Instagram<\/a> et suivre nos conseils au quotidien.<\/p>","protected":false},"excerpt":{"rendered":"<p><strong>100% Naturelle et Bio :<\/strong> Distill\u00e9e \u00e0 partir des meilleurs boutons de girofle, sans aucun ingr\u00e9dient artificiel.<br \/>\n<strong>Propri\u00e9t\u00e9s Antiseptiques et Antioxydantes<\/strong> : Renfor\u00e7ant la peau et apaisant les douleurs.<br \/>\n<strong>Polyvalente et Pratique :<\/strong> Id\u00e9ale pour l\u2019aromath\u00e9rapie, les soins personnels et m\u00eame pour l&rsquo;hygi\u00e8ne dentaire.<br \/>\n<strong>Puissance Apaisante :<\/strong> R\u00e9duit naturellement les inflammations et soulage les douleurs musculaires.<\/p>","protected":false},"featured_media":2267,"comment_status":"closed","ping_status":"closed","template":"","meta":[],"product_brand":[],"product_cat":[56],"product_tag":[],"class_list":{"0":"post-2195","1":"product","2":"type-product","3":"status-publish","4":"has-post-thumbnail","6":"product_cat-huiles-vegetales","8":"first","9":"instock","10":"taxable","11":"shipping-taxable","12":"purchasable","13":"product-type-simple"},"_links":{"self":[{"href":"https:\/\/bioparadis.com\/ar\/wp-json\/wp\/v2\/product\/2195","targetHints":{"allow":["GET"]}}],"collection":[{"href":"https:\/\/bioparadis.com\/ar\/wp-json\/wp\/v2\/product"}],"about":[{"href":"https:\/\/bioparadis.com\/ar\/wp-json\/wp\/v2\/types\/product"}],"replies":[{"embeddable":true,"href":"https:\/\/bioparadis.com\/ar\/wp-json\/wp\/v2\/comments?post=2195"}],"wp:featuredmedia":[{"embeddable":true,"href":"https:\/\/bioparadis.com\/ar\/wp-json\/wp\/v2\/media\/2267"}],"wp:attachment":[{"href":"https:\/\/bioparadis.com\/ar\/wp-json\/wp\/v2\/media?parent=2195"}],"wp:term":[{"taxonomy":"product_brand","embeddable":true,"href":"https:\/\/bioparadis.com\/ar\/wp-json\/wp\/v2\/product_brand?post=2195"},{"taxonomy":"product_cat","embeddable":true,"href":"https:\/\/bioparadis.com\/ar\/wp-json\/wp\/v2\/product_cat?post=2195"},{"taxonomy":"product_tag","embeddable":true,"href":"https:\/\/bioparadis.com\/ar\/wp-json\/wp\/v2\/product_tag?post=2195"}],"curies":[{"name":"wp","href":"https:\/\/api.w.org\/{rel}","templated":true}]}}