{"id":2192,"date":"2024-09-27T08:59:36","date_gmt":"2024-09-27T08:59:36","guid":{"rendered":"http:\/\/bioparadis.com\/?post_type=product&#038;p=2192"},"modified":"2024-12-09T13:50:59","modified_gmt":"2024-12-09T13:50:59","slug":"huile-vegetale-fleur-dorange","status":"publish","type":"product","link":"https:\/\/bioparadis.com\/ar\/huile-vegetale-fleur-dorange\/","title":{"rendered":"Huile V\u00e9g\u00e9tale Fleur d&rsquo;Orange"},"content":{"rendered":"<div class=\"flex-1 overflow-hidden\">\n<div class=\"h-full\">\n<div class=\"react-scroll-to-bottom--css-bffng-79elbk h-full\">\n<div class=\"react-scroll-to-bottom--css-bffng-1n7m0yu\">\n<div class=\"flex flex-col text-sm md:pb-9\">\n<article class=\"w-full text-token-text-primary focus-visible:outline-2 focus-visible:outline-offset-[-4px]\" dir=\"auto\" data-testid=\"conversation-turn-285\" data-scroll-anchor=\"true\">\n<div class=\"text-base py-[18px] px-3 md:px-4 m-auto w-full md:px-5 lg:px-4 xl:px-5\">\n<div class=\"mx-auto flex flex-1 gap-4 text-base md:gap-5 lg:gap-6 md:max-w-3xl lg:max-w-[40rem] xl:max-w-[48rem]\">\n<div class=\"group\/conversation-turn relative flex w-full min-w-0 flex-col agent-turn\">\n<div class=\"flex-col gap-1 md:gap-3\">\n<div class=\"flex max-w-full flex-col flex-grow\">\n<div class=\"min-h-8 text-message flex w-full flex-col items-end gap-2 whitespace-normal break-words [.text-message+&amp;]:mt-5\" dir=\"auto\" data-message-author-role=\"assistant\" data-message-id=\"28c4e693-f847-4a1f-846b-58508a05fafb\">\n<div class=\"flex w-full flex-col gap-1 empty:hidden first:pt-[3px]\">\n<div class=\"markdown prose w-full break-words dark:prose-invert light\">\n<p>D\u00e9couvrez l\u2019Huile v\u00e9g\u00e9tale Fleur d&rsquo;Orange Bio Paradis, un v\u00e9ritable tr\u00e9sor extrait des fleurs d\u00e9licates de l&rsquo;oranger. Appr\u00e9ci\u00e9e pour ses propri\u00e9t\u00e9s apaisantes, cette huile pr\u00e9cieuse offre un parfum envo\u00fbtant qui cr\u00e9e une atmosph\u00e8re de s\u00e9r\u00e9nit\u00e9. Chaque goutte de cette essence raffin\u00e9e apporte une touche de bien-\u00eatre \u00e0 votre quotidien. Utilisez-la pour profiter de ses effets relaxants et transformez vos rituels de soins en un moment de pure indulgence. Laissez-vous emporter par son essence douce et enveloppante, pour un \u00e9quilibre parfait entre corps et esprit.<\/p>\n<\/div>\n<\/div>\n<\/div>\n<\/div>\n<\/div>\n<\/div>\n<\/div>\n<\/div>\n<\/article>\n<\/div>\n<\/div>\n<\/div>\n<\/div>\n<\/div>\n<h4><strong>Bienfaits et Propri\u00e9t\u00e9s :<\/strong><\/h4>\n<ul>\n<li><strong>\u00c9clat et nutrition de la peau :<\/strong> L&rsquo;huile v\u00e9g\u00e9tale fleur d&rsquo;orange est parfaite pour illuminer les teints ternes. Sa formulation l\u00e9g\u00e8re assure une absorption rapide, offrant une hydratation d\u00e9licate et un teint visiblement am\u00e9lior\u00e9. Elle s\u2019av\u00e8re particuli\u00e8rement b\u00e9n\u00e9fique pour les peaux fatigu\u00e9es ou en manque d\u2019\u00e9clat, leur redonnant vitalit\u00e9 et luminosit\u00e9.<\/li>\n<li><strong>\u00c9lixir capillaire :<\/strong> Pour les cheveux, cette huile agit comme un v\u00e9ritable soin revitalisant. Elle hydrate intens\u00e9ment, tout en assouplissant et en apportant une brillance resplendissante. Adapt\u00e9e aux cheveux secs ou ab\u00eem\u00e9s, elle restaure leur beaut\u00e9 naturelle et leur conf\u00e8re une douceur soyeuse.<\/li>\n<\/ul>\n<h4><strong>Conseils d\u2019utilisation :<\/strong><\/h4>\n<ul>\n<li><strong>Soin quotidien :<\/strong> Appliquez quelques gouttes sur le visage et le cou apr\u00e8s nettoyage pour b\u00e9n\u00e9ficier d\u2019une hydratation imm\u00e9diate et d\u2019un \u00e9clat naturel.<\/li>\n<li><strong>Masque nourrissant :<\/strong> M\u00e9langez l&rsquo;huile de fleur d&rsquo;orange avec votre cr\u00e8me hydratante ou votre huile habituelle pour cr\u00e9er un masque nourrissant, \u00e0 laisser poser pendant la nuit.<\/li>\n<li><strong>Soin des cheveux :<\/strong> Utilisez une petite quantit\u00e9 sur les longueurs et les pointes pour hydrater et apporter de la brillance, en particulier apr\u00e8s le lavage.<\/li>\n<\/ul>\n<h4><strong>Pr\u00e9cautions<\/strong> :<\/h4>\n<p>\u00c0 utiliser avec mod\u00e9ration sur les peaux r\u00e9actives.<br \/>\n\u00c9viter tout contact avec les yeux.<br \/>\nConserver hors de port\u00e9e des enfants.<br \/>\nEn cas de doute, consultez un professionnel de sant\u00e9 avant l\u2019utilisation.<\/p>\n<p><strong>Bio Paradis<\/strong> vous garantit une huile V\u00e9g\u00e9tale Fleur d&rsquo;Orange de qualit\u00e9 sup\u00e9rieure, extraite avec soin pour pr\u00e9server toutes ses propri\u00e9t\u00e9s naturelles.<\/p>\n<p>D\u00e9couvrez notre gamme de produits bio. Des <a href=\"https:\/\/bioparadis.com\/ar\/?product_cat=huile-vegetale\">huiles v\u00e9g\u00e9tales<\/a>, huiles essentielles, miel et ses d\u00e9riv\u00e9s alliant respect de la nature et bien-\u00eatre.<\/p>\n<p>Pour suivre notre actualit\u00e9, Rejoignez la communaut\u00e9 BioParadis sur <a href=\"http:\/\/www.instagram.com\/bioparadisma\" target=\"_blank\" rel=\"noopener\">Instagram<\/a> et suivre nos conseils au quotidien.<\/p>","protected":false},"excerpt":{"rendered":"<p><strong>Huile V\u00e9g\u00e9tale Pure :<\/strong> Extraite par distillation des fleurs d&rsquo;oranger, 100% naturelle, sans produits chimiques ni conservateurs.<br \/>\n<strong>Propri\u00e9t\u00e9s Apaisantes<\/strong> : R\u00e9duit le stress et favorise un sentiment de calme et de relaxation.<br \/>\n<strong>Soin de la Peau :<\/strong> Nourrit, illumine et \u00e9quilibre les teints ternes, tout en offrant une hydratation l\u00e9g\u00e8re.<br \/>\n<strong>Soin des Cheveux :<\/strong> Apporte brillance et douceur, tout en revitalisant les cheveux fatigu\u00e9s.<\/p>","protected":false},"featured_media":2270,"comment_status":"closed","ping_status":"closed","template":"","meta":[],"product_brand":[],"product_cat":[56],"product_tag":[],"class_list":{"0":"post-2192","1":"product","2":"type-product","3":"status-publish","4":"has-post-thumbnail","6":"product_cat-huiles-vegetales","8":"first","9":"instock","10":"taxable","11":"shipping-taxable","12":"purchasable","13":"product-type-simple"},"_links":{"self":[{"href":"https:\/\/bioparadis.com\/ar\/wp-json\/wp\/v2\/product\/2192","targetHints":{"allow":["GET"]}}],"collection":[{"href":"https:\/\/bioparadis.com\/ar\/wp-json\/wp\/v2\/product"}],"about":[{"href":"https:\/\/bioparadis.com\/ar\/wp-json\/wp\/v2\/types\/product"}],"replies":[{"embeddable":true,"href":"https:\/\/bioparadis.com\/ar\/wp-json\/wp\/v2\/comments?post=2192"}],"wp:featuredmedia":[{"embeddable":true,"href":"https:\/\/bioparadis.com\/ar\/wp-json\/wp\/v2\/media\/2270"}],"wp:attachment":[{"href":"https:\/\/bioparadis.com\/ar\/wp-json\/wp\/v2\/media?parent=2192"}],"wp:term":[{"taxonomy":"product_brand","embeddable":true,"href":"https:\/\/bioparadis.com\/ar\/wp-json\/wp\/v2\/product_brand?post=2192"},{"taxonomy":"product_cat","embeddable":true,"href":"https:\/\/bioparadis.com\/ar\/wp-json\/wp\/v2\/product_cat?post=2192"},{"taxonomy":"product_tag","embeddable":true,"href":"https:\/\/bioparadis.com\/ar\/wp-json\/wp\/v2\/product_tag?post=2192"}],"curies":[{"name":"wp","href":"https:\/\/api.w.org\/{rel}","templated":true}]}}