{"id":2186,"date":"2024-09-27T08:59:32","date_gmt":"2024-09-27T08:59:32","guid":{"rendered":"http:\/\/bioparadis.com\/?post_type=product&#038;p=2186"},"modified":"2024-10-05T21:44:15","modified_gmt":"2024-10-05T21:44:15","slug":"huile-vegetale-germe-ble","status":"publish","type":"product","link":"https:\/\/bioparadis.com\/ar\/huile-vegetale-germe-ble\/","title":{"rendered":"Huile V\u00e9g\u00e9tale Germe de Bl\u00e9"},"content":{"rendered":"<div class=\"flex-1 overflow-hidden\">\n<div class=\"h-full\">\n<div class=\"react-scroll-to-bottom--css-bffng-79elbk h-full\">\n<div class=\"react-scroll-to-bottom--css-bffng-1n7m0yu\">\n<div class=\"flex flex-col text-sm md:pb-9\">\n<article class=\"w-full text-token-text-primary focus-visible:outline-2 focus-visible:outline-offset-[-4px]\" dir=\"auto\" data-testid=\"conversation-turn-385\" data-scroll-anchor=\"true\">\n<div class=\"text-base py-[18px] px-3 md:px-4 m-auto w-full md:px-5 lg:px-4 xl:px-5\">\n<div class=\"mx-auto flex flex-1 gap-4 text-base md:gap-5 lg:gap-6 md:max-w-3xl lg:max-w-[40rem] xl:max-w-[48rem]\">\n<div class=\"group\/conversation-turn relative flex w-full min-w-0 flex-col agent-turn\">\n<div class=\"flex-col gap-1 md:gap-3\">\n<div class=\"flex max-w-full flex-col flex-grow\">\n<div class=\"min-h-8 text-message flex w-full flex-col items-end gap-2 whitespace-normal break-words [.text-message+&amp;]:mt-5\" dir=\"auto\" data-message-author-role=\"assistant\" data-message-id=\"fbf75057-aab9-493d-a2d3-32409fe83712\">\n<div class=\"flex w-full flex-col gap-1 empty:hidden first:pt-[3px]\">\n<div class=\"markdown prose w-full break-words dark:prose-invert light\">\n<p>D\u00e9couvrez notre huile v\u00e9g\u00e9tale de germe de bl\u00e9 vierge Bio Paradis. Elle est un tr\u00e9sor naturel pour votre routine de soins. Cette huile est obtenue par pressage \u00e0 froid de germes de bl\u00e9 100 % purs. Gr\u00e2ce \u00e0 ce proc\u00e9d\u00e9, elle conserve toutes ses vitamines, min\u00e9raux et acides gras essentiels. Ce soin pr\u00e9cieux est id\u00e9al pour votre peau, vos cheveux et vos ongles. Elle nourrit intens\u00e9ment et contribue \u00e0 la sant\u00e9 de votre \u00e9piderme. En int\u00e9grant cette huile dans votre routine, vous offrez \u00e0 votre corps un soin naturel et efficace. C&rsquo;est un indispensable pour tous ceux qui cherchent \u00e0 sublimer leur beaut\u00e9.<\/p>\n<\/div>\n<\/div>\n<\/div>\n<\/div>\n<\/div>\n<\/div>\n<\/div>\n<\/div>\n<\/article>\n<\/div>\n<\/div>\n<\/div>\n<\/div>\n<\/div>\n<h4><strong>Bienfaits et Propri\u00e9t\u00e9s :<\/strong><\/h4>\n<ul>\n<li><strong>Propri\u00e9t\u00e9s antioxydantes <\/strong>: Riche en vitamines A, B et E, cette huile de germe de bl\u00e9 offre une protection antioxydante puissante contre le vieillissement et les agressions ext\u00e9rieures.<\/li>\n<li><strong>Hydratation et r\u00e9g\u00e9n\u00e9ration :<\/strong> La texture de l&rsquo;huile v\u00e9g\u00e9tale de germe de bl\u00e9 est l\u00e9g\u00e8re lui permet d&rsquo;\u00eatre rapidement absorb\u00e9e, rendant cette huile parfaite pour des soins intensifs. Appliquez-la sur le visage, le corps, les cheveux, la barbe ou les ongles pour une hydratation intense .<\/li>\n<\/ul>\n<h4><strong>Conseils d\u2019utilisation :<\/strong><\/h4>\n<ul>\n<li><strong>Soin quotidien :<\/strong> Appliquez quelques gouttes d&rsquo;huile de germe de bl\u00e9 sur le visage et le cou apr\u00e8s le nettoyage pour un effet nourrissant et hydratant.<\/li>\n<li><strong>Soin capillaire :<\/strong> Massez sur les pointes des cheveux pour am\u00e9liorer leur brillance et pr\u00e9venir les fourches.<\/li>\n<li><strong>Huile de massage :<\/strong> Utilisez-la comme huile de massage pour offrir un toucher doux et r\u00e9confortant \u00e0 votre peau.<\/li>\n<\/ul>\n<h4><strong>Pr\u00e9cautions<\/strong> :<\/h4>\n<p>\u00c0 utiliser avec soin sur les peaux tr\u00e8s sensibles.<br \/>\n\u00c9vitez le contact avec les yeux.<br \/>\nConservez hors de port\u00e9e des enfants.<br \/>\nEn cas de r\u00e9action ind\u00e9sirable, interrompez l&rsquo;utilisation et consultez un professionnel de sant\u00e9.<\/p>\n<p><strong>Bio Paradis<\/strong> vous garantit une huile v\u00e9g\u00e9tale de germe de bl\u00e9 de qualit\u00e9 sup\u00e9rieure, extraite avec soin pour pr\u00e9server toutes ses propri\u00e9t\u00e9s naturelles.<\/p>\n<p>D\u00e9couvrez notre gamme de produits bio. Des <a href=\"https:\/\/bioparadis.com\/ar\/?product_cat=huile-vegetale\">huiles v\u00e9g\u00e9tales<\/a>, huiles essentielles, miel et ses d\u00e9riv\u00e9s alliant respect de la nature et bien-\u00eatre.<\/p>\n<p>Pour suivre notre actualit\u00e9, Rejoignez la communaut\u00e9 BioParadis sur <a href=\"http:\/\/www.instagram.com\/bioparadisma\" target=\"_blank\" rel=\"noopener\">Instagram<\/a> et suivre nos conseils au quotidien.<\/p>","protected":false},"excerpt":{"rendered":"<p><strong>Pure et press\u00e9e \u00e0 froid :<\/strong> Huile de germe de bl\u00e9 vierge, 100% naturelle, obtenue par pression \u00e0 froid pour conserver toutes ses propri\u00e9t\u00e9s b\u00e9n\u00e9fiques.<\/p>\n<p><strong>Puissant antioxydant :<\/strong> Prot\u00e8ge la peau contre les radicaux libres et convient \u00e0 tous les types de peau, y compris les peaux matures.<\/p>\n<p><strong>Absorption rapide :<\/strong> Huile multifonctionnelle, \u00e9molliente et facilement absorb\u00e9e par la peau, id\u00e9ale pour l&rsquo;hydratation et la nutrition.<\/p>\n<p><strong>Riche en nutriments essentiels<\/strong> : Contient des vitamines A, B et E, ainsi que des min\u00e9raux et des acides gras, offrant une nutrition compl\u00e8te pour revitaliser la peau et les cheveux tout en agissant comme un puissant antioxydant pour prot\u00e9ger contre le vieillissement pr\u00e9matur\u00e9.<\/p>\n<p><strong>Odeur Naturelle<\/strong> : Parfum distinctif rappelant le pain et les c\u00e9r\u00e9ales.<\/p>","protected":false},"featured_media":2288,"comment_status":"closed","ping_status":"closed","template":"","meta":[],"product_brand":[],"product_cat":[56],"product_tag":[],"class_list":{"0":"post-2186","1":"product","2":"type-product","3":"status-publish","4":"has-post-thumbnail","6":"product_cat-huiles-vegetales","8":"first","9":"instock","10":"taxable","11":"shipping-taxable","12":"purchasable","13":"product-type-simple"},"_links":{"self":[{"href":"https:\/\/bioparadis.com\/ar\/wp-json\/wp\/v2\/product\/2186","targetHints":{"allow":["GET"]}}],"collection":[{"href":"https:\/\/bioparadis.com\/ar\/wp-json\/wp\/v2\/product"}],"about":[{"href":"https:\/\/bioparadis.com\/ar\/wp-json\/wp\/v2\/types\/product"}],"replies":[{"embeddable":true,"href":"https:\/\/bioparadis.com\/ar\/wp-json\/wp\/v2\/comments?post=2186"}],"wp:featuredmedia":[{"embeddable":true,"href":"https:\/\/bioparadis.com\/ar\/wp-json\/wp\/v2\/media\/2288"}],"wp:attachment":[{"href":"https:\/\/bioparadis.com\/ar\/wp-json\/wp\/v2\/media?parent=2186"}],"wp:term":[{"taxonomy":"product_brand","embeddable":true,"href":"https:\/\/bioparadis.com\/ar\/wp-json\/wp\/v2\/product_brand?post=2186"},{"taxonomy":"product_cat","embeddable":true,"href":"https:\/\/bioparadis.com\/ar\/wp-json\/wp\/v2\/product_cat?post=2186"},{"taxonomy":"product_tag","embeddable":true,"href":"https:\/\/bioparadis.com\/ar\/wp-json\/wp\/v2\/product_tag?post=2186"}],"curies":[{"name":"wp","href":"https:\/\/api.w.org\/{rel}","templated":true}]}}