{"id":2184,"date":"2024-09-27T08:59:31","date_gmt":"2024-09-27T08:59:31","guid":{"rendered":"http:\/\/bioparadis.com\/?post_type=product&#038;p=2184"},"modified":"2024-10-05T21:44:46","modified_gmt":"2024-10-05T21:44:46","slug":"huile-vegetale-de-ricin","status":"publish","type":"product","link":"https:\/\/bioparadis.com\/ar\/huile-vegetale-de-ricin\/","title":{"rendered":"Huile V\u00e9g\u00e9tale de Ricin"},"content":{"rendered":"<p>D\u00e9couvrez l&rsquo;huile v\u00e9g\u00e9tale de ricin Bio Paradis, un v\u00e9ritable \u00e9lixir de beaut\u00e9, 100 % pure et naturelle, extraite par pressage \u00e0 froid pour garantir une qualit\u00e9 optimale. Originaire du Maroc, cette huile est obtenue \u00e0 partir de graines de ricin soigneusement s\u00e9lectionn\u00e9es, sans additifs ni produits chimiques.<\/p>\n<h4><strong>Bienfaits et Propri\u00e9t\u00e9s :<\/strong><\/h4>\n<ul>\n<li><strong>Stimulation de la croissance :<\/strong> Sa texture \u00e9paisse et visqueuse en fait un alli\u00e9 puissant pour favoriser la croissance et renforcer vos cheveux, cils, sourcils, barbe et ongles. Enrichie en vitamine E, cette huile nourrit en profondeur les fibres capillaires, leur conf\u00e9rant densit\u00e9, brillance et r\u00e9sistance.<\/li>\n<li><strong>Hydratation et adoucissement : <\/strong>L&rsquo;huile v\u00e9g\u00e9tale de ricin hydrate naturellement la peau tout en la rendant douce et lisse. Elle est id\u00e9ale pour les peaux s\u00e8ches et matures, pr\u00e9venant la perte d&rsquo;humidit\u00e9 et les signes du vieillissement .\n<div class=\"mb-2 flex gap-3 empty:hidden -ml-2\">\n<div class=\"items-center justify-start rounded-xl p-1 flex\"><\/div>\n<\/div>\n<\/li>\n<\/ul>\n<h4><strong>Conseils d\u2019utilisation :<\/strong><\/h4>\n<ul>\n<li><strong>Soin capillaire :<\/strong> Appliquez sur les cheveux en massant le cuir chevelu pour stimuler la pousse et renforcer les cheveux.<\/li>\n<li><strong>Soin des cils et sourcils :<\/strong> Utilisez un applicateur pour appliquer d\u00e9licatement sur vos cils et sourcils afin de favoriser leur volume et leur sant\u00e9.<\/li>\n<li><strong>Soin des ongles :<\/strong> Massez quelques gouttes de l&rsquo;huile V\u00e9g\u00e9tale de Ricin sur vos ongles pour les fortifier et pr\u00e9venir la casse.<\/li>\n<li><strong>Soin des pieds<\/strong> : Massez vos pieds avec l&rsquo;huile de racin pour adoucir la peau et pr\u00e9venir les callosit\u00e9s.<\/li>\n<\/ul>\n<h4><strong>Pr\u00e9cautions<\/strong> :<\/h4>\n<p>\u00c0 utiliser avec mod\u00e9ration sur les peaux sensibles.<br \/>\n\u00c9vitez le contact avec les yeux.<br \/>\nConservez dans un endroit frais et sec, hors de port\u00e9e des enfants.<br \/>\nEn cas d&rsquo;irritation, cessez l&rsquo;utilisation et consultez un professionnel de sant\u00e9.<\/p>\n<p><strong>Bio Paradis<\/strong> vous garantit une huile v\u00e9g\u00e9tale de Racin de qualit\u00e9 sup\u00e9rieure, extraite avec soin pour pr\u00e9server toutes ses propri\u00e9t\u00e9s naturelles.<\/p>\n<p>D\u00e9couvrez notre gamme de produits bio. Des <a href=\"https:\/\/bioparadis.com\/ar\/?product_cat=huile-vegetale\">huiles v\u00e9g\u00e9tales<\/a>, huiles essentielles, miel et ses d\u00e9riv\u00e9s alliant respect de la nature et bien-\u00eatre.<\/p>\n<p>Pour suivre notre actualit\u00e9, Rejoignez la communaut\u00e9 BioParadis sur <a href=\"http:\/\/www.instagram.com\/bioparadisma\" target=\"_blank\" rel=\"noopener\">Instagram<\/a> et suivre nos conseils au quotidien.<\/p>","protected":false},"excerpt":{"rendered":"<p><strong>100% Pure, Press\u00e9e \u00e0 Froid :<\/strong> Huile de ricin d\u2019origine indienne, extraite \u00e0 froid pour pr\u00e9server toutes ses propri\u00e9t\u00e9s nutritives.<\/p>\n<p><strong>Pousse Rapide &amp; Nourrissante<\/strong> : Favorise la croissance rapide et la fortification des cheveux, cils, sourcils, barbe et ongles.<\/p>\n<p><strong>Polyvalente &amp; Riche en Vitamine E :<\/strong> Nourrit et revitalise la peau, aide \u00e0 pr\u00e9venir la s\u00e9cheresse et les signes du vieillissement.<\/p>","protected":false},"featured_media":2301,"comment_status":"closed","ping_status":"closed","template":"","meta":[],"product_brand":[],"product_cat":[56],"product_tag":[],"class_list":{"0":"post-2184","1":"product","2":"type-product","3":"status-publish","4":"has-post-thumbnail","6":"product_cat-huiles-vegetales","8":"first","9":"instock","10":"taxable","11":"shipping-taxable","12":"purchasable","13":"product-type-simple"},"_links":{"self":[{"href":"https:\/\/bioparadis.com\/ar\/wp-json\/wp\/v2\/product\/2184","targetHints":{"allow":["GET"]}}],"collection":[{"href":"https:\/\/bioparadis.com\/ar\/wp-json\/wp\/v2\/product"}],"about":[{"href":"https:\/\/bioparadis.com\/ar\/wp-json\/wp\/v2\/types\/product"}],"replies":[{"embeddable":true,"href":"https:\/\/bioparadis.com\/ar\/wp-json\/wp\/v2\/comments?post=2184"}],"wp:featuredmedia":[{"embeddable":true,"href":"https:\/\/bioparadis.com\/ar\/wp-json\/wp\/v2\/media\/2301"}],"wp:attachment":[{"href":"https:\/\/bioparadis.com\/ar\/wp-json\/wp\/v2\/media?parent=2184"}],"wp:term":[{"taxonomy":"product_brand","embeddable":true,"href":"https:\/\/bioparadis.com\/ar\/wp-json\/wp\/v2\/product_brand?post=2184"},{"taxonomy":"product_cat","embeddable":true,"href":"https:\/\/bioparadis.com\/ar\/wp-json\/wp\/v2\/product_cat?post=2184"},{"taxonomy":"product_tag","embeddable":true,"href":"https:\/\/bioparadis.com\/ar\/wp-json\/wp\/v2\/product_tag?post=2184"}],"curies":[{"name":"wp","href":"https:\/\/api.w.org\/{rel}","templated":true}]}}