{"id":2181,"date":"2024-09-27T08:59:29","date_gmt":"2024-09-27T08:59:29","guid":{"rendered":"http:\/\/bioparadis.com\/?post_type=product&#038;p=2181"},"modified":"2024-10-05T21:45:31","modified_gmt":"2024-10-05T21:45:31","slug":"huile-vegetale-dail","status":"publish","type":"product","link":"https:\/\/bioparadis.com\/ar\/huile-vegetale-dail\/","title":{"rendered":"Huile V\u00e9g\u00e9tale d&rsquo;Ail"},"content":{"rendered":"<div class=\"flex max-w-full flex-col flex-grow\">\n<div class=\"min-h-8 text-message flex w-full flex-col items-end gap-2 whitespace-normal break-words [.text-message+&amp;]:mt-5\" dir=\"auto\" data-message-author-role=\"assistant\" data-message-id=\"8c1906e5-9c6a-4524-88d3-52dfd2356b70\">\n<div class=\"flex w-full flex-col gap-1 empty:hidden first:pt-[3px]\">\n<div class=\"markdown prose w-full break-words dark:prose-invert light\">\n<p>D\u00e9couvrez l&rsquo;huile v\u00e9g\u00e9tale d&rsquo;ail Bio Paradis, un v\u00e9ritable tr\u00e9sor pour la beaut\u00e9 de vos cheveux. Cette huile est enrichie en propri\u00e9t\u00e9s fortifiantes et stimulantes. Utilis\u00e9e depuis des si\u00e8cles pour ses vertus capillaires, elle revitalise et renforce la chevelure. En plus, elle favorise une croissance rapide et saine. Apportez \u00e0 vos cheveux les bienfaits de cette huile unique pour une chevelure \u00e9clatante et pleine de vie.<\/p>\n<\/div>\n<\/div>\n<\/div>\n<\/div>\n<h4><strong>Bienfaits et Propri\u00e9t\u00e9s :<\/strong><\/h4>\n<ul>\n<li><strong>Revitalisation et renforcement :<\/strong> Gr\u00e2ce \u00e0 ses caract\u00e9ristiques antibact\u00e9riennes et d\u00e9sintoxiquantes, l&rsquo;huile v\u00e9g\u00e9tale d&rsquo;ail purifie le cuir chevelu, combat les pellicules et am\u00e9liore la circulation sanguine autour des follicules pileux. Ce processus favorise non seulement la pr\u00e9vention de la chute des cheveux, mais stimule \u00e9galement une croissance plus rapide et plus robuste.<\/li>\n<li><strong>Soin complet :<\/strong> L&rsquo;huile v\u00e9g\u00e9tale d&rsquo;ail n&rsquo;est pas seulement b\u00e9n\u00e9fique pour les cheveux, elle agit \u00e9galement comme un soin nourrissant pour la peau et les ongles. Elle hydrate intens\u00e9ment les peaux s\u00e8ches et revitalise les ongles fragiles, offrant ainsi un soin int\u00e9gral pour votre routine de beaut\u00e9.<\/li>\n<\/ul>\n<h4><strong>Conseils d\u2019utilisation :<\/strong><\/h4>\n<ul>\n<li><strong>Application sur le cuir chevelu :<\/strong> Massez l&rsquo;huile v\u00e9g\u00e9tale d&rsquo;ail directement sur le cuir chevelu pour purifier et stimuler la croissance.<\/li>\n<li><strong>Soin intensif :<\/strong> Pour un traitement en profondeur, laissez poser toute la nuit, envelopp\u00e9e dans une serviette, ou appliquez-la quelques heures avant votre shampooing. Un simple rin\u00e7age \u00e0 l\u2019eau citronn\u00e9e ou un shampoing suffit pour l\u2019\u00e9liminer, laissant vos cheveux propres et revitalis\u00e9s.<\/li>\n<\/ul>\n<h4><strong>Pr\u00e9cautions<\/strong> :<\/h4>\n<p>Ne pas utiliser pure sur la peau.<br \/>\nTenir hors de port\u00e9e des enfants.<br \/>\nD\u00e9conseill\u00e9 aux femmes enceintes .<br \/>\nD\u00e9conseill\u00e9 aux jeunes enfants.<\/p>\n<p><strong>Bio Paradis<\/strong> vous garantit une Huile V\u00e9g\u00e9tale d&rsquo;Ail de qualit\u00e9 sup\u00e9rieure, extraite avec soin pour pr\u00e9server toutes ses propri\u00e9t\u00e9s naturelles.<\/p>\n<p>D\u00e9couvrez notre gamme de produits bio. Des <a href=\"https:\/\/bioparadis.com\/ar\/?product_cat=huile-vegetale\">huiles v\u00e9g\u00e9tales<\/a>, huiles essentielles, miel et ses d\u00e9riv\u00e9s alliant respect de la nature et bien-\u00eatre.<\/p>\n<p>Pour suivre notre actualit\u00e9, Rejoignez la communaut\u00e9 BioParadis sur <a href=\"http:\/\/www.instagram.com\/bioparadisma\" target=\"_blank\" rel=\"noopener\">Instagram<\/a> et suivre nos conseils au quotidien.<\/p>","protected":false},"excerpt":{"rendered":"<p><strong>Renforce et Stimule la Pousse des Cheveux :<\/strong> Favorise une croissance plus rapide tout en renfor\u00e7ant la fibre capillaire.<\/p>\n<p><strong>Application Polyvalente :<\/strong> S\u2019utilise en massage sur le cuir chevelu ou sur toute la chevelure, id\u00e9ale pour des soins en profondeur.<\/p>\n<p><strong>Soin Compl\u00e9mentaire pour Peau et Ongles :<\/strong> Efficace \u00e9galement pour nourrir et revitaliser la peau et les ongles secs.<\/p>\n<p><strong>Propri\u00e9t\u00e9s Antibact\u00e9riennes :<\/strong> Nettoie le cuir chevelu, combat les pellicules et am\u00e9liore la circulation sanguine.<\/p>\n<p><strong>Id\u00e9ale pour les Cheveux Secs<\/strong> : Nourrit intens\u00e9ment les cheveux secs, les rendant plus doux et plus r\u00e9sistants.<\/p>","protected":false},"featured_media":2293,"comment_status":"closed","ping_status":"closed","template":"","meta":[],"product_brand":[],"product_cat":[56],"product_tag":[],"class_list":{"0":"post-2181","1":"product","2":"type-product","3":"status-publish","4":"has-post-thumbnail","6":"product_cat-huiles-vegetales","8":"first","9":"instock","10":"taxable","11":"shipping-taxable","12":"purchasable","13":"product-type-simple"},"_links":{"self":[{"href":"https:\/\/bioparadis.com\/ar\/wp-json\/wp\/v2\/product\/2181","targetHints":{"allow":["GET"]}}],"collection":[{"href":"https:\/\/bioparadis.com\/ar\/wp-json\/wp\/v2\/product"}],"about":[{"href":"https:\/\/bioparadis.com\/ar\/wp-json\/wp\/v2\/types\/product"}],"replies":[{"embeddable":true,"href":"https:\/\/bioparadis.com\/ar\/wp-json\/wp\/v2\/comments?post=2181"}],"wp:featuredmedia":[{"embeddable":true,"href":"https:\/\/bioparadis.com\/ar\/wp-json\/wp\/v2\/media\/2293"}],"wp:attachment":[{"href":"https:\/\/bioparadis.com\/ar\/wp-json\/wp\/v2\/media?parent=2181"}],"wp:term":[{"taxonomy":"product_brand","embeddable":true,"href":"https:\/\/bioparadis.com\/ar\/wp-json\/wp\/v2\/product_brand?post=2181"},{"taxonomy":"product_cat","embeddable":true,"href":"https:\/\/bioparadis.com\/ar\/wp-json\/wp\/v2\/product_cat?post=2181"},{"taxonomy":"product_tag","embeddable":true,"href":"https:\/\/bioparadis.com\/ar\/wp-json\/wp\/v2\/product_tag?post=2181"}],"curies":[{"name":"wp","href":"https:\/\/api.w.org\/{rel}","templated":true}]}}