{"id":2180,"date":"2024-09-27T08:59:28","date_gmt":"2024-09-27T08:59:28","guid":{"rendered":"http:\/\/bioparadis.com\/?post_type=product&#038;p=2180"},"modified":"2024-10-04T16:22:05","modified_gmt":"2024-10-04T16:22:05","slug":"huile-vegetale-damande","status":"publish","type":"product","link":"https:\/\/bioparadis.com\/ar\/huile-vegetale-damande\/","title":{"rendered":"Huile V\u00e9g\u00e9tale d\u2019Amande"},"content":{"rendered":"<div class=\"flex-1 overflow-hidden\">\n<div class=\"h-full\">\n<div class=\"react-scroll-to-bottom--css-bffng-79elbk h-full\">\n<div class=\"react-scroll-to-bottom--css-bffng-1n7m0yu\">\n<div class=\"flex flex-col text-sm md:pb-9\">\n<article class=\"w-full text-token-text-primary focus-visible:outline-2 focus-visible:outline-offset-[-4px]\" dir=\"auto\" data-testid=\"conversation-turn-403\" data-scroll-anchor=\"true\">\n<div class=\"text-base py-[18px] px-3 md:px-4 m-auto w-full md:px-5 lg:px-4 xl:px-5\">\n<div class=\"mx-auto flex flex-1 gap-4 text-base md:gap-5 lg:gap-6 md:max-w-3xl lg:max-w-[40rem] xl:max-w-[48rem]\">\n<div class=\"group\/conversation-turn relative flex w-full min-w-0 flex-col agent-turn\">\n<div class=\"flex-col gap-1 md:gap-3\">\n<div class=\"flex max-w-full flex-col flex-grow\">\n<div class=\"min-h-8 text-message flex w-full flex-col items-end gap-2 whitespace-normal break-words [.text-message+&amp;]:mt-5\" dir=\"auto\" data-message-author-role=\"assistant\" data-message-id=\"a1ab7dba-eb87-4776-9b43-6a8c9e34a949\">\n<div class=\"flex w-full flex-col gap-1 empty:hidden first:pt-[3px]\">\n<div class=\"result-streaming markdown prose w-full break-words dark:prose-invert light\">\n<div class=\"flex max-w-full flex-col flex-grow\">\n<div class=\"min-h-8 text-message flex w-full flex-col items-end gap-2 whitespace-normal break-words [.text-message+&amp;]:mt-5\" dir=\"auto\" data-message-author-role=\"assistant\" data-message-id=\"ee9277f6-d108-4898-bc32-f5cf2c74a538\">\n<div class=\"flex w-full flex-col gap-1 empty:hidden first:pt-[3px]\">\n<div class=\"markdown prose w-full break-words dark:prose-invert light\">\n<p>D\u00e9couvrez l\u2019huile v\u00e9g\u00e9tale d\u2019amande douce Bio Paradis, un produit d\u2019exception qui s\u2019int\u00e8gre facilement dans votre routine quotidienne. Issue d&rsquo;une pression \u00e0 froid soigneuse, cette huile est 100 % naturelle et ne contient ni additifs ni conservateurs. Son processus de fabrication garantit une puret\u00e9 et une efficacit\u00e9 maximales, faisant de cette huile un choix privil\u00e9gi\u00e9 pour ceux qui recherchent des produits de qualit\u00e9 sup\u00e9rieure. Que ce soit pour les soins de la peau, des cheveux, ou m\u00eame en cuisine, l\u2019huile v\u00e9g\u00e9tale d\u2019amande douce se distingue par sa polyvalence et sa richesse.<\/p>\n<\/div>\n<\/div>\n<\/div>\n<\/div>\n<p>&nbsp;<\/p>\n<\/div>\n<\/div>\n<\/div>\n<\/div>\n<\/div>\n<\/div>\n<\/div>\n<\/div>\n<\/article>\n<\/div>\n<\/div>\n<\/div>\n<\/div>\n<\/div>\n<h4><strong>Bienfaits et Propri\u00e9t\u00e9s :<\/strong><\/h4>\n<ul>\n<li><strong>Nourrissante et hydratante :<\/strong> Riche en vitamines E et en acides gras essentiels, notre huile d&rsquo;amande douce p\u00e9n\u00e8tre profond\u00e9ment dans l&rsquo;\u00e9piderme, apportant souplesse et \u00e9clat \u00e0 la peau.<\/li>\n<\/ul>\n<div class=\"flex max-w-full flex-col flex-grow\">\n<div class=\"min-h-8 text-message flex w-full flex-col items-end gap-2 whitespace-normal break-words [.text-message+&amp;]:mt-5\" dir=\"auto\" data-message-author-role=\"assistant\" data-message-id=\"e6b27a1b-6a1b-405b-a803-fb0997f82214\">\n<div class=\"flex w-full flex-col gap-1 empty:hidden first:pt-[3px]\">\n<div class=\"markdown prose w-full break-words dark:prose-invert light\">\n<ul>\n<li><strong>Polyvalente <\/strong>: Utilisez-la comme soin hydratant pour le visage et le corps, en masque capillaire ou comme huile de massage. Elle offre ainsi une multitude de possibilit\u00e9s. Adoucissez vos cuticules avec cette huile et utilisez-la \u00e9galement comme huile d\u2019assaisonnement d\u00e9licate en cuisine .<\/li>\n<\/ul>\n<\/div>\n<\/div>\n<\/div>\n<\/div>\n<div class=\"mb-2 flex gap-3 empty:hidden -ml-2\">\n<ul>\n<li class=\"items-center justify-start rounded-xl p-1 flex\"><strong>Apaisante<\/strong> : L&rsquo;huile v\u00e9g\u00e9tale d&rsquo;amande douce a des propri\u00e9t\u00e9s anti-inflammatoires, ce qui la rend id\u00e9ale pour apaiser les irritations cutan\u00e9es et r\u00e9duire les rougeurs.<\/li>\n<\/ul>\n<\/div>\n<h4><strong>Conseils d\u2019utilisation :<\/strong><\/h4>\n<ul>\n<li><strong>Pour la peau :<\/strong> Appliquez quelques gouttes de l&rsquo;huile v\u00e9g\u00e9tale d&rsquo;amande sur le visage et le corps pour une hydratation intense.<\/li>\n<li><strong>Pour les cheveux :<\/strong> En tant que masque, laissez poser l&rsquo;huile d&rsquo;amande sur les cheveux pendant 30 minutes avant de rincer pour des r\u00e9sultats \u00e9clatants.<\/li>\n<li><strong>En cuisine :<\/strong> Utilisez-la pour assaisonner vos salades ou plats, apportant une saveur douce et d\u00e9licate.<strong style=\"color: #252525; font-family: gitan-latin, sans-serif; font-size: 24px;\"><br \/>\nPr\u00e9cautions<\/strong><span style=\"color: #252525; font-family: gitan-latin, sans-serif; font-size: 24px;\"> :<\/span><\/p>\n<p>Ne pas utiliser pure sur la peau.<br \/>\nTenir hors de port\u00e9e des enfants.<br \/>\nD\u00e9conseill\u00e9 aux femmes enceintes et aux jeunes enfants.<\/p>\n<p><strong>Bio Paradis<\/strong> vous garantit une Huile V\u00e9g\u00e9tale d\u2019Amande de qualit\u00e9 sup\u00e9rieure, extraite avec soin pour pr\u00e9server toutes ses propri\u00e9t\u00e9s naturelles.<\/p>\n<p>D\u00e9couvrez notre gamme de produits bio. Des <a href=\"https:\/\/bioparadis.com\/ar\/?product_cat=huile-vegetale\">huiles v\u00e9g\u00e9tales<\/a>, huiles essentielles, miel et ses d\u00e9riv\u00e9s alliant respect de la nature et bien-\u00eatre.<\/p>\n<p>Pour suivre notre actualit\u00e9, Rejoignez la communaut\u00e9 BioParadis sur <a href=\"http:\/\/www.instagram.com\/bioparadisma\" target=\"_blank\" rel=\"noopener\">Instagram<\/a> et suivre nos conseils au quotidien.<\/li>\n<\/ul>","protected":false},"excerpt":{"rendered":"<p><strong>100% Naturelle &amp; Pression \u00e0 Froid :<\/strong> Huile d&rsquo;amande douce de premi\u00e8re qualit\u00e9, obtenue par pression \u00e0 froid pour pr\u00e9server toutes ses propri\u00e9t\u00e9s nutritives.<\/p>\n<p><strong>Polyvalence Exceptionnelle :<\/strong> Id\u00e9ale pour la peau, les cheveux, les ongles, les massages, et m\u00eame en cuisine comme huile d\u2019assaisonnement.<\/p>\n<p><strong>V\u00e9gan &amp; Non Test\u00e9e sur les Animaux :<\/strong> Respectueuse des animaux et de l&rsquo;environnement, sans aucun additif, parfum, ou conservateur.<\/p>\n<p><strong>Adapt\u00e9e \u00e0 Toutes les Peaux :<\/strong> Douceur et hydratation pour les peaux sensibles, parfaite pour les b\u00e9b\u00e9s, les adultes, et m\u00eame les usages culinaires.<\/p>","protected":false},"featured_media":2296,"comment_status":"closed","ping_status":"closed","template":"","meta":[],"product_brand":[],"product_cat":[56],"product_tag":[],"class_list":{"0":"post-2180","1":"product","2":"type-product","3":"status-publish","4":"has-post-thumbnail","6":"product_cat-huiles-vegetales","8":"first","9":"instock","10":"taxable","11":"shipping-taxable","12":"purchasable","13":"product-type-simple"},"_links":{"self":[{"href":"https:\/\/bioparadis.com\/ar\/wp-json\/wp\/v2\/product\/2180","targetHints":{"allow":["GET"]}}],"collection":[{"href":"https:\/\/bioparadis.com\/ar\/wp-json\/wp\/v2\/product"}],"about":[{"href":"https:\/\/bioparadis.com\/ar\/wp-json\/wp\/v2\/types\/product"}],"replies":[{"embeddable":true,"href":"https:\/\/bioparadis.com\/ar\/wp-json\/wp\/v2\/comments?post=2180"}],"wp:featuredmedia":[{"embeddable":true,"href":"https:\/\/bioparadis.com\/ar\/wp-json\/wp\/v2\/media\/2296"}],"wp:attachment":[{"href":"https:\/\/bioparadis.com\/ar\/wp-json\/wp\/v2\/media?parent=2180"}],"wp:term":[{"taxonomy":"product_brand","embeddable":true,"href":"https:\/\/bioparadis.com\/ar\/wp-json\/wp\/v2\/product_brand?post=2180"},{"taxonomy":"product_cat","embeddable":true,"href":"https:\/\/bioparadis.com\/ar\/wp-json\/wp\/v2\/product_cat?post=2180"},{"taxonomy":"product_tag","embeddable":true,"href":"https:\/\/bioparadis.com\/ar\/wp-json\/wp\/v2\/product_tag?post=2180"}],"curies":[{"name":"wp","href":"https:\/\/api.w.org\/{rel}","templated":true}]}}