{"id":2176,"date":"2024-09-27T08:59:26","date_gmt":"2024-09-27T08:59:26","guid":{"rendered":"http:\/\/bioparadis.com\/?post_type=product&#038;p=2176"},"modified":"2024-10-05T21:47:00","modified_gmt":"2024-10-05T21:47:00","slug":"huile-vegetale-de-coco","status":"publish","type":"product","link":"https:\/\/bioparadis.com\/ar\/huile-vegetale-de-coco\/","title":{"rendered":"Huile V\u00e9g\u00e9tale de Coco"},"content":{"rendered":"<div class=\"flex max-w-full flex-col flex-grow\">\n<div class=\"min-h-8 text-message flex w-full flex-col items-end gap-2 whitespace-normal break-words [.text-message+&amp;]:mt-5\" dir=\"auto\" data-message-author-role=\"assistant\" data-message-id=\"ad0d7ae0-0760-43df-943c-747bc10b4d17\">\n<div class=\"flex w-full flex-col gap-1 empty:hidden first:pt-[3px]\">\n<div class=\"markdown prose w-full break-words dark:prose-invert light\">\n<p>D\u00e9couvrez l&rsquo;huile v\u00e9g\u00e9tale de coco Bio Paradis, une huile 100% pure et naturelle, extraite par pression \u00e0 froid pour garantir sa qualit\u00e9 exceptionnelle. Riche en acides gras essentiels, cette huile est nourrissante et hydratante. Elle est id\u00e9ale pour les soins de la peau et des cheveux, apportant \u00e9clat et douceur. De plus, elle peut \u00eatre utilis\u00e9e dans vos pr\u00e9parations culinaires pour ajouter une touche exotique et savoureuse \u00e0 vos plats. Transformez votre routine de beaut\u00e9 et de cuisine avec cette huile polyvalente et bienfaisante.<\/p>\n<p>&nbsp;<\/p>\n<\/div>\n<\/div>\n<\/div>\n<\/div>\n<h4><strong>Bienfaits et Propri\u00e9t\u00e9s :<\/strong><\/h4>\n<ul>\n<li><strong>Hydratation et Nutrition :<\/strong> Riche en acides gras et en antioxydants, l&rsquo;huile de coco hydrate et prot\u00e8ge la peau. Elle est id\u00e9ale comme nettoyant visage, masque de nuit ou huile de massage, laissant votre peau douce et subtilement parfum\u00e9e \u00e0 la coco.<\/li>\n<li><strong>Soins Capillaires :<\/strong> En tant que soin capillaire, l&rsquo;huile v\u00e9g\u00e9tale de coco nourrit intens\u00e9ment la fibre capillaire, fortifiant les cheveux et leur apportant brillance et vitalit\u00e9. Parfaite pour les cheveux secs ou ab\u00eem\u00e9s, elle aide \u00e0 r\u00e9parer et \u00e0 prot\u00e9ger.<\/li>\n<\/ul>\n<h4><strong>Conseils d\u2019utilisation :<\/strong><\/h4>\n<ul>\n<li><strong>Pour la Peau :<\/strong> Appliquez l&rsquo;huile v\u00e9g\u00e9tale de coco comme nettoyant doux, ou utilisez-la en massage pour une peau nourrie et \u00e9clatante.<\/li>\n<li><strong>Pour les Cheveux :<\/strong>\n<div class=\"flex-1 overflow-hidden\">\n<div class=\"h-full\">\n<div class=\"react-scroll-to-bottom--css-bffng-79elbk h-full\">\n<div class=\"react-scroll-to-bottom--css-bffng-1n7m0yu\">\n<div class=\"flex flex-col text-sm md:pb-9\">\n<article class=\"w-full text-token-text-primary focus-visible:outline-2 focus-visible:outline-offset-[-4px]\" dir=\"auto\" data-testid=\"conversation-turn-237\" data-scroll-anchor=\"true\">\n<div class=\"text-base py-[18px] px-3 md:px-4 m-auto w-full md:px-5 lg:px-4 xl:px-5\">\n<div class=\"mx-auto flex flex-1 gap-4 text-base md:gap-5 lg:gap-6 md:max-w-3xl lg:max-w-[40rem] xl:max-w-[48rem]\">\n<div class=\"group\/conversation-turn relative flex w-full min-w-0 flex-col agent-turn\">\n<div class=\"flex-col gap-1 md:gap-3\">\n<div class=\"flex max-w-full flex-col flex-grow\">\n<div class=\"min-h-8 text-message flex w-full flex-col items-end gap-2 whitespace-normal break-words [.text-message+&amp;]:mt-5\" dir=\"auto\" data-message-author-role=\"assistant\" data-message-id=\"eeefc7c0-6f37-4599-8c86-2af31b2c1e1f\">\n<div class=\"flex w-full flex-col gap-1 empty:hidden first:pt-[3px]\">\n<div class=\"markdown prose w-full break-words dark:prose-invert light\">\n<p>Appliquez l&rsquo;huile de coco en masque avant shampooing pour revitaliser vos cheveux, ou ajoutez quelques gouttes sur les longueurs pour plus de brillance<\/p>\n<\/div>\n<\/div>\n<\/div>\n<\/div>\n<div class=\"mb-2 flex gap-3 empty:hidden -ml-2\">\n<div class=\"items-center justify-start rounded-xl p-1 flex\"><\/div>\n<\/div>\n<\/div>\n<\/div>\n<\/div>\n<\/div>\n<\/article>\n<\/div>\n<\/div>\n<\/div>\n<\/div>\n<\/div>\n<div class=\"md:pt-0 dark:border-white\/20 md:border-transparent md:dark:border-transparent w-full\">\n<div class=\"\">\n<div class=\"text-base px-3 md:px-4 m-auto w-full md:px-5 lg:px-4 xl:px-5\">\n<div class=\"mx-auto flex flex-1 gap-4 text-base md:gap-5 lg:gap-6 md:max-w-3xl lg:max-w-[40rem] xl:max-w-[48rem]\"><\/div>\n<\/div>\n<\/div>\n<\/div>\n<\/li>\n<li><strong>Hydratation des L\u00e8vres<\/strong> : Appliquez une petite quantit\u00e9 sur les l\u00e8vres pour une hydratation instantan\u00e9e et une douceur durable de coco.<br \/>\n<strong><br \/>\n<\/strong><\/p>\n<h4><strong>Pr\u00e9cautions : <\/strong><\/h4>\n<\/li>\n<\/ul>\n<h4><span style=\"color: #333333; font-family: Georgia, 'Times New Roman', 'Bitstream Charter', Times, serif; font-size: 16px;\">Ne pas utiliser pure sur la peau.<br \/>\nTenir hors de port\u00e9e des enfants.<br \/>\nD\u00e9conseill\u00e9 aux femmes enceintes<br \/>\n<\/span><span style=\"color: #333333; font-family: Georgia, 'Times New Roman', 'Bitstream Charter', Times, serif; font-size: 16px;\">Conserver \u00e0 l&rsquo;abri de la lumi\u00e8re et de la chaleur\u00a0<\/span><\/h4>\n<p><strong>Bio Paradis<\/strong> vous garantit une Huile V\u00e9g\u00e9tale de Coco de qualit\u00e9 sup\u00e9rieure, extraite avec soin pour pr\u00e9server toutes ses propri\u00e9t\u00e9s naturelles.<\/p>\n<p>D\u00e9couvrez notre gamme de produits bio. Des <a href=\"https:\/\/bioparadis.com\/ar\/?product_cat=huile-vegetale\">huiles v\u00e9g\u00e9tales<\/a>, huiles essentielles, miel et ses d\u00e9riv\u00e9s alliant respect de la nature et bien-\u00eatre.<\/p>\n<p>Pour suivre notre actualit\u00e9, Rejoignez la communaut\u00e9 BioParadis sur <a href=\"http:\/\/www.instagram.com\/bioparadisma\" target=\"_blank\" rel=\"noopener\">Instagram<\/a> et suivre nos conseils au quotidien.<\/p>","protected":false},"excerpt":{"rendered":"<p><strong>100% Pure &amp; Naturelle :<\/strong> Huile de coco de qualit\u00e9 sup\u00e9rieure, press\u00e9e \u00e0 froid pour pr\u00e9server toutes ses propri\u00e9t\u00e9s, raffin\u00e9e et sans parfum.<\/p>\n<p><strong>Soin Ultime pour la Peau<\/strong> : Hydrate et nourrit en profondeur. Utilisable comme nettoyant pour le visage, masque de nuit, huile de massage, baume \u00e0 l\u00e8vres, ou lotion pour tout le corps.<\/p>\n<p><strong>Polyvalente en Cuisine :<\/strong> Alternative saine aux autres huiles de cuisson. Id\u00e9ale pour les smoothies, yaourts, flocons d\u2019avoine, pop-corn et autres snacks.<\/p>","protected":false},"featured_media":2282,"comment_status":"closed","ping_status":"closed","template":"","meta":[],"product_brand":[],"product_cat":[56],"product_tag":[],"class_list":{"0":"post-2176","1":"product","2":"type-product","3":"status-publish","4":"has-post-thumbnail","6":"product_cat-huiles-vegetales","8":"first","9":"instock","10":"taxable","11":"shipping-taxable","12":"purchasable","13":"product-type-simple"},"_links":{"self":[{"href":"https:\/\/bioparadis.com\/ar\/wp-json\/wp\/v2\/product\/2176","targetHints":{"allow":["GET"]}}],"collection":[{"href":"https:\/\/bioparadis.com\/ar\/wp-json\/wp\/v2\/product"}],"about":[{"href":"https:\/\/bioparadis.com\/ar\/wp-json\/wp\/v2\/types\/product"}],"replies":[{"embeddable":true,"href":"https:\/\/bioparadis.com\/ar\/wp-json\/wp\/v2\/comments?post=2176"}],"wp:featuredmedia":[{"embeddable":true,"href":"https:\/\/bioparadis.com\/ar\/wp-json\/wp\/v2\/media\/2282"}],"wp:attachment":[{"href":"https:\/\/bioparadis.com\/ar\/wp-json\/wp\/v2\/media?parent=2176"}],"wp:term":[{"taxonomy":"product_brand","embeddable":true,"href":"https:\/\/bioparadis.com\/ar\/wp-json\/wp\/v2\/product_brand?post=2176"},{"taxonomy":"product_cat","embeddable":true,"href":"https:\/\/bioparadis.com\/ar\/wp-json\/wp\/v2\/product_cat?post=2176"},{"taxonomy":"product_tag","embeddable":true,"href":"https:\/\/bioparadis.com\/ar\/wp-json\/wp\/v2\/product_tag?post=2176"}],"curies":[{"name":"wp","href":"https:\/\/api.w.org\/{rel}","templated":true}]}}