{"id":2174,"date":"2024-09-27T08:59:24","date_gmt":"2024-09-27T08:59:24","guid":{"rendered":"http:\/\/bioparadis.com\/?post_type=product&#038;p=2174"},"modified":"2024-10-05T21:48:26","modified_gmt":"2024-10-05T21:48:26","slug":"huile-vegetale-de-cannelle","status":"publish","type":"product","link":"https:\/\/bioparadis.com\/ar\/huile-vegetale-de-cannelle\/","title":{"rendered":"Huile V\u00e9g\u00e9tale de Cannelle"},"content":{"rendered":"<p>D\u00e9couvrez notre Huile V\u00e9g\u00e9tale de Cannelle Bio Paradis, une huile essentielle pr\u00e9cieuse et puissante qui rehausse votre quotidien d&rsquo;une touche chaleureuse et \u00e9pic\u00e9e. Extrait par distillation \u00e0 la vapeur des \u00e9corces de cannelle, ce produit est 100 % pur, sans aucun additif ni substance artificielle, garantissant ainsi une qualit\u00e9 exceptionnelle. Sa texture l\u00e9g\u00e8re et non grasse permet une absorption rapide, offrant une sensation de confort sans r\u00e9sidu.<\/p>\n<h4><strong>Bienfaits et Propri\u00e9t\u00e9s :<\/strong><\/h4>\n<p>L&rsquo;<strong>huile v\u00e9g\u00e9tale de cannelle<\/strong> est r\u00e9put\u00e9e pour ses propri\u00e9t\u00e9s antiseptiques et antifongiques. Ses principaux bienfaits incluent :<\/p>\n<ul>\n<li><strong>Assainissement de l&rsquo;Air :<\/strong> L&rsquo;<strong>huile de cannelle<\/strong> aide \u00e0 purifier l&rsquo;air, cr\u00e9ant un environnement sain et frais.<\/li>\n<li><strong>Stimulation du Syst\u00e8me Immunitaire :<\/strong> Gr\u00e2ce \u00e0 ses propri\u00e9t\u00e9s revigorantes, cette huile est id\u00e9ale pour renforcer les d\u00e9fenses immunitaires.<\/li>\n<li><strong>Ambiance Confortable :<\/strong> Son ar\u00f4me unique, \u00e0 la fois chaud, sucr\u00e9 et \u00e9pic\u00e9, cr\u00e9e une atmosph\u00e8re accueillante et agr\u00e9able dans votre maison.<\/li>\n<\/ul>\n<h4><strong>Conseils d\u2019utilisation :<\/strong><\/h4>\n<ul>\n<li><strong>Aromath\u00e9rapie :<\/strong> Dans les diffuseurs d&rsquo;aromath\u00e9rapie, l&rsquo;<strong>huile de cannelle<\/strong> diffuse un parfum agr\u00e9able qui enrichit l&rsquo;atmosph\u00e8re de votre int\u00e9rieur.<\/li>\n<li><strong>Fabrication de Savons et Bougies :<\/strong> Ajoutez de l&rsquo;huile de cannelle pour une touche d&rsquo;\u00e9pice chaleureuse et exotique.<\/li>\n<li><strong>Synergies Parfum\u00e9es :<\/strong> Combinez l&rsquo;huile de cannelle avec des huiles essentielles comme la myrrhe, l&rsquo;orange, le clou de girofle, le pamplemousse, la lavande, le romarin et le thym pour des m\u00e9langes parfum\u00e9s et th\u00e9rapeutiques.<\/li>\n<\/ul>\n<h4><strong>Pr\u00e9cautions<\/strong> :<\/h4>\n<p>Conserver \u00e0 l\u2019abri de la lumi\u00e8re et de la chaleur.<\/p>\n<p>Ne pas utiliser pure sur la peau.<\/p>\n<p>Tenir hors de port\u00e9e des enfants.<\/p>\n<p>D\u00e9conseill\u00e9 aux femmes enceintes et aux jeunes enfants.<\/p>\n<p><strong>Bio Paradis<\/strong> vous garantit une huile v\u00e9g\u00e9tale de jasmin de qualit\u00e9 sup\u00e9rieure, extraite avec soin pour pr\u00e9server toutes ses propri\u00e9t\u00e9s naturelles.<\/p>\n<p>D\u00e9couvrez notre gamme de produits bio. Des <a href=\"https:\/\/bioparadis.com\/ar\/?product_cat=huile-vegetale\">huiles v\u00e9g\u00e9tales<\/a>, huiles essentielles, miel et ses d\u00e9riv\u00e9s alliant respect de la nature et bien-\u00eatre.<\/p>\n<p>Pour suivre notre actualit\u00e9, Rejoignez la communaut\u00e9 BioParadis sur <a href=\"http:\/\/www.instagram.com\/bioparadisma\" target=\"_blank\" rel=\"noopener\">Instagram<\/a> et suivre nos conseils au quotidien.<\/p>","protected":false},"excerpt":{"rendered":"<p><strong>100% Pure et Non Diluer<\/strong> : Obtenue par distillation \u00e0 la vapeur des \u00e9corces de cannelle, sans agents de remplissage ni additifs.<\/p>\n<p><strong>Ar\u00f4me \u00c9pic\u00e9 et R\u00e9confortant :<\/strong> Une fragrance chaude, douce et \u00e9pic\u00e9e qui rendra votre espace accueillant et chaleureux.<\/p>\n<p><strong>Utilisation Polyvalente<\/strong> : Id\u00e9ale pour les diffuseurs d&rsquo;aromath\u00e9rapie, br\u00fbleurs d&rsquo;huile, massages, savons, bougies et rafra\u00eechisseurs d\u2019air.<\/p>","protected":false},"featured_media":2285,"comment_status":"closed","ping_status":"closed","template":"","meta":[],"product_brand":[],"product_cat":[56],"product_tag":[],"class_list":{"0":"post-2174","1":"product","2":"type-product","3":"status-publish","4":"has-post-thumbnail","6":"product_cat-huiles-vegetales","8":"first","9":"instock","10":"taxable","11":"shipping-taxable","12":"purchasable","13":"product-type-simple"},"_links":{"self":[{"href":"https:\/\/bioparadis.com\/ar\/wp-json\/wp\/v2\/product\/2174","targetHints":{"allow":["GET"]}}],"collection":[{"href":"https:\/\/bioparadis.com\/ar\/wp-json\/wp\/v2\/product"}],"about":[{"href":"https:\/\/bioparadis.com\/ar\/wp-json\/wp\/v2\/types\/product"}],"replies":[{"embeddable":true,"href":"https:\/\/bioparadis.com\/ar\/wp-json\/wp\/v2\/comments?post=2174"}],"wp:featuredmedia":[{"embeddable":true,"href":"https:\/\/bioparadis.com\/ar\/wp-json\/wp\/v2\/media\/2285"}],"wp:attachment":[{"href":"https:\/\/bioparadis.com\/ar\/wp-json\/wp\/v2\/media?parent=2174"}],"wp:term":[{"taxonomy":"product_brand","embeddable":true,"href":"https:\/\/bioparadis.com\/ar\/wp-json\/wp\/v2\/product_brand?post=2174"},{"taxonomy":"product_cat","embeddable":true,"href":"https:\/\/bioparadis.com\/ar\/wp-json\/wp\/v2\/product_cat?post=2174"},{"taxonomy":"product_tag","embeddable":true,"href":"https:\/\/bioparadis.com\/ar\/wp-json\/wp\/v2\/product_tag?post=2174"}],"curies":[{"name":"wp","href":"https:\/\/api.w.org\/{rel}","templated":true}]}}