{"id":2171,"date":"2024-09-27T08:59:22","date_gmt":"2024-09-27T08:59:22","guid":{"rendered":"http:\/\/bioparadis.com\/?post_type=product&#038;p=2171"},"modified":"2024-12-09T13:56:32","modified_gmt":"2024-12-09T13:56:32","slug":"ginseng","status":"publish","type":"product","link":"https:\/\/bioparadis.com\/ar\/ginseng\/","title":{"rendered":"Ginseng"},"content":{"rendered":"<div class=\"flex-shrink-0 flex flex-col relative items-end\">\n<div>\n<div class=\"pt-0\">\n<div class=\"gizmo-bot-avatar flex h-8 w-8 items-center justify-center overflow-hidden rounded-full\">\n<div class=\"relative p-1 rounded-sm flex items-center justify-center bg-token-main-surface-primary text-token-text-primary h-8 w-8\"><\/div>\n<\/div>\n<\/div>\n<\/div>\n<\/div>\n<div class=\"group\/conversation-turn relative flex w-full min-w-0 flex-col agent-turn\">\n<div class=\"flex-col gap-1 md:gap-3\">\n<div class=\"flex max-w-full flex-col flex-grow\">\n<div class=\"min-h-8 text-message flex w-full flex-col items-end gap-2 whitespace-normal break-words [.text-message+&amp;]:mt-5\" dir=\"auto\" data-message-author-role=\"assistant\" data-message-id=\"e13ba4bb-3a1a-490f-ae7d-f3896c9bf1ec\">\n<div class=\"flex w-full flex-col gap-1 empty:hidden first:pt-[3px]\">\n<div class=\"markdown prose w-full break-words dark:prose-invert light\">\n<h3><strong>Ginseng Naturel \u2013 Bioparadis<\/strong><\/h3>\n<p>Le ginseng (<em>Panax ginseng<\/em>) est une plante adaptog\u00e8ne utilis\u00e9e depuis des mill\u00e9naires dans la m\u00e9decine traditionnelle asiatique pour ses multiples bienfaits sur la sant\u00e9. Riche en gins\u00e9nosides, ses principes actifs, il est reconnu pour am\u00e9liorer l\u2019endurance physique et mentale, renforcer le syst\u00e8me immunitaire et lutter contre la fatigue. Il est aussi r\u00e9put\u00e9 pour ses effets b\u00e9n\u00e9fiques sur la m\u00e9moire, la concentration et la gestion du stress. De plus, le ginseng est un alli\u00e9 pr\u00e9cieux pour maintenir une bonne vitalit\u00e9 g\u00e9n\u00e9rale et soutenir la sant\u00e9 sexuelle.<\/p>\n<p><strong>Bienfaits du ginseng :<\/strong><\/p>\n<ul>\n<li><strong>Stimulation de l\u2019\u00e9nergie<\/strong> : Le ginseng aide \u00e0 combattre la fatigue chronique en stimulant l\u2019\u00e9nergie et la vitalit\u00e9, sans provoquer de nervosit\u00e9.<\/li>\n<li><strong>Soutien cognitif<\/strong> : Il am\u00e9liore les performances intellectuelles, la m\u00e9moire et la concentration.<\/li>\n<li><strong>Renforcement immunitaire<\/strong> : Gr\u00e2ce \u00e0 ses propri\u00e9t\u00e9s immunomodulatrices, il contribue \u00e0 renforcer les d\u00e9fenses naturelles de l\u2019organisme.<\/li>\n<li><strong>Gestion du stress<\/strong> : Il aide le corps \u00e0 mieux g\u00e9rer le stress et favorise un meilleur \u00e9quilibre mental.<\/li>\n<\/ul>\n<h3><strong>Pr\u00e9cautions d&rsquo;utilisation :<\/strong><\/h3>\n<ul>\n<li><strong>Consommation mod\u00e9r\u00e9e<\/strong> : Il est recommand\u00e9 de ne pas d\u00e9passer 2 grammes par jour. Une consommation excessive peut entra\u00eener des effets ind\u00e9sirables tels que l\u2019insomnie, l\u2019agitation ou l\u2019hypertension.<\/li>\n<li><strong>Contre-indications<\/strong> : Les personnes souffrant d\u2019hypertension, de troubles cardiaques, ou de diab\u00e8te doivent consulter un m\u00e9decin avant de consommer du ginseng, car il peut interagir avec certains traitements.<\/li>\n<li><strong>Grossesse et allaitement<\/strong> : Le ginseng est d\u00e9conseill\u00e9 aux femmes enceintes ou allaitantes en raison de son potentiel stimulant.<\/li>\n<\/ul>\n<h3><strong>Recommandations :<\/strong><\/h3>\n<ul>\n<li>Prenez le ginseng le matin ou en d\u00e9but de journ\u00e9e pour \u00e9viter tout impact sur le sommeil.<\/li>\n<li>Pour b\u00e9n\u00e9ficier pleinement de ses effets, suivez une cure de 1 \u00e0 3 mois, puis faites une pause d\u2019au moins 2 semaines avant de reprendre.<\/li>\n<li>Conservez le ginseng dans un endroit sec et \u00e0 l\u2019abri de la lumi\u00e8re.<\/li>\n<\/ul>\n<p>&nbsp;<\/p>\n<p><strong>Bio Paradis<\/strong>\u00a0vous garantit des\u00a0huiles\u00a0 de\u00a0qualit\u00e9 sup\u00e9rieure, et extraites avec soin pour devenir toutes ses propri\u00e9t\u00e9s naturelles.<\/p>\n<p>D\u00e9couvrez notre gamme de produits bio. Des\u00a0<a href=\"https:\/\/bioparadis.com\/ar\/?product_cat=huile-vegetale\">huiles v\u00e9g\u00e9tales<\/a>,\u00a0huiles essentielles, miel et ses besoins alliant respect de la nature et bien-\u00eatre.<\/p>\n<p>Pour suivre notre actualit\u00e9, rejoignez la communaut\u00e9 BioParadis sur\u00a0<a href=\"http:\/\/www.instagram.com\/bioparadisma\" target=\"_blank\" rel=\"noopener\">Instagram<\/a>\u00a0et continuer nos conseils au quotidien.<\/p>\n<\/div>\n<\/div>\n<\/div>\n<\/div>\n<\/div>\n<\/div>","protected":false},"excerpt":{"rendered":"<p>Adaptog\u00e8ne Puissant : Le ginseng est r\u00e9put\u00e9 pour aider l\u2019organisme \u00e0 mieux g\u00e9rer le stress et am\u00e9liorer les performances physiques et mentales.<\/p>\n<p>Stimulant \u00c9nerg\u00e9tique : Augmente l\u2019\u00e9nergie, am\u00e9liore la concentration et r\u00e9duit la fatigue.<\/p>\n<p>Renforce l\u2019Immunit\u00e9 : Soutient le syst\u00e8me immunitaire, prot\u00e9geant le corps contre les infections et les maladies.<\/p>\n<p>Am\u00e9lioration des Fonctions Cognitives : Favorise la m\u00e9moire et la concentration, particuli\u00e8rement utile en p\u00e9riode d\u2019intense activit\u00e9 intellectuelle.<\/p>","protected":false},"featured_media":2815,"comment_status":"closed","ping_status":"closed","template":"","meta":[],"product_brand":[],"product_cat":[55],"product_tag":[],"class_list":{"0":"post-2171","1":"product","2":"type-product","3":"status-publish","4":"has-post-thumbnail","6":"product_cat-derives-de-miel","8":"first","9":"instock","10":"taxable","11":"shipping-taxable","12":"purchasable","13":"product-type-simple"},"_links":{"self":[{"href":"https:\/\/bioparadis.com\/ar\/wp-json\/wp\/v2\/product\/2171","targetHints":{"allow":["GET"]}}],"collection":[{"href":"https:\/\/bioparadis.com\/ar\/wp-json\/wp\/v2\/product"}],"about":[{"href":"https:\/\/bioparadis.com\/ar\/wp-json\/wp\/v2\/types\/product"}],"replies":[{"embeddable":true,"href":"https:\/\/bioparadis.com\/ar\/wp-json\/wp\/v2\/comments?post=2171"}],"wp:featuredmedia":[{"embeddable":true,"href":"https:\/\/bioparadis.com\/ar\/wp-json\/wp\/v2\/media\/2815"}],"wp:attachment":[{"href":"https:\/\/bioparadis.com\/ar\/wp-json\/wp\/v2\/media?parent=2171"}],"wp:term":[{"taxonomy":"product_brand","embeddable":true,"href":"https:\/\/bioparadis.com\/ar\/wp-json\/wp\/v2\/product_brand?post=2171"},{"taxonomy":"product_cat","embeddable":true,"href":"https:\/\/bioparadis.com\/ar\/wp-json\/wp\/v2\/product_cat?post=2171"},{"taxonomy":"product_tag","embeddable":true,"href":"https:\/\/bioparadis.com\/ar\/wp-json\/wp\/v2\/product_tag?post=2171"}],"curies":[{"name":"wp","href":"https:\/\/api.w.org\/{rel}","templated":true}]}}