{"id":2169,"date":"2024-09-27T08:59:21","date_gmt":"2024-09-27T08:59:21","guid":{"rendered":"http:\/\/bioparadis.com\/?post_type=product&#038;p=2169"},"modified":"2024-10-03T16:34:45","modified_gmt":"2024-10-03T16:34:45","slug":"gelee-royale-naturelle","status":"publish","type":"product","link":"https:\/\/bioparadis.com\/ar\/gelee-royale-naturelle\/","title":{"rendered":"Gel\u00e9e Royale"},"content":{"rendered":"<p><strong>Gel\u00e9e Royale 100% Naturelle &#8211; 10g | BioParadis<\/strong><\/p>\n<p>Cette gel\u00e9e royale pure et naturelle de 10g est un v\u00e9ritable tr\u00e9sor de la nature, r\u00e9colt\u00e9e avec soin selon les normes de l&rsquo;agriculture biologique au Maroc. Elle est riche en vitamines B (B1, B2, B3, B5, B6, B8) et en cuivre, contribuant \u00e0 r\u00e9duire la fatigue, \u00e0 soutenir le bon fonctionnement du syst\u00e8me immunitaire et nerveux. Source pr\u00e9cieuse de 10-HDA, phosphore, vitamine B9 et zinc, cette gel\u00e9e royale est id\u00e9ale pour renforcer vos d\u00e9fenses naturelles.<\/p>\n<p>Utilis\u00e9e depuis des mill\u00e9naires pour ses multiples bienfaits, elle est reconnue pour ses effets revitalisants et anti-fatigue. En cure r\u00e9guli\u00e8re, elle aide \u00e0 stimuler le syst\u00e8me immunitaire, \u00e0 am\u00e9liorer la vitalit\u00e9 et \u00e0 lutter contre le vieillissement pr\u00e9matur\u00e9 de la peau. Id\u00e9ale pour retrouver \u00e9nergie et bien-\u00eatre, cette gel\u00e9e royale est un incontournable pour renforcer son organisme au quotidien.<\/p>\n<p>Sans conservateurs ni traitements (cong\u00e9lation ou lyophilisation), elle conserve toutes ses propri\u00e9t\u00e9s nutritives. \u00c0 conserver entre +2 et +5\u00b0C apr\u00e8s r\u00e9ception.<\/p>\n<p>Pour suivre notre actualit\u00e9, Rejoignez la communaut\u00e9 BioParadis sur <a href=\"http:\/\/www.instagram.com\/bioparadisma\" target=\"_blank\" rel=\"noopener\">Instagram<\/a> et suivre nos conseils au quotidien.<\/p>\n<p><strong>100%  \u0637\u0628\u064a\u0639\u064a\u0629<\/strong>, votre partenaire bien-\u00eatre au naturel, d\u00e9couvrez les autres <a href=\"https:\/\/bioparadis.com\/ar\/?product_cat=derives-de-miel\">d\u00e9riv\u00e9s de miel<\/a> disponible sur notre site .<\/p>\n<p>&nbsp;<\/p>","protected":false},"excerpt":{"rendered":"<p>Concentr\u00e9 de Nutriments : La gel\u00e9e royale est une substance pr\u00e9cieuse s\u00e9cr\u00e9t\u00e9e par les abeilles ouvri\u00e8res, riche en vitamines (notamment B), acides amin\u00e9s, min\u00e9raux et antioxydants.<\/p>\n<p>Soutien Immunitaire : Renforce le syst\u00e8me immunitaire, am\u00e9liore la r\u00e9sistance aux maladies et aide \u00e0 lutter contre la fatigue.<\/p>\n<p>Action Anti-\u00c2ge : Gr\u00e2ce \u00e0 ses propri\u00e9t\u00e9s r\u00e9g\u00e9n\u00e9ratrices, la gel\u00e9e royale favorise le renouvellement cellulaire et ralentit le vieillissement cutan\u00e9.<\/p>\n<p>Adaptog\u00e8ne Naturel : Aide le corps \u00e0 mieux g\u00e9rer le stress physique et mental, tout en am\u00e9liorant l&rsquo;endurance et la concentration.<\/p>","protected":false},"featured_media":2810,"comment_status":"closed","ping_status":"closed","template":"","meta":[],"product_brand":[],"product_cat":[55],"product_tag":[],"class_list":{"0":"post-2169","1":"product","2":"type-product","3":"status-publish","4":"has-post-thumbnail","6":"product_cat-derives-de-miel","8":"first","9":"instock","10":"taxable","11":"shipping-taxable","12":"purchasable","13":"product-type-simple"},"_links":{"self":[{"href":"https:\/\/bioparadis.com\/ar\/wp-json\/wp\/v2\/product\/2169","targetHints":{"allow":["GET"]}}],"collection":[{"href":"https:\/\/bioparadis.com\/ar\/wp-json\/wp\/v2\/product"}],"about":[{"href":"https:\/\/bioparadis.com\/ar\/wp-json\/wp\/v2\/types\/product"}],"replies":[{"embeddable":true,"href":"https:\/\/bioparadis.com\/ar\/wp-json\/wp\/v2\/comments?post=2169"}],"wp:featuredmedia":[{"embeddable":true,"href":"https:\/\/bioparadis.com\/ar\/wp-json\/wp\/v2\/media\/2810"}],"wp:attachment":[{"href":"https:\/\/bioparadis.com\/ar\/wp-json\/wp\/v2\/media?parent=2169"}],"wp:term":[{"taxonomy":"product_brand","embeddable":true,"href":"https:\/\/bioparadis.com\/ar\/wp-json\/wp\/v2\/product_brand?post=2169"},{"taxonomy":"product_cat","embeddable":true,"href":"https:\/\/bioparadis.com\/ar\/wp-json\/wp\/v2\/product_cat?post=2169"},{"taxonomy":"product_tag","embeddable":true,"href":"https:\/\/bioparadis.com\/ar\/wp-json\/wp\/v2\/product_tag?post=2169"}],"curies":[{"name":"wp","href":"https:\/\/api.w.org\/{rel}","templated":true}]}}