{"id":2152,"date":"2024-09-27T08:59:11","date_gmt":"2024-09-27T08:59:11","guid":{"rendered":"http:\/\/bioparadis.com\/?post_type=product&#038;p=2152"},"modified":"2025-11-22T09:49:26","modified_gmt":"2025-11-22T09:49:26","slug":"huile-essentielle-de-citron","status":"publish","type":"product","link":"https:\/\/bioparadis.com\/ar\/huile-essentielle-de-citron\/","title":{"rendered":"Huile Essentielle de Citron"},"content":{"rendered":"<p>D\u00e9couvrez l\u2019<strong>huile essentielle de citron Bio Paradis<\/strong>, une huile vive et rafra\u00eechissante obtenue par pressage \u00e0 froid des \u00e9corces de Citrus limon. 100% pure et biologique, cette huile conserve toutes les propri\u00e9t\u00e9s actives du citron, offrant une essence purifiante et tonifiante.<\/p>\n<h3>Bienfaits et Propri\u00e9t\u00e9s<\/h3>\n<p>L\u2019<strong>huile de citron<\/strong> est renomm\u00e9e pour ses nombreux bienfaits :<\/p>\n<ul>\n<li><strong>Effets Dynamisants :<\/strong> L\u2019<strong>huile de citron<\/strong> revitalise l\u2019esprit, am\u00e9liore la concentration et favorise une ambiance stimulante.<\/li>\n<li><strong>Propri\u00e9t\u00e9s Purifiantes :<\/strong> Gr\u00e2ce \u00e0 ses propri\u00e9t\u00e9s antiseptiques, l\u2019<strong>huile de citron<\/strong> est id\u00e9ale pour assainir l\u2019air, \u00e9liminer les mauvaises odeurs et purifier les surfaces.<\/li>\n<\/ul>\n<h3>Conseils d&rsquo;utilisation<\/h3>\n<ul>\n<li><strong>Diffusion :<\/strong> Ajoutez quelques gouttes d\u2019<strong>huile de citron<\/strong> dans votre diffuseur pour profiter d\u2019un environnement frais et agr\u00e9able.<\/li>\n<li><strong>Nettoyage :<\/strong> M\u00e9langez l\u2019<strong>huile de citron<\/strong> avec de l\u2019eau pour cr\u00e9er un nettoyant naturel pour les surfaces de votre maison.<\/li>\n<li><strong>Soins Personnels :<\/strong> Incorpor\u00e9e dans vos soins cosm\u00e9tiques, l\u2019<strong>huile de citron<\/strong> peut \u00e9galement apporter une touche purifiante \u00e0 vos cr\u00e8mes et lotions.<strong>Pr\u00e9cautions<\/strong> : Ne pas utiliser pure sur la peau. Tenir hors de port\u00e9e des enfants. D\u00e9conseill\u00e9 aux femmes enceintes et aux jeunes enfants.\n<p>Faites confiance \u00e0 <strong>Bio Paradis<\/strong> pour une huile essentielle de haute qualit\u00e9, respectueuse de votre bien-\u00eatre et de l\u2019environnement.<\/p>\n<p>Les produits de Bioparadis sont des produits de qualit\u00e9. Nous proposons une large gamme de produits naturels et bio, des huiles essentielles, des huiles v\u00e9g\u00e9tales, miel et ses d\u00e9riv\u00e9s.<\/li>\n<\/ul>","protected":false},"excerpt":{"rendered":"<p><strong>100% pure et biologique<\/strong> : Huile essentielle de citron , biologique et extraite par pressage \u00e0 froid des \u00e9corces, garantissant une puret\u00e9 et une concentration \u00e9lev\u00e9es en principes actifs.<\/p>\n<p><strong>Propri\u00e9t\u00e9s rafra\u00eechissantes et purifiantes<\/strong> : Connu pour ses effets vivifiants, il aide \u00e0 stimuler l\u2019esprit et \u00e0 rafra\u00eechir l\u2019air, tout en ayant des propri\u00e9t\u00e9s antiseptiques et d\u00e9toxifiantes.<\/p>\n<p><strong>Effet dynamisant et tonifiant :<\/strong> Id\u00e9ale pour revigorer l\u2019esprit et dynamiser le corps, tout en apportant une sensation de fra\u00eecheur et de l\u00e9g\u00e8ret\u00e9.<\/p>\n<p><strong>Multi-usages :<\/strong> Parfaite pour l\u2019aromath\u00e9rapie, la purification de l\u2019air, et dans les pr\u00e9parations maison pour ses propri\u00e9t\u00e9s d\u00e9graissantes et assainissantes.<\/p>","protected":false},"featured_media":7702,"comment_status":"closed","ping_status":"closed","template":"","meta":[],"product_brand":[],"product_cat":[52],"product_tag":[],"class_list":{"0":"post-2152","1":"product","2":"type-product","3":"status-publish","4":"has-post-thumbnail","6":"product_cat-huile-essentielle","8":"first","9":"instock","10":"taxable","11":"shipping-taxable","12":"purchasable","13":"product-type-simple"},"_links":{"self":[{"href":"https:\/\/bioparadis.com\/ar\/wp-json\/wp\/v2\/product\/2152","targetHints":{"allow":["GET"]}}],"collection":[{"href":"https:\/\/bioparadis.com\/ar\/wp-json\/wp\/v2\/product"}],"about":[{"href":"https:\/\/bioparadis.com\/ar\/wp-json\/wp\/v2\/types\/product"}],"replies":[{"embeddable":true,"href":"https:\/\/bioparadis.com\/ar\/wp-json\/wp\/v2\/comments?post=2152"}],"wp:featuredmedia":[{"embeddable":true,"href":"https:\/\/bioparadis.com\/ar\/wp-json\/wp\/v2\/media\/7702"}],"wp:attachment":[{"href":"https:\/\/bioparadis.com\/ar\/wp-json\/wp\/v2\/media?parent=2152"}],"wp:term":[{"taxonomy":"product_brand","embeddable":true,"href":"https:\/\/bioparadis.com\/ar\/wp-json\/wp\/v2\/product_brand?post=2152"},{"taxonomy":"product_cat","embeddable":true,"href":"https:\/\/bioparadis.com\/ar\/wp-json\/wp\/v2\/product_cat?post=2152"},{"taxonomy":"product_tag","embeddable":true,"href":"https:\/\/bioparadis.com\/ar\/wp-json\/wp\/v2\/product_tag?post=2152"}],"curies":[{"name":"wp","href":"https:\/\/api.w.org\/{rel}","templated":true}]}}