{"id":2148,"date":"2024-09-27T08:59:08","date_gmt":"2024-09-27T08:59:08","guid":{"rendered":"http:\/\/bioparadis.com\/?post_type=product&#038;p=2148"},"modified":"2025-11-22T10:03:59","modified_gmt":"2025-11-22T10:03:59","slug":"huile-essentielle-d-origan","status":"publish","type":"product","link":"https:\/\/bioparadis.com\/ar\/huile-essentielle-d-origan\/","title":{"rendered":"Huile Essentielle d&rsquo;Origan"},"content":{"rendered":"<p>D\u00e9couvrez l\u2019<strong>huile essentielle d&rsquo;origan Bio Paradis<\/strong>, un concentr\u00e9 de puissance extraite des parties a\u00e9riennes fleuries d&rsquo;Origanum vulgare. 100% pure et biologique, cette huile est obtenue par distillation \u00e0 la vapeur, ce qui pr\u00e9serve toutes ses propri\u00e9t\u00e9s antimicrobiennes et tonifiantes.<\/p>\n<h3>Bienfaits et Propri\u00e9t\u00e9s<\/h3>\n<p>L\u2019<strong>huile d&rsquo;origan<\/strong> est particuli\u00e8rement reconnue pour :<\/p>\n<ul>\n<li><strong>Propri\u00e9t\u00e9s Antimicrobiennes :<\/strong> Avec ses effets antibact\u00e9riens, antifongiques et antiviraux, elle est un atout majeur pour renforcer le syst\u00e8me immunitaire et combattre les infections.<\/li>\n<li><strong>Effets Stimulants :<\/strong> Son action tonifiante aide \u00e0 revitaliser l&rsquo;organisme, en soutenant la digestion et en favorisant le bien-\u00eatre g\u00e9n\u00e9ral.<\/li>\n<\/ul>\n<h3>Conseils d&rsquo;utilisation<\/h3>\n<ul>\n<li><strong>Soin Immunitaire :<\/strong> Ajoutez quelques gouttes d\u2019<strong>huile d&rsquo;origan<\/strong> \u00e0 vos tisanes ou suppl\u00e9ments pour b\u00e9n\u00e9ficier de ses propri\u00e9t\u00e9s fortifiantes et protectrices.<\/li>\n<li><strong>Diffusion :<\/strong> Utilisez l\u2019<strong>huile d&rsquo;origan<\/strong> dans un diffuseur pour assainir l&rsquo;air et profiter de ses effets purifiants, surtout en p\u00e9riode de maladies.<\/li>\n<li><strong>Soin de la Peau :<\/strong> M\u00e9langez quelques gouttes d\u2019<strong>huile d&rsquo;origan<\/strong> avec une huile porteuse pour un traitement cibl\u00e9 des zones \u00e0 probl\u00e8mes, gr\u00e2ce \u00e0 ses vertus antimicrobiennes.<strong>Pr\u00e9cautions<\/strong> : Ne pas utiliser pure sur la peau. Tenir hors de port\u00e9e des enfants. D\u00e9conseill\u00e9 aux femmes enceintes et aux jeunes enfants.Faites confiance \u00e0 <strong>Bio Paradis<\/strong> pour une huile essentielle de haute qualit\u00e9, respectueuse de votre bien-\u00eatre et de l\u2019environnement.\n<p>Les produits de Bioparadis sont des produits de qualit\u00e9. Nous proposons une large gamme de produits naturels et bio, des huiles essentielles, des huiles v\u00e9g\u00e9tales, miel et ses d\u00e9riv\u00e9s.<\/li>\n<\/ul>","protected":false},"excerpt":{"rendered":"<p><strong>100% pure et biologique :<\/strong> Huile essentielle d&rsquo;origan , biologique et extraite par distillation \u00e0 la vapeur des parties a\u00e9riennes fleuries, garantissant une concentration optimale en principes actifs.<\/p>\n<p><strong>Propri\u00e9t\u00e9s antimicrobiennes et antivirales :<\/strong> Connue pour ses puissantes propri\u00e9t\u00e9s antibact\u00e9riennes, antifongiques et antivirales, id\u00e9ale pour renforcer le syst\u00e8me immunitaire et lutter contre diverses infections.<\/p>\n<p><strong>Effet stimulant et tonifiant<\/strong> : Aide \u00e0 revitaliser l&rsquo;organisme, stimule la digestion et soulage les douleurs musculaires gr\u00e2ce \u00e0 ses effets r\u00e9chauffants et tonifiants.<\/p>\n<p><strong>Multi-usages<\/strong> : Parfaite pour l\u2019aromath\u00e9rapie, les massages, ou en diffusion pour assainir l&rsquo;air, ainsi que pour soutenir les fonctions digestives et respiratoires<\/p>","protected":false},"featured_media":7707,"comment_status":"closed","ping_status":"closed","template":"","meta":[],"product_brand":[],"product_cat":[52],"product_tag":[],"class_list":{"0":"post-2148","1":"product","2":"type-product","3":"status-publish","4":"has-post-thumbnail","6":"product_cat-huile-essentielle","8":"first","9":"instock","10":"taxable","11":"shipping-taxable","12":"purchasable","13":"product-type-simple"},"_links":{"self":[{"href":"https:\/\/bioparadis.com\/ar\/wp-json\/wp\/v2\/product\/2148","targetHints":{"allow":["GET"]}}],"collection":[{"href":"https:\/\/bioparadis.com\/ar\/wp-json\/wp\/v2\/product"}],"about":[{"href":"https:\/\/bioparadis.com\/ar\/wp-json\/wp\/v2\/types\/product"}],"replies":[{"embeddable":true,"href":"https:\/\/bioparadis.com\/ar\/wp-json\/wp\/v2\/comments?post=2148"}],"wp:featuredmedia":[{"embeddable":true,"href":"https:\/\/bioparadis.com\/ar\/wp-json\/wp\/v2\/media\/7707"}],"wp:attachment":[{"href":"https:\/\/bioparadis.com\/ar\/wp-json\/wp\/v2\/media?parent=2148"}],"wp:term":[{"taxonomy":"product_brand","embeddable":true,"href":"https:\/\/bioparadis.com\/ar\/wp-json\/wp\/v2\/product_brand?post=2148"},{"taxonomy":"product_cat","embeddable":true,"href":"https:\/\/bioparadis.com\/ar\/wp-json\/wp\/v2\/product_cat?post=2148"},{"taxonomy":"product_tag","embeddable":true,"href":"https:\/\/bioparadis.com\/ar\/wp-json\/wp\/v2\/product_tag?post=2148"}],"curies":[{"name":"wp","href":"https:\/\/api.w.org\/{rel}","templated":true}]}}