{"id":2147,"date":"2024-09-27T08:59:07","date_gmt":"2024-09-27T08:59:07","guid":{"rendered":"http:\/\/bioparadis.com\/?post_type=product&#038;p=2147"},"modified":"2025-11-22T10:06:43","modified_gmt":"2025-11-22T10:06:43","slug":"huile-essentielle-de-girofle","status":"publish","type":"product","link":"https:\/\/bioparadis.com\/ar\/huile-essentielle-de-girofle\/","title":{"rendered":"Huile Essentielle de Girofle"},"content":{"rendered":"<p>D\u00e9couvrez l\u2019<strong>huile essentielle de girofle Bio Paradis<\/strong>, un concentr\u00e9 de bienfaits extrait des boutons floraux de Syzygium aromaticum. 100% pure et biologique, cette huile est obtenue par distillation \u00e0 la vapeur, garantissant la pr\u00e9servation de ses propri\u00e9t\u00e9s stimulantes et antiseptiques.<\/p>\n<h3>Bienfaits et Propri\u00e9t\u00e9s<\/h3>\n<p>L\u2019<strong>huile de girofle<\/strong> est renomm\u00e9e pour :<\/p>\n<ul>\n<li><strong>Renforcement du Syst\u00e8me Immunitaire :<\/strong> Connue pour ses effets puissants, elle aide \u00e0 combattre les infections et renforce les d\u00e9fenses naturelles de l&rsquo;organisme.<\/li>\n<li><strong>Propri\u00e9t\u00e9s Anesth\u00e9siques :<\/strong> Son action soulage efficacement les douleurs dentaires et musculaires, offrant un soulagement rapide et apaisant.<\/li>\n<\/ul>\n<h3>Conseils d&rsquo;utilisation<\/h3>\n<ul>\n<li><strong>Soulagement de la Douleur :<\/strong> Diluez quelques gouttes d\u2019<strong>huile de girofle<\/strong> dans une huile porteuse et appliquez sur les zones douloureuses pour un effet apaisant.<\/li>\n<li><strong>Soin Immunitaire :<\/strong> Ajoutez quelques gouttes d\u2019<strong>huile de girofle<\/strong> \u00e0 vos infusions ou m\u00e9langes de tisane pour un soutien suppl\u00e9mentaire \u00e0 votre sant\u00e9.<\/li>\n<li><strong>Diffusion :<\/strong> Utilisez l\u2019<strong>huile de girofle<\/strong> dans un diffuseur pour purifier l&rsquo;air et b\u00e9n\u00e9ficier de ses propri\u00e9t\u00e9s antiseptiques, cr\u00e9ant ainsi un environnement sain.<br \/>\n<strong>Pr\u00e9cautions<\/strong> : Ne pas utiliser pure sur la peau. Tenir hors de port\u00e9e des enfants. D\u00e9conseill\u00e9 aux femmes enceintes et aux jeunes enfants.Faites confiance \u00e0 <strong>Bio Paradis<\/strong> pour une huile essentielle de haute qualit\u00e9, respectueuse de votre bien-\u00eatre et de l\u2019environnement.<\/p>\n<p>Les produits de Bioparadis sont des produits de qualit\u00e9. Nous proposons une large gamme de produits naturels et bio, des huiles essentielles, des huiles v\u00e9g\u00e9tales, miel et ses d\u00e9riv\u00e9s.<\/li>\n<\/ul>","protected":false},"excerpt":{"rendered":"<p><strong>100% pure et biologique<\/strong> : Huile essentielle de girofle, biologique et extraite par distillation \u00e0 la vapeur des boutons floraux, assurant une concentration maximale en principes actifs.<\/p>\n<p><strong>Propri\u00e9t\u00e9s stimulantes et antiseptiques<\/strong> : Reconnue pour ses effets puissants sur le syst\u00e8me immunitaire, aide \u00e0 combattre les infections, et stimule l&rsquo;\u00e9nergie et la vitalit\u00e9.<\/p>\n<p><strong>Effet anesth\u00e9siant local<\/strong> : Efficace pour soulager les douleurs dentaires et musculaires gr\u00e2ce \u00e0 ses propri\u00e9t\u00e9s analg\u00e9siques.<\/p>\n<p><strong>Multi-usages<\/strong> : Id\u00e9ale pour l\u2019aromath\u00e9rapie, les soins dentaires, en diffusion pour purifier l&rsquo;air, ou en application locale pour soulager les douleurs<\/p>","protected":false},"featured_media":7708,"comment_status":"closed","ping_status":"closed","template":"","meta":[],"product_brand":[],"product_cat":[52],"product_tag":[],"class_list":{"0":"post-2147","1":"product","2":"type-product","3":"status-publish","4":"has-post-thumbnail","6":"product_cat-huile-essentielle","8":"first","9":"instock","10":"taxable","11":"shipping-taxable","12":"purchasable","13":"product-type-simple"},"_links":{"self":[{"href":"https:\/\/bioparadis.com\/ar\/wp-json\/wp\/v2\/product\/2147","targetHints":{"allow":["GET"]}}],"collection":[{"href":"https:\/\/bioparadis.com\/ar\/wp-json\/wp\/v2\/product"}],"about":[{"href":"https:\/\/bioparadis.com\/ar\/wp-json\/wp\/v2\/types\/product"}],"replies":[{"embeddable":true,"href":"https:\/\/bioparadis.com\/ar\/wp-json\/wp\/v2\/comments?post=2147"}],"wp:featuredmedia":[{"embeddable":true,"href":"https:\/\/bioparadis.com\/ar\/wp-json\/wp\/v2\/media\/7708"}],"wp:attachment":[{"href":"https:\/\/bioparadis.com\/ar\/wp-json\/wp\/v2\/media?parent=2147"}],"wp:term":[{"taxonomy":"product_brand","embeddable":true,"href":"https:\/\/bioparadis.com\/ar\/wp-json\/wp\/v2\/product_brand?post=2147"},{"taxonomy":"product_cat","embeddable":true,"href":"https:\/\/bioparadis.com\/ar\/wp-json\/wp\/v2\/product_cat?post=2147"},{"taxonomy":"product_tag","embeddable":true,"href":"https:\/\/bioparadis.com\/ar\/wp-json\/wp\/v2\/product_tag?post=2147"}],"curies":[{"name":"wp","href":"https:\/\/api.w.org\/{rel}","templated":true}]}}