{"id":2145,"date":"2024-09-27T08:59:06","date_gmt":"2024-09-27T08:59:06","guid":{"rendered":"http:\/\/bioparadis.com\/?post_type=product&#038;p=2145"},"modified":"2025-11-22T10:14:18","modified_gmt":"2025-11-22T10:14:18","slug":"huile-essentielle-de-menthe","status":"publish","type":"product","link":"https:\/\/bioparadis.com\/ar\/huile-essentielle-de-menthe\/","title":{"rendered":"Huile Essentielle de Menthe"},"content":{"rendered":"<p>D\u00e9couvrez l\u2019<strong>huile essentielle de menthe Bio Paradis<\/strong>, un concentr\u00e9 de fra\u00eecheur et de vitalit\u00e9 extrait des feuilles de Mentha spp.. 100% pure et biologique, cette huile est obtenue par distillation \u00e0 la vapeur, garantissant la pr\u00e9servation de ses propri\u00e9t\u00e9s actives.<\/p>\n<h3>Bienfaits et Propri\u00e9t\u00e9s<\/h3>\n<p>L\u2019<strong>huile de menthe<\/strong> est reconnue pour :<\/p>\n<ul>\n<li><strong>Effets Rafra\u00eechissants :<\/strong> Elle offre une sensation de fra\u00eecheur instantan\u00e9e, ce qui la rend parfaite pour revigorer le corps et l&rsquo;esprit.<\/li>\n<li><strong>Propri\u00e9t\u00e9s Revitalisantes :<\/strong> Gr\u00e2ce \u00e0 ses vertus, l\u2019<strong>huile de menthe<\/strong> am\u00e9liore la concentration et favorise la clart\u00e9 mentale, id\u00e9ale lors de p\u00e9riodes de fatigue.<\/li>\n<\/ul>\n<h3>Conseils d&rsquo;utilisation<\/h3>\n<ul>\n<li><strong>Pour la Concentration :<\/strong> Diffusez l\u2019<strong>huile de menthe<\/strong> dans votre espace de travail pour stimuler votre \u00e9nergie et am\u00e9liorer votre concentration.<\/li>\n<li><strong>Soin Musculaire :<\/strong> Ajoutez quelques gouttes d\u2019<strong>huile de menthe<\/strong> \u00e0 une huile porteuse et massez les zones douloureuses pour b\u00e9n\u00e9ficier de son effet apaisant sur les muscles.<\/li>\n<li><strong>Soulagement des Maux de T\u00eate :<\/strong> Appliquez d\u00e9licatement de l\u2019<strong>huile de menthe<\/strong> sur les tempes pour profiter d&rsquo;un soulagement naturel et revitalisant.<strong>Pr\u00e9cautions<\/strong> : Ne pas utiliser pure sur la peau. Tenir hors de port\u00e9e des enfants. D\u00e9conseill\u00e9 aux femmes enceintes et aux jeunes enfants.\n<p>Faites confiance \u00e0 <strong>Bio Paradis<\/strong> pour une huile essentielle de haute qualit\u00e9, respectueuse de votre bien-\u00eatre et de l\u2019environnement.<\/p>\n<p>Les produits de Bioparadis sont des produits de qualit\u00e9. Nous proposons une large gamme de produits naturels et bio, des huiles essentielles, des huiles v\u00e9g\u00e9tales, miel et ses d\u00e9riv\u00e9s.<\/li>\n<\/ul>","protected":false},"excerpt":{"rendered":"<p><strong>100% pure et biologique :<\/strong> Huile essentielle de menthe, biologique et extraite par distillation \u00e0 la vapeur des feuilles, garantissant une concentration \u00e9lev\u00e9e en principes actifs.<\/p>\n<p><strong>Propri\u00e9t\u00e9s rafra\u00eechissantes et revitalisantes :<\/strong> Offre un effet \u00e9nergisant, am\u00e9liore la concentration et la clart\u00e9 mentale, tout en apportant une sensation de fra\u00eecheur imm\u00e9diate.<\/p>\n<p><strong>Effet apaisant pour les maux de t\u00eate et les douleurs musculaires<\/strong> : Efficace pour soulager les tensions et les douleurs, en particulier lorsqu&rsquo;elle est utilis\u00e9e en massage.<\/p>\n<p><strong>Multi-usages<\/strong> : Id\u00e9ale pour l\u2019aromath\u00e9rapie, les massages, les inhalations ou en diffusion pour cr\u00e9er une atmosph\u00e8re rafra\u00eechissante et revitalisante.<\/p>","protected":false},"featured_media":7710,"comment_status":"closed","ping_status":"closed","template":"","meta":[],"product_brand":[],"product_cat":[52],"product_tag":[],"class_list":{"0":"post-2145","1":"product","2":"type-product","3":"status-publish","4":"has-post-thumbnail","6":"product_cat-huile-essentielle","8":"first","9":"instock","10":"taxable","11":"shipping-taxable","12":"purchasable","13":"product-type-simple"},"_links":{"self":[{"href":"https:\/\/bioparadis.com\/ar\/wp-json\/wp\/v2\/product\/2145","targetHints":{"allow":["GET"]}}],"collection":[{"href":"https:\/\/bioparadis.com\/ar\/wp-json\/wp\/v2\/product"}],"about":[{"href":"https:\/\/bioparadis.com\/ar\/wp-json\/wp\/v2\/types\/product"}],"replies":[{"embeddable":true,"href":"https:\/\/bioparadis.com\/ar\/wp-json\/wp\/v2\/comments?post=2145"}],"wp:featuredmedia":[{"embeddable":true,"href":"https:\/\/bioparadis.com\/ar\/wp-json\/wp\/v2\/media\/7710"}],"wp:attachment":[{"href":"https:\/\/bioparadis.com\/ar\/wp-json\/wp\/v2\/media?parent=2145"}],"wp:term":[{"taxonomy":"product_brand","embeddable":true,"href":"https:\/\/bioparadis.com\/ar\/wp-json\/wp\/v2\/product_brand?post=2145"},{"taxonomy":"product_cat","embeddable":true,"href":"https:\/\/bioparadis.com\/ar\/wp-json\/wp\/v2\/product_cat?post=2145"},{"taxonomy":"product_tag","embeddable":true,"href":"https:\/\/bioparadis.com\/ar\/wp-json\/wp\/v2\/product_tag?post=2145"}],"curies":[{"name":"wp","href":"https:\/\/api.w.org\/{rel}","templated":true}]}}