{"id":2144,"date":"2024-09-27T08:59:06","date_gmt":"2024-09-27T08:59:06","guid":{"rendered":"http:\/\/bioparadis.com\/?post_type=product&#038;p=2144"},"modified":"2025-11-22T10:17:01","modified_gmt":"2025-11-22T10:17:01","slug":"huile-essentielle-de-cannelle","status":"publish","type":"product","link":"https:\/\/bioparadis.com\/ar\/huile-essentielle-de-cannelle\/","title":{"rendered":"Huile Essentielle de Cannelle"},"content":{"rendered":"<p>D\u00e9couvrez l\u2019huile essentielle de cannelle Bio Paradis, un concentr\u00e9 de puissance et de chaleur extrait de l&rsquo;\u00e9corce de Cinnamomum zeylanicum, r\u00e9put\u00e9 pour ses vertus exceptionnelles. 100% pure et biologique, cette huile est obtenue par distillation \u00e0 la vapeur, pr\u00e9servant ses propri\u00e9t\u00e9s actives et garantissant une efficacit\u00e9 optimale.<\/p>\n<p>Id\u00e9ale pour l\u2019aromath\u00e9rapie, l\u2019huile essentielle de cannelle Bio Paradis offre une chaleur r\u00e9confortante, revitalisant le corps et stimulant la circulation sanguine, ce qui en fait une alli\u00e9e parfaite pour les journ\u00e9es froides et les moments de fatigue. Ses propri\u00e9t\u00e9s antibact\u00e9riennes et antifongiques puissantes en font \u00e9galement une excellente solution pour purifier l\u2019air et soutenir le syst\u00e8me immunitaire.<\/p>","protected":false},"excerpt":{"rendered":"<p>100% pure et biologique : Huile essentielle de cannelle , biologique, obtenue par distillation \u00e0 la vapeur de l&rsquo;\u00e9corce pour garantir une concentration maximale en principes actifs.<\/p>\n<p>Propri\u00e9t\u00e9s stimulantes et r\u00e9chauffantes : Favorise la circulation sanguine et aide \u00e0 revitaliser en cas de fatigue, offrant une sensation de chaleur r\u00e9confortante.<\/p>\n<p>Effet antibact\u00e9rien et antifongique puissant : Id\u00e9ale pour assainir l&rsquo;air, renforcer le syst\u00e8me immunitaire et lutter contre les infections.<\/p>\n<p>Multi-usages : Parfaite pour l\u2019aromath\u00e9rapie, les massages, ou en diffusion pour une atmosph\u00e8re purifi\u00e9e et \u00e9pic\u00e9e.<\/p>","protected":false},"featured_media":7711,"comment_status":"closed","ping_status":"closed","template":"","meta":[],"product_brand":[],"product_cat":[52],"product_tag":[],"class_list":{"0":"post-2144","1":"product","2":"type-product","3":"status-publish","4":"has-post-thumbnail","6":"product_cat-huile-essentielle","8":"first","9":"instock","10":"taxable","11":"shipping-taxable","12":"purchasable","13":"product-type-simple"},"_links":{"self":[{"href":"https:\/\/bioparadis.com\/ar\/wp-json\/wp\/v2\/product\/2144","targetHints":{"allow":["GET"]}}],"collection":[{"href":"https:\/\/bioparadis.com\/ar\/wp-json\/wp\/v2\/product"}],"about":[{"href":"https:\/\/bioparadis.com\/ar\/wp-json\/wp\/v2\/types\/product"}],"replies":[{"embeddable":true,"href":"https:\/\/bioparadis.com\/ar\/wp-json\/wp\/v2\/comments?post=2144"}],"wp:featuredmedia":[{"embeddable":true,"href":"https:\/\/bioparadis.com\/ar\/wp-json\/wp\/v2\/media\/7711"}],"wp:attachment":[{"href":"https:\/\/bioparadis.com\/ar\/wp-json\/wp\/v2\/media?parent=2144"}],"wp:term":[{"taxonomy":"product_brand","embeddable":true,"href":"https:\/\/bioparadis.com\/ar\/wp-json\/wp\/v2\/product_brand?post=2144"},{"taxonomy":"product_cat","embeddable":true,"href":"https:\/\/bioparadis.com\/ar\/wp-json\/wp\/v2\/product_cat?post=2144"},{"taxonomy":"product_tag","embeddable":true,"href":"https:\/\/bioparadis.com\/ar\/wp-json\/wp\/v2\/product_tag?post=2144"}],"curies":[{"name":"wp","href":"https:\/\/api.w.org\/{rel}","templated":true}]}}