{"id":2140,"date":"2024-09-27T08:59:03","date_gmt":"2024-09-27T08:59:03","guid":{"rendered":"http:\/\/bioparadis.com\/?post_type=product&#038;p=2140"},"modified":"2025-11-22T13:31:20","modified_gmt":"2025-11-22T13:31:20","slug":"huile-essentielle-de-menthe-poivree","status":"publish","type":"product","link":"https:\/\/bioparadis.com\/ar\/huile-essentielle-de-menthe-poivree\/","title":{"rendered":"Huile Essentielle de Menthe Poivr\u00e9e"},"content":{"rendered":"<p>D\u00e9couvrez l&rsquo;<strong>huile essentielle de menthe poivr\u00e9e Bio Paradis<\/strong>, une huile pr\u00e9cieuse aux multiples vertus th\u00e9rapeutiques. 100% pure et biologique, elle est extraite par distillation \u00e0 la vapeur des feuilles de Mentha piperita, garantissant ainsi une qualit\u00e9 exceptionnelle et une richesse en menthol et menthone.<\/p>\n<h3>Bienfaits et Propri\u00e9t\u00e9s<\/h3>\n<ul>\n<li><strong>Confort Digestif :<\/strong> L&rsquo;<strong>huile de menthe poivr\u00e9e<\/strong> est largement reconnue pour ses propri\u00e9t\u00e9s b\u00e9n\u00e9fiques sur la digestion. Elle aide \u00e0 apaiser les ballonnements, les naus\u00e9es et les d\u00e9sagr\u00e9ments gastriques apr\u00e8s un repas copieux.<\/li>\n<li><strong>Tonifiant Naturel :<\/strong> Connue pour ses effets revigorants, l\u2019<strong>huile de menthe poivr\u00e9e<\/strong> est id\u00e9ale pour combattre la fatigue mentale et physique, tout en stimulant la concentration.<\/li>\n<li><strong>Effet Rafra\u00eechissant :<\/strong> En aromath\u00e9rapie, l&rsquo;<strong>huile de menthe poivr\u00e9e<\/strong> purifie l&rsquo;air tout en apportant une sensation de fra\u00eecheur intense. En application sur la peau, elle soulage les tensions musculaires et les c\u00e9phal\u00e9es gr\u00e2ce \u00e0 son action apaisante.<\/li>\n<\/ul>\n<h3>Conseils d&rsquo;utilisation<\/h3>\n<ul>\n<li><strong>Inhalation :<\/strong> Utilisez l\u2019<strong>huile de menthe poivr\u00e9e<\/strong> dans un diffuseur pour cr\u00e9er une ambiance revitalisante et rafra\u00eechissante, parfaite pour am\u00e9liorer la concentration.<\/li>\n<li><strong>Application Locale :<\/strong> Diluez quelques gouttes d&rsquo;<strong>huile de menthe poivr\u00e9e<\/strong> dans une huile porteuse pour un massage cibl\u00e9, soulageant les muscles tendus ou les maux de t\u00eate.<\/li>\n<li><strong>Usage Digestif :<\/strong> Pour favoriser le confort digestif, vous pouvez ajouter quelques gouttes d\u2019<strong>huile de menthe poivr\u00e9e<\/strong> \u00e0 une infusion ou un verre d&rsquo;eau, en veillant \u00e0 respecter les doses recommand\u00e9es.<strong>Pr\u00e9cautions<\/strong> : Ne pas utiliser pure sur la peau. Tenir hors de port\u00e9e des enfants. D\u00e9conseill\u00e9 aux femmes enceintes et aux jeunes enfants.\n<p>Faites confiance \u00e0 <strong>Bio Paradis<\/strong> pour une huile essentielle de haute qualit\u00e9, respectueuse de votre bien-\u00eatre et de l\u2019environnement.<\/p>\n<p>Les produits de Bioparadis sont des produits de qualit\u00e9. Nous proposons une large gamme de produits naturels et bio, des huiles essentielles, des huiles v\u00e9g\u00e9tales, miel et ses d\u00e9riv\u00e9s.<\/li>\n<\/ul>","protected":false},"excerpt":{"rendered":"<p><strong>100% pure et biologique :<\/strong> Huile essentielle de menthe poivr\u00e9e , biologique et extraite par distillation \u00e0 la vapeur pour pr\u00e9server toutes ses propri\u00e9t\u00e9s.<\/p>\n<p><strong>Confort digestif et rafra\u00eechissant :<\/strong> Soulage les inconforts digestifs, les naus\u00e9es, et rafra\u00eechit l\u2019haleine, id\u00e9ale apr\u00e8s un repas copieux ou en cas de mal des transports.<\/p>\n<p><strong>Effet stimulant et tonifiant :<\/strong> Revitalise en cas de fatigue mentale et physique, am\u00e9liore la concentration et l&rsquo;\u00e9nergie tout au long de la journ\u00e9e.<\/p>\n<p><strong>Multi-usages :<\/strong> Parfaite pour l&rsquo;aromath\u00e9rapie, le soin de la peau, les massages musculaires, et m\u00eame pour rafra\u00eechir les espaces.<\/p>","protected":false},"featured_media":7715,"comment_status":"closed","ping_status":"closed","template":"","meta":[],"product_brand":[],"product_cat":[52],"product_tag":[],"class_list":{"0":"post-2140","1":"product","2":"type-product","3":"status-publish","4":"has-post-thumbnail","6":"product_cat-huile-essentielle","8":"first","9":"instock","10":"taxable","11":"shipping-taxable","12":"purchasable","13":"product-type-simple"},"_links":{"self":[{"href":"https:\/\/bioparadis.com\/ar\/wp-json\/wp\/v2\/product\/2140","targetHints":{"allow":["GET"]}}],"collection":[{"href":"https:\/\/bioparadis.com\/ar\/wp-json\/wp\/v2\/product"}],"about":[{"href":"https:\/\/bioparadis.com\/ar\/wp-json\/wp\/v2\/types\/product"}],"replies":[{"embeddable":true,"href":"https:\/\/bioparadis.com\/ar\/wp-json\/wp\/v2\/comments?post=2140"}],"wp:featuredmedia":[{"embeddable":true,"href":"https:\/\/bioparadis.com\/ar\/wp-json\/wp\/v2\/media\/7715"}],"wp:attachment":[{"href":"https:\/\/bioparadis.com\/ar\/wp-json\/wp\/v2\/media?parent=2140"}],"wp:term":[{"taxonomy":"product_brand","embeddable":true,"href":"https:\/\/bioparadis.com\/ar\/wp-json\/wp\/v2\/product_brand?post=2140"},{"taxonomy":"product_cat","embeddable":true,"href":"https:\/\/bioparadis.com\/ar\/wp-json\/wp\/v2\/product_cat?post=2140"},{"taxonomy":"product_tag","embeddable":true,"href":"https:\/\/bioparadis.com\/ar\/wp-json\/wp\/v2\/product_tag?post=2140"}],"curies":[{"name":"wp","href":"https:\/\/api.w.org\/{rel}","templated":true}]}}