{"id":2997,"date":"2024-10-18T13:48:06","date_gmt":"2024-10-18T13:48:06","guid":{"rendered":"https:\/\/bioparadis.com\/?page_id=2997"},"modified":"2024-10-18T21:33:40","modified_gmt":"2024-10-18T21:33:40","slug":"politique-de-livraison","status":"publish","type":"page","link":"https:\/\/bioparadis.com\/ar\/politique-de-livraison\/","title":{"rendered":"Politique de livraison"},"content":{"rendered":"<p style=\"text-align: left;\">Chez Bio Paradis, nous veillons \u00e0 ce que votre exp\u00e9rience d\u2019achat soit aussi fluide que possible, y compris en ce qui concerne la livraison de vos produits pr\u00e9f\u00e9r\u00e9s. Nos produits sont exp\u00e9di\u00e9s \u00e0 l\u2019adresse de livraison que vous aurez soigneusement indiqu\u00e9e lors du processus de commande.<\/p>\n<p style=\"text-align: left;\">Pendant cette \u00e9tape, Bio Paradis vous propose une s\u00e9lection de d\u00e9lais et de formules d\u2019exp\u00e9dition adapt\u00e9es \u00e0 vos besoins sp\u00e9cifiques. Nous offrons \u00e9galement la possibilit\u00e9 de<strong> livraison internationale via CATHEDIS<\/strong>, garantissant ainsi <strong>une livraison rapide et fiable<\/strong> de nos produits \u00e0 travers le monde. Vous pouvez facilement estimer vos frais de livraison en <strong>utilisant notre calculateur de frais de livraison disponible sur votre page panier.<\/strong><\/p>\n<p style=\"text-align: left;\"><strong>Les co\u00fbts d\u2019exp\u00e9dition sont calcul\u00e9s en fonction de la destination de livraison<\/strong>. Par exemple, pour les livraisons \u00e0 K\u00e9nitra, les frais s\u2019\u00e9l\u00e8vent \u00e0 20 dhs, tandis que pour les autres villes, ils sont de 40 dhs. Pour plus de d\u00e9tails sur les d\u00e9lais et les frais de livraison, vous pouvez consulter les informations d\u00e9taill\u00e9es sur notre site.<\/p>\n<p style=\"text-align: left;\">Nous nous engageons \u00e0 assurer une livraison rapide et efficace de vos commandes. En g\u00e9n\u00e9ral, la livraison prend entre 3 et 4 jours ouvr\u00e9s. Afin de garantir le respect de ce d\u00e9lai, nous vous invitons \u00e0 fournir des informations de livraison compl\u00e8tes, notamment votre adresse exacte .<\/p>\n<p style=\"text-align: left;\">Merci de votre confiance en Bio Paradis pour vos besoins en produits de beaut\u00e9 naturels et bio. Nous sommes l\u00e0 pour rendre votre exp\u00e9rience d\u2019achat aussi agr\u00e9able que possible, de la commande \u00e0 la livraison.<\/p>","protected":false},"excerpt":{"rendered":"<p>Chez Bio Paradis, nous veillons \u00e0 ce que votre exp\u00e9rience d\u2019achat soit aussi fluide que possible, y compris en ce qui concerne la livraison de vos produits pr\u00e9f\u00e9r\u00e9s. Nos produits sont exp\u00e9di\u00e9s \u00e0 l\u2019adresse de livraison que vous aurez soigneusement indiqu\u00e9e lors du processus de commande. Pendant cette \u00e9tape, Bio Paradis&hellip;<\/p>","protected":false},"author":1,"featured_media":0,"parent":0,"menu_order":0,"comment_status":"closed","ping_status":"closed","template":"","meta":{"footnotes":""},"class_list":["post-2997","page","type-page","status-publish","hentry"],"_links":{"self":[{"href":"https:\/\/bioparadis.com\/ar\/wp-json\/wp\/v2\/pages\/2997","targetHints":{"allow":["GET"]}}],"collection":[{"href":"https:\/\/bioparadis.com\/ar\/wp-json\/wp\/v2\/pages"}],"about":[{"href":"https:\/\/bioparadis.com\/ar\/wp-json\/wp\/v2\/types\/page"}],"author":[{"embeddable":true,"href":"https:\/\/bioparadis.com\/ar\/wp-json\/wp\/v2\/users\/1"}],"replies":[{"embeddable":true,"href":"https:\/\/bioparadis.com\/ar\/wp-json\/wp\/v2\/comments?post=2997"}],"version-history":[{"count":6,"href":"https:\/\/bioparadis.com\/ar\/wp-json\/wp\/v2\/pages\/2997\/revisions"}],"predecessor-version":[{"id":3010,"href":"https:\/\/bioparadis.com\/ar\/wp-json\/wp\/v2\/pages\/2997\/revisions\/3010"}],"wp:attachment":[{"href":"https:\/\/bioparadis.com\/ar\/wp-json\/wp\/v2\/media?parent=2997"}],"curies":[{"name":"wp","href":"https:\/\/api.w.org\/{rel}","templated":true}]}}