{"id":2986,"date":"2024-10-18T13:42:31","date_gmt":"2024-10-18T13:42:31","guid":{"rendered":"https:\/\/bioparadis.com\/?page_id=2986"},"modified":"2024-10-18T13:46:49","modified_gmt":"2024-10-18T13:46:49","slug":"politique-de-retour","status":"publish","type":"page","link":"https:\/\/bioparadis.com\/ar\/politique-de-retour\/","title":{"rendered":"Politique de retour"},"content":{"rendered":"<div data-elementor-type=\"wp-page\" data-elementor-id=\"2986\" class=\"elementor elementor-2986\">\n\t\t\t\t<div class=\"elementor-element elementor-element-31a0fbff e-flex e-con-boxed lakit-col-width-auto-no e-container e-root-container elementor-top-section e-con e-parent\" data-id=\"31a0fbff\" data-element_type=\"container\">\n\t\t\t\t\t<div class=\"e-con-inner\">\n\t\t\t\t<div class=\"elementor-element elementor-element-763d6524 elementor-widget elementor-widget-text-editor\" data-id=\"763d6524\" data-element_type=\"widget\" data-widget_type=\"text-editor.default\">\n\t\t\t\t<div class=\"elementor-widget-container\">\n\t\t\t\t\t\t\t\t\t<p>Chez \u00a0Bio Paradis, nous valorisons votre satisfaction et votre confiance, c\u2019est pourquoi nous nous conformons pleinement \u00e0 <strong>la loi sur la consommation en ligne<\/strong> et allons m\u00eame au-del\u00e0 pour garantir votre tranquillit\u00e9 d\u2019esprit. Conform\u00e9ment \u00e0 la loi consommation e-commerce, nous accordons \u00e0 nos clients un g\u00e9n\u00e9reux d\u00e9lai de r\u00e9tractation de 14 jours \u00e0 partir du jour suivant la r\u00e9ception de leur achat, sans avoir \u00e0 fournir de justification ni \u00e0 supporter de p\u00e9nalit\u00e9s financi\u00e8res.<\/p>\n<p>Nous comprenons que vos besoins et pr\u00e9f\u00e9rences peuvent \u00e9voluer, c\u2019est pourquoi nous vous offrons un d\u00e9lai prolong\u00e9 pour prendre votre d\u00e9cision en toute s\u00e9r\u00e9nit\u00e9. Si jamais vous d\u00e9cidez de retourner votre produit dans ce laps de temps, nous nous engageons \u00e0 vous rembourser int\u00e9gralement, incluant m\u00eame les frais de livraison, dans<strong> un d\u00e9lai de 14 jours<\/strong> \u00e0 compter de la r\u00e9ception de votre demande de r\u00e9tractation ,votre satisfaction est notre priorit\u00e9 absolue, c\u2019est pourquoi nous vous rappelons que pour b\u00e9n\u00e9ficier d\u2019un remboursement complet, le produit <strong>doit \u00eatre retourn\u00e9 dans son \u00e9tat d\u2019origine, intact et non utilis\u00e9.<\/strong><\/p>\n<p>Cette approche align\u00e9e sur la r\u00e9glementation et ax\u00e9e sur le client refl\u00e8te <strong>notre engagement<\/strong> envers une exp\u00e9rience d\u2019achat transparente et sans stress. Chez Bio paradis, nous mettons tout en \u0153uvre pour vous offrir<strong> la meilleure exp\u00e9rience possible<\/strong>, de la qualit\u00e9 de nos produits \u00e0 notre service client\u00e8le attentionn\u00e9, en passant par notre politique de retour g\u00e9n\u00e9reuse. Explorez notre s\u00e9lection de produits naturels et bio, incluant<strong> les huiles v\u00e9g\u00e9tales, les huiles essentielles, les poudres ayurv\u00e9diques et les savons noirs<\/strong>, d\u00e8s aujourd\u2019hui en toute confiance.<\/p>\n<p>\u00a0<\/p>\n<p>Bio Paradis<\/p>\t\t\t\t\t\t\t\t<\/div>\n\t\t\t\t<\/div>\n\t\t\t\t<div class=\"elementor-element elementor-element-0747a7a elementor-widget elementor-widget-spacer\" data-id=\"0747a7a\" data-element_type=\"widget\" data-widget_type=\"spacer.default\">\n\t\t\t\t<div class=\"elementor-widget-container\">\n\t\t\t\t\t\t\t<div class=\"elementor-spacer\">\n\t\t\t<div class=\"elementor-spacer-inner\"><\/div>\n\t\t<\/div>\n\t\t\t\t\t\t<\/div>\n\t\t\t\t<\/div>\n\t\t\t\t\t<\/div>\n\t\t\t\t<\/div>\n\t\t\t\t<\/div>","protected":false},"excerpt":{"rendered":"<p>Chez \u00a0Bio Paradis, nous valorisons votre satisfaction et votre confiance, c\u2019est pourquoi nous nous conformons pleinement \u00e0 la loi sur la consommation en ligne et allons m\u00eame au-del\u00e0 pour garantir votre tranquillit\u00e9 d\u2019esprit. Conform\u00e9ment \u00e0 la loi consommation e-commerce, nous accordons \u00e0 nos clients un g\u00e9n\u00e9reux d\u00e9lai de r\u00e9tractation de 14&hellip;<\/p>","protected":false},"author":1,"featured_media":0,"parent":0,"menu_order":0,"comment_status":"closed","ping_status":"closed","template":"","meta":{"footnotes":""},"class_list":["post-2986","page","type-page","status-publish","hentry"],"_links":{"self":[{"href":"https:\/\/bioparadis.com\/ar\/wp-json\/wp\/v2\/pages\/2986","targetHints":{"allow":["GET"]}}],"collection":[{"href":"https:\/\/bioparadis.com\/ar\/wp-json\/wp\/v2\/pages"}],"about":[{"href":"https:\/\/bioparadis.com\/ar\/wp-json\/wp\/v2\/types\/page"}],"author":[{"embeddable":true,"href":"https:\/\/bioparadis.com\/ar\/wp-json\/wp\/v2\/users\/1"}],"replies":[{"embeddable":true,"href":"https:\/\/bioparadis.com\/ar\/wp-json\/wp\/v2\/comments?post=2986"}],"version-history":[{"count":10,"href":"https:\/\/bioparadis.com\/ar\/wp-json\/wp\/v2\/pages\/2986\/revisions"}],"predecessor-version":[{"id":2996,"href":"https:\/\/bioparadis.com\/ar\/wp-json\/wp\/v2\/pages\/2986\/revisions\/2996"}],"wp:attachment":[{"href":"https:\/\/bioparadis.com\/ar\/wp-json\/wp\/v2\/media?parent=2986"}],"curies":[{"name":"wp","href":"https:\/\/api.w.org\/{rel}","templated":true}]}}